{"id":28652,"date":"2025-08-14T11:32:26","date_gmt":"2025-08-14T08:32:26","guid":{"rendered":"https:\/\/denizmtl.com\/mobilapp\/?post_type=product&#038;p=28652"},"modified":"2025-10-02T17:44:52","modified_gmt":"2025-10-02T14:44:52","slug":"insize-xrf-vf300-vakumlu-xrf-kaplama-kalinligi-olcum-cihazi-rohs-tehlikeli-madde-analizi","status":"publish","type":"product","link":"https:\/\/denizmtl.com\/mobilapp\/urunler\/insize-xrf-vf300-vakumlu-xrf-kaplama-kalinligi-olcum-cihazi-rohs-tehlikeli-madde-analizi\/","title":{"rendered":"Insize XRF-VF300 Vakumlu XRF Kaplama Kal\u0131nl\u0131\u011f\u0131 \u00d6l\u00e7\u00fcm Cihaz\u0131 (Rohs Tehlikeli Madde Analizi)"},"content":{"rendered":"","protected":false},"excerpt":{"rendered":"<ul>\n<li>DIN ISO 3497, DIN 50987 ve ASTM B568&#8217;e g\u00f6re<\/li>\n<li>RoHS analizi, elektrokaplama\/elektroforetik kaplama analizi i\u00e7in kullan\u0131l\u0131r<\/li>\n<li>Mikro odakl\u0131 X-\u0131\u015f\u0131n\u0131 jenerat\u00f6r\u00fc ve geli\u015fmi\u015f optik anahtarlama odaklama sistemi ile 0,2 mm\u00b2&#8217;lik minimum \u00f6l\u00e7\u00fcm alan\u0131<\/li>\n<li>Manuel yak\u0131nla\u015ft\u0131rma teknolojisi ile donat\u0131lm\u0131\u015f olup, 0 ila 30 mm derinlikteki d\u00fczensiz bile\u015fenlerin tahribats\u0131z testine olanak tan\u0131r<\/li>\n<li>23 kaplama katman\u0131n\u0131n, 24 eleman\u0131n e\u015f zamanl\u0131 analizi i\u00e7in temel EFP algoritmas\u0131<\/li>\n<li>Ak\u0131ll\u0131 vakum sistemiyle donat\u0131lm\u0131\u015f olup, hafif elementlerin kaplamalar\u0131 i\u00e7in analiz hassasiyetini art\u0131r\u0131r ve daha kararl\u0131 veriler elde edilmesini sa\u011flar<\/li>\n<li><a href=\"https:\/\/denizmtl.com\/wp-content\/uploads\/2025\/04\/XRF-VF300.pdf\"><strong>PDF i\u00e7in t\u0131klay\u0131n\u0131z.<\/strong><\/a><\/li>\n<\/ul>\n<p>&nbsp;<br \/>\n<a class=\"wp-iletim-button\" href=\"https:\/\/wa.me\/905422584189?text=Merhaba%2C%20https%3A%2F%2Fdenizmtl.com%2Fmobilapp%2Fwp-json%2Fwp%2Fv2%2Fproduct%2F28652%20sayfas%C4%B1ndaki%20%C3%BCr%C3%BCnle%20ilgili%20fiyat%20ve%20demo%20talep%20etmek%20istiyorum.\" target=\"_blank\" rel=\"noopener\" style=\"display:inline-block;padding:10px 16px;border-radius:6px;color:#fff;text-decoration:none;font-weight:600;background:#334862;\">F\u0130YAT VE DEMO TALEP ET<\/a>\n","protected":false},"author":1,"featured_media":28680,"comment_status":"open","ping_status":"closed","template":"","meta":[],"product_brand":[],"product_cat":[100],"product_tag":[],"class_list":{"0":"post-28652","1":"product","2":"type-product","3":"status-publish","4":"has-post-thumbnail","6":"product_cat-test-cihazlari","8":"first","9":"instock","10":"shipping-taxable","11":"product-type-simple"},"_links":{"self":[{"href":"https:\/\/denizmtl.com\/mobilapp\/wp-json\/wp\/v2\/product\/28652","targetHints":{"allow":["GET"]}}],"collection":[{"href":"https:\/\/denizmtl.com\/mobilapp\/wp-json\/wp\/v2\/product"}],"about":[{"href":"https:\/\/denizmtl.com\/mobilapp\/wp-json\/wp\/v2\/types\/product"}],"author":[{"embeddable":true,"href":"https:\/\/denizmtl.com\/mobilapp\/wp-json\/wp\/v2\/users\/1"}],"replies":[{"embeddable":true,"href":"https:\/\/denizmtl.com\/mobilapp\/wp-json\/wp\/v2\/comments?post=28652"}],"wp:featuredmedia":[{"embeddable":true,"href":"https:\/\/denizmtl.com\/mobilapp\/wp-json\/wp\/v2\/media\/28680"}],"wp:attachment":[{"href":"https:\/\/denizmtl.com\/mobilapp\/wp-json\/wp\/v2\/media?parent=28652"}],"wp:term":[{"taxonomy":"product_brand","embeddable":true,"href":"https:\/\/denizmtl.com\/mobilapp\/wp-json\/wp\/v2\/product_brand?post=28652"},{"taxonomy":"product_cat","embeddable":true,"href":"https:\/\/denizmtl.com\/mobilapp\/wp-json\/wp\/v2\/product_cat?post=28652"},{"taxonomy":"product_tag","embeddable":true,"href":"https:\/\/denizmtl.com\/mobilapp\/wp-json\/wp\/v2\/product_tag?post=28652"}],"curies":[{"name":"wp","href":"https:\/\/api.w.org\/{rel}","templated":true}]}}