{"id":28648,"date":"2025-08-14T11:32:25","date_gmt":"2025-08-14T08:32:25","guid":{"rendered":"https:\/\/denizmtl.com\/mobilapp\/?post_type=product&#038;p=28648"},"modified":"2025-10-02T17:44:52","modified_gmt":"2025-10-02T14:44:52","slug":"insize-psc-bx200-portatif-dijital-yag-parcacigi-sayici-basit-tip","status":"publish","type":"product","link":"https:\/\/denizmtl.com\/mobilapp\/urunler\/insize-psc-bx200-portatif-dijital-yag-parcacigi-sayici-basit-tip\/","title":{"rendered":"Insize PSC-BX200 Portatif Dijital Ya\u011f Par\u00e7ac\u0131\u011f\u0131 Say\u0131c\u0131 (Basit Tip)"},"content":{"rendered":"","protected":false},"excerpt":{"rendered":"<ul>\n<li>Y\u00fcksek hassasiyetli lazer sens\u00f6rleri, k\u00fc\u00e7\u00fck boyut, y\u00fcksek do\u011fruluk ve istikrarl\u0131 performans<\/li>\n<li>Ta\u015f\u0131nabilir ve laboratuvar veya yerinde test i\u00e7in uygundur<\/li>\n<li>Dahili veri analiz sistemi ile her kanal\u0131n par\u00e7ac\u0131k boyutu verilerini g\u00f6r\u00fcnt\u00fcleyebilir, numune derecesini otomatik olarak de\u011ferlendirebilir ve verileri yazd\u0131rabilirsiniz.<\/li>\n<li>SEA4059, ISO4402, GB\/T18854 gibi standartlara g\u00f6re kalibre edilebilen dahili kalibrasyon fonksiyonu.<\/li>\n<li>Parametreler de\u011fi\u015ftirilebilir, ultra b\u00fcy\u00fck depolama<\/li>\n<li>Kolay kullan\u0131m ve bak\u0131m i\u00e7in hacimsel y\u0131kama ve s\u00fcresel y\u0131kama modlar\u0131<\/li>\n<li><a href=\"https:\/\/denizmtl.com\/wp-content\/uploads\/2025\/04\/PSC-BX200.pdf\"><strong>PDF i\u00e7in t\u0131klay\u0131n\u0131z.<\/strong><\/a><\/li>\n<\/ul>\n<p>&nbsp;<br \/>\n<a class=\"wp-iletim-button\" href=\"https:\/\/wa.me\/905422584189?text=Merhaba%2C%20https%3A%2F%2Fdenizmtl.com%2Fmobilapp%2Fwp-json%2Fwp%2Fv2%2Fproduct%2F28648%20sayfas%C4%B1ndaki%20%C3%BCr%C3%BCnle%20ilgili%20fiyat%20ve%20demo%20talep%20etmek%20istiyorum.\" target=\"_blank\" rel=\"noopener\" style=\"display:inline-block;padding:10px 16px;border-radius:6px;color:#fff;text-decoration:none;font-weight:600;background:#334862;\">F\u0130YAT VE DEMO TALEP ET<\/a>\n","protected":false},"author":1,"featured_media":28676,"comment_status":"open","ping_status":"closed","template":"","meta":[],"product_brand":[],"product_cat":[100],"product_tag":[],"class_list":{"0":"post-28648","1":"product","2":"type-product","3":"status-publish","4":"has-post-thumbnail","6":"product_cat-test-cihazlari","8":"first","9":"instock","10":"shipping-taxable","11":"product-type-simple"},"_links":{"self":[{"href":"https:\/\/denizmtl.com\/mobilapp\/wp-json\/wp\/v2\/product\/28648","targetHints":{"allow":["GET"]}}],"collection":[{"href":"https:\/\/denizmtl.com\/mobilapp\/wp-json\/wp\/v2\/product"}],"about":[{"href":"https:\/\/denizmtl.com\/mobilapp\/wp-json\/wp\/v2\/types\/product"}],"author":[{"embeddable":true,"href":"https:\/\/denizmtl.com\/mobilapp\/wp-json\/wp\/v2\/users\/1"}],"replies":[{"embeddable":true,"href":"https:\/\/denizmtl.com\/mobilapp\/wp-json\/wp\/v2\/comments?post=28648"}],"wp:featuredmedia":[{"embeddable":true,"href":"https:\/\/denizmtl.com\/mobilapp\/wp-json\/wp\/v2\/media\/28676"}],"wp:attachment":[{"href":"https:\/\/denizmtl.com\/mobilapp\/wp-json\/wp\/v2\/media?parent=28648"}],"wp:term":[{"taxonomy":"product_brand","embeddable":true,"href":"https:\/\/denizmtl.com\/mobilapp\/wp-json\/wp\/v2\/product_brand?post=28648"},{"taxonomy":"product_cat","embeddable":true,"href":"https:\/\/denizmtl.com\/mobilapp\/wp-json\/wp\/v2\/product_cat?post=28648"},{"taxonomy":"product_tag","embeddable":true,"href":"https:\/\/denizmtl.com\/mobilapp\/wp-json\/wp\/v2\/product_tag?post=28648"}],"curies":[{"name":"wp","href":"https:\/\/api.w.org\/{rel}","templated":true}]}}