{"id":28647,"date":"2025-08-14T11:32:25","date_gmt":"2025-08-14T08:32:25","guid":{"rendered":"https:\/\/denizmtl.com\/mobilapp\/?post_type=product&#038;p=28647"},"modified":"2025-08-14T11:32:35","modified_gmt":"2025-08-14T08:32:35","slug":"insize-psc-bx300-portatif-dijital-yag-parcacigi-sayici-standart-tip","status":"publish","type":"product","link":"https:\/\/denizmtl.com\/mobilapp\/urunler\/insize-psc-bx300-portatif-dijital-yag-parcacigi-sayici-standart-tip\/","title":{"rendered":"Insize PSC-BX300 Portatif Dijital Ya\u011f Par\u00e7ac\u0131\u011f\u0131 Say\u0131c\u0131 (Standart Tip)"},"content":{"rendered":"","protected":false},"excerpt":{"rendered":"<ul>\n<li>Y\u00fcksek hassasiyetli lazer sens\u00f6rleri, k\u00fc\u00e7\u00fck boyut, y\u00fcksek do\u011fruluk ve istikrarl\u0131 performans<\/li>\n<li>Ta\u015f\u0131nabilir ve laboratuvar veya yerinde test i\u00e7in uygundur<\/li>\n<li>Dahili veri analiz sistemi ile her kanal\u0131n par\u00e7ac\u0131k boyutu verilerini g\u00f6r\u00fcnt\u00fcleyebilir, numune derecesini otomatik olarak de\u011ferlendirebilir ve verileri yazd\u0131rabilirsiniz.<\/li>\n<li>SEA4059, ISO4402, GB\/T18854 gibi standartlara g\u00f6re kalibre edilebilen dahili kalibrasyon fonksiyonu.<\/li>\n<li>Dahili mikro su sens\u00f6r\u00fc ve s\u0131cakl\u0131k sens\u00f6r\u00fc<\/li>\n<li>Parametreler de\u011fi\u015ftirilebilir, ultra b\u00fcy\u00fck depolama<\/li>\n<li>Kolay kullan\u0131m ve bak\u0131m i\u00e7in hacimsel y\u0131kama ve s\u00fcresel y\u0131kama modlar\u0131<\/li>\n<li><a href=\"https:\/\/denizmtl.com\/wp-content\/uploads\/2025\/04\/PSC-BX300.pdf\"><strong>PDF i\u00e7in t\u0131klay\u0131n\u0131z.<\/strong><\/a><\/li>\n<\/ul>\n","protected":false},"author":1,"featured_media":28675,"comment_status":"open","ping_status":"closed","template":"","meta":[],"product_brand":[],"product_cat":[28],"product_tag":[],"class_list":{"0":"post-28647","1":"product","2":"type-product","3":"status-publish","4":"has-post-thumbnail","6":"product_cat-diger-olcu-aletleri","8":"first","9":"instock","10":"shipping-taxable","11":"product-type-simple"},"_links":{"self":[{"href":"https:\/\/denizmtl.com\/mobilapp\/wp-json\/wp\/v2\/product\/28647","targetHints":{"allow":["GET"]}}],"collection":[{"href":"https:\/\/denizmtl.com\/mobilapp\/wp-json\/wp\/v2\/product"}],"about":[{"href":"https:\/\/denizmtl.com\/mobilapp\/wp-json\/wp\/v2\/types\/product"}],"author":[{"embeddable":true,"href":"https:\/\/denizmtl.com\/mobilapp\/wp-json\/wp\/v2\/users\/1"}],"replies":[{"embeddable":true,"href":"https:\/\/denizmtl.com\/mobilapp\/wp-json\/wp\/v2\/comments?post=28647"}],"wp:featuredmedia":[{"embeddable":true,"href":"https:\/\/denizmtl.com\/mobilapp\/wp-json\/wp\/v2\/media\/28675"}],"wp:attachment":[{"href":"https:\/\/denizmtl.com\/mobilapp\/wp-json\/wp\/v2\/media?parent=28647"}],"wp:term":[{"taxonomy":"product_brand","embeddable":true,"href":"https:\/\/denizmtl.com\/mobilapp\/wp-json\/wp\/v2\/product_brand?post=28647"},{"taxonomy":"product_cat","embeddable":true,"href":"https:\/\/denizmtl.com\/mobilapp\/wp-json\/wp\/v2\/product_cat?post=28647"},{"taxonomy":"product_tag","embeddable":true,"href":"https:\/\/denizmtl.com\/mobilapp\/wp-json\/wp\/v2\/product_tag?post=28647"}],"curies":[{"name":"wp","href":"https:\/\/api.w.org\/{rel}","templated":true}]}}