{"id":28646,"date":"2025-08-14T11:32:25","date_gmt":"2025-08-14T08:32:25","guid":{"rendered":"https:\/\/denizmtl.com\/mobilapp\/?post_type=product&#038;p=28646"},"modified":"2025-10-02T17:44:52","modified_gmt":"2025-10-02T14:44:52","slug":"insize-ufd-cw-ultrasonik-su-daldirmali-algilama-sistemi","status":"publish","type":"product","link":"https:\/\/denizmtl.com\/mobilapp\/urunler\/insize-ufd-cw-ultrasonik-su-daldirmali-algilama-sistemi\/","title":{"rendered":"Insize UFD-CW Ultrasonik Su Dald\u0131rmal\u0131 Alg\u0131lama Sistemi"},"content":{"rendered":"","protected":false},"excerpt":{"rendered":"<ul>\n<li>Metal ve kompozit par\u00e7alardaki kapan\u0131mlar\u0131n, \u00e7atlaklar\u0131n, g\u00f6zeneklili\u011fin, delaminasyonun ve di\u011fer kusurlar\u0131n otomatik olarak taranmas\u0131 i\u00e7in uygundur<\/li>\n<li>PCIE mimarisine dayal\u0131 y\u00fcksek h\u0131zl\u0131 ultrasonik edinim mod\u00fcl\u00fc<\/li>\n<li>Son derece entegre ultrasonik A, B, C hepsi bir arada tarama yaz\u0131l\u0131m\u0131, t\u00fcm i\u015flevler tek bir aray\u00fczde \u00e7al\u0131\u015f\u0131r, kullan\u0131m\u0131 kolayd\u0131r<\/li>\n<li>Kusurlar\u0131n otomatik lokalizasyonu, nicelenmesi ve istatistiksel hesaplanmas\u0131<\/li>\n<li>Duvar kal\u0131nl\u0131\u011f\u0131na otomatik olarak uyarlanan her e\u015fik, konum de\u011fi\u015ftik\u00e7e e\u015fi\u011fin geni\u015fli\u011fini, y\u00fcksekli\u011fini ve di\u011fer parametrelerini otomatik olarak ayarlayan Ak\u0131ll\u0131 bir e\u015fik olarak ayarlanabilir. Parametreler konumsal de\u011fi\u015fikliklerle birlikte, de\u011fi\u015fken kesit kal\u0131nl\u0131\u011f\u0131na sahip bir i\u015f par\u00e7as\u0131n\u0131n tek bir taramas\u0131 ger\u00e7ekle\u015ftirilebilir.<\/li>\n<li>G\u00fc\u00e7l\u00fc yaz\u0131l\u0131m ve ak\u0131ll\u0131 algoritmalar, otomatik olarak istatistik hatalar\u0131<\/li>\n<li><a href=\"https:\/\/denizmtl.com\/wp-content\/uploads\/2025\/04\/UFD-CW.pdf\"><strong>PDF i\u00e7in t\u0131klay\u0131n\u0131z.<\/strong><\/a><\/li>\n<\/ul>\n<p>&nbsp;<br \/>\n<a class=\"wp-iletim-button\" href=\"https:\/\/wa.me\/905422584189?text=Merhaba%2C%20https%3A%2F%2Fdenizmtl.com%2Fmobilapp%2Fwp-json%2Fwp%2Fv2%2Fproduct%2F28646%20sayfas%C4%B1ndaki%20%C3%BCr%C3%BCnle%20ilgili%20fiyat%20ve%20demo%20talep%20etmek%20istiyorum.\" target=\"_blank\" rel=\"noopener\" style=\"display:inline-block;padding:10px 16px;border-radius:6px;color:#fff;text-decoration:none;font-weight:600;background:#334862;\">F\u0130YAT VE DEMO TALEP ET<\/a>\n","protected":false},"author":1,"featured_media":28674,"comment_status":"open","ping_status":"closed","template":"","meta":[],"product_brand":[],"product_cat":[100],"product_tag":[],"class_list":{"0":"post-28646","1":"product","2":"type-product","3":"status-publish","4":"has-post-thumbnail","6":"product_cat-test-cihazlari","8":"first","9":"instock","10":"shipping-taxable","11":"product-type-simple"},"_links":{"self":[{"href":"https:\/\/denizmtl.com\/mobilapp\/wp-json\/wp\/v2\/product\/28646","targetHints":{"allow":["GET"]}}],"collection":[{"href":"https:\/\/denizmtl.com\/mobilapp\/wp-json\/wp\/v2\/product"}],"about":[{"href":"https:\/\/denizmtl.com\/mobilapp\/wp-json\/wp\/v2\/types\/product"}],"author":[{"embeddable":true,"href":"https:\/\/denizmtl.com\/mobilapp\/wp-json\/wp\/v2\/users\/1"}],"replies":[{"embeddable":true,"href":"https:\/\/denizmtl.com\/mobilapp\/wp-json\/wp\/v2\/comments?post=28646"}],"wp:featuredmedia":[{"embeddable":true,"href":"https:\/\/denizmtl.com\/mobilapp\/wp-json\/wp\/v2\/media\/28674"}],"wp:attachment":[{"href":"https:\/\/denizmtl.com\/mobilapp\/wp-json\/wp\/v2\/media?parent=28646"}],"wp:term":[{"taxonomy":"product_brand","embeddable":true,"href":"https:\/\/denizmtl.com\/mobilapp\/wp-json\/wp\/v2\/product_brand?post=28646"},{"taxonomy":"product_cat","embeddable":true,"href":"https:\/\/denizmtl.com\/mobilapp\/wp-json\/wp\/v2\/product_cat?post=28646"},{"taxonomy":"product_tag","embeddable":true,"href":"https:\/\/denizmtl.com\/mobilapp\/wp-json\/wp\/v2\/product_tag?post=28646"}],"curies":[{"name":"wp","href":"https:\/\/api.w.org\/{rel}","templated":true}]}}