{"id":28643,"date":"2025-08-14T11:32:24","date_gmt":"2025-08-14T08:32:24","guid":{"rendered":"https:\/\/denizmtl.com\/mobilapp\/?post_type=product&#038;p=28643"},"modified":"2025-08-14T11:32:33","modified_gmt":"2025-08-14T08:32:33","slug":"insize-psc-tx100-yag-parcacigi-sayaci-standart-tip","status":"publish","type":"product","link":"https:\/\/denizmtl.com\/mobilapp\/urunler\/insize-psc-tx100-yag-parcacigi-sayaci-standart-tip\/","title":{"rendered":"Insize PSC-TX100 Ya\u011f Par\u00e7ac\u0131\u011f\u0131 Sayac\u0131 (Standart Tip)"},"content":{"rendered":"","protected":false},"excerpt":{"rendered":"<ul>\n<li>ISO4406, NAS1638, SEA4059F, SAE749D, SAE4059\u0441\u0440\u0441, \u0413\u041e\u0421\u042217216, QC\/T29104, GJB420A, GJB420B standartlar\u0131na g\u00f6re \u00fcretilmi\u015ftir<\/li>\n<li>Y\u00fcksek hassasiyetli lazer sens\u00f6rler, geni\u015f \u00f6l\u00e7\u00fcm aral\u0131\u011f\u0131, istikrarl\u0131 performans, y\u00fcksek \u00e7\u00f6z\u00fcn\u00fcrl\u00fck<\/li>\n<li>Test aral\u0131\u011f\u0131 serbest\u00e7e ayarlanabilir<\/li>\n<li>Dahili veri analiz sistemi, her kanal\u0131n par\u00e7ac\u0131k boyutu verilerini g\u00f6r\u00fcnt\u00fcleyebilir, numune derecesini otomatik olarak de\u011ferlendirebilir ve verileri yazd\u0131rabilir<\/li>\n<li>Parametreler de\u011fi\u015ftirilebilir, ultra b\u00fcy\u00fck depolama<\/li>\n<li>Kolay kullan\u0131m ve bak\u0131m i\u00e7in hacimsel y\u0131kama ve s\u00fcresel y\u0131kama modlar\u0131<\/li>\n<li>S\u0131cakl\u0131k, su aktivitesi ve su i\u00e7eri\u011fi sens\u00f6rleri se\u00e7ilebilir<\/li>\n<li>Manuel, otomatik ve yar\u0131m say\u0131m kalibrasyonlar\u0131n\u0131 i\u00e7erir<\/li>\n<li>Her hesap i\u00e7in ayr\u0131 izinlerle 5 hesap ayar\u0131<\/li>\n<li><a href=\"https:\/\/denizmtl.com\/wp-content\/uploads\/2025\/04\/PSC-TX100.pdf\"><strong>PDF i\u00e7in t\u0131klay\u0131n\u0131z.<\/strong><\/a><\/li>\n<\/ul>\n","protected":false},"author":1,"featured_media":28672,"comment_status":"open","ping_status":"closed","template":"","meta":[],"product_brand":[],"product_cat":[28],"product_tag":[],"class_list":{"0":"post-28643","1":"product","2":"type-product","3":"status-publish","4":"has-post-thumbnail","6":"product_cat-diger-olcu-aletleri","8":"first","9":"instock","10":"shipping-taxable","11":"product-type-simple"},"_links":{"self":[{"href":"https:\/\/denizmtl.com\/mobilapp\/wp-json\/wp\/v2\/product\/28643","targetHints":{"allow":["GET"]}}],"collection":[{"href":"https:\/\/denizmtl.com\/mobilapp\/wp-json\/wp\/v2\/product"}],"about":[{"href":"https:\/\/denizmtl.com\/mobilapp\/wp-json\/wp\/v2\/types\/product"}],"author":[{"embeddable":true,"href":"https:\/\/denizmtl.com\/mobilapp\/wp-json\/wp\/v2\/users\/1"}],"replies":[{"embeddable":true,"href":"https:\/\/denizmtl.com\/mobilapp\/wp-json\/wp\/v2\/comments?post=28643"}],"wp:featuredmedia":[{"embeddable":true,"href":"https:\/\/denizmtl.com\/mobilapp\/wp-json\/wp\/v2\/media\/28672"}],"wp:attachment":[{"href":"https:\/\/denizmtl.com\/mobilapp\/wp-json\/wp\/v2\/media?parent=28643"}],"wp:term":[{"taxonomy":"product_brand","embeddable":true,"href":"https:\/\/denizmtl.com\/mobilapp\/wp-json\/wp\/v2\/product_brand?post=28643"},{"taxonomy":"product_cat","embeddable":true,"href":"https:\/\/denizmtl.com\/mobilapp\/wp-json\/wp\/v2\/product_cat?post=28643"},{"taxonomy":"product_tag","embeddable":true,"href":"https:\/\/denizmtl.com\/mobilapp\/wp-json\/wp\/v2\/product_tag?post=28643"}],"curies":[{"name":"wp","href":"https:\/\/api.w.org\/{rel}","templated":true}]}}