{"id":28642,"date":"2025-08-14T11:32:24","date_gmt":"2025-08-14T08:32:24","guid":{"rendered":"https:\/\/denizmtl.com\/mobilapp\/?post_type=product&#038;p=28642"},"modified":"2025-10-02T17:44:52","modified_gmt":"2025-10-02T14:44:52","slug":"insize-cms-l401-cift-eksenli-foto-elektrik-artikel-duzenleyici","status":"publish","type":"product","link":"https:\/\/denizmtl.com\/mobilapp\/urunler\/insize-cms-l401-cift-eksenli-foto-elektrik-artikel-duzenleyici\/","title":{"rendered":"Insize CMS-L401 \u00c7ift Eksenli Foto Elektrik Artikel D\u00fczenleyici"},"content":{"rendered":"","protected":false},"excerpt":{"rendered":"<ul>\n<li>\u00c7ift eksenli e\u015f zamanl\u0131 \u00f6l\u00e7\u00fcm, rahat ve verimli<\/li>\n<li>Elektronik mercek, d\u00fc\u015f\u00fck ni\u015fan alma hatas\u0131<\/li>\n<li>Y\u00fcksek \u00e7\u00f6z\u00fcn\u00fcrl\u00fckl\u00fc fotodedekt\u00f6r, y\u00fcksek \u00f6l\u00e7\u00fcm do\u011frulu\u011fu<\/li>\n<li>Yar\u0131 iletken LED \u0131\u015f\u0131k kayna\u011f\u0131, \u0131\u015f\u0131k kayna\u011f\u0131n\u0131n uzun hizmet \u00f6mr\u00fc<\/li>\n<li>Otomatik e\u011fri \u00e7izimi, otomatik hata hesaplamas\u0131<\/li>\n<li>\u00c7oklu veri i\u015fleme y\u00f6ntemleri, standart Excel raporlar\u0131 \u00fcretebilir<\/li>\n<li>Farkl\u0131 \u00f6l\u00e7\u00fcm ihtiya\u00e7lar\u0131 i\u00e7in farkl\u0131 aksesuarlar ve \u00f6l\u00e7\u00fcm yaz\u0131l\u0131m mod\u00fcllerinin se\u00e7imi<\/li>\n<li><a href=\"https:\/\/denizmtl.com\/wp-content\/uploads\/2025\/04\/CMS-L401-1.pdf\"><strong>PDF i\u00e7in t\u0131klay\u0131n\u0131z.<\/strong><\/a><\/li>\n<\/ul>\n<p>&nbsp;<br \/>\n<a class=\"wp-iletim-button\" href=\"https:\/\/wa.me\/905422584189?text=Merhaba%2C%20https%3A%2F%2Fdenizmtl.com%2Fmobilapp%2Fwp-json%2Fwp%2Fv2%2Fproduct%2F28642%20sayfas%C4%B1ndaki%20%C3%BCr%C3%BCnle%20ilgili%20fiyat%20ve%20demo%20talep%20etmek%20istiyorum.\" target=\"_blank\" rel=\"noopener\" style=\"display:inline-block;padding:10px 16px;border-radius:6px;color:#fff;text-decoration:none;font-weight:600;background:#334862;\">F\u0130YAT VE DEMO TALEP ET<\/a>\n","protected":false},"author":1,"featured_media":28671,"comment_status":"open","ping_status":"closed","template":"","meta":[],"product_brand":[],"product_cat":[18,100],"product_tag":[],"class_list":{"0":"post-28642","1":"product","2":"type-product","3":"status-publish","4":"has-post-thumbnail","6":"product_cat-insize","7":"product_cat-test-cihazlari","9":"first","10":"instock","11":"shipping-taxable","12":"product-type-simple"},"_links":{"self":[{"href":"https:\/\/denizmtl.com\/mobilapp\/wp-json\/wp\/v2\/product\/28642","targetHints":{"allow":["GET"]}}],"collection":[{"href":"https:\/\/denizmtl.com\/mobilapp\/wp-json\/wp\/v2\/product"}],"about":[{"href":"https:\/\/denizmtl.com\/mobilapp\/wp-json\/wp\/v2\/types\/product"}],"author":[{"embeddable":true,"href":"https:\/\/denizmtl.com\/mobilapp\/wp-json\/wp\/v2\/users\/1"}],"replies":[{"embeddable":true,"href":"https:\/\/denizmtl.com\/mobilapp\/wp-json\/wp\/v2\/comments?post=28642"}],"wp:featuredmedia":[{"embeddable":true,"href":"https:\/\/denizmtl.com\/mobilapp\/wp-json\/wp\/v2\/media\/28671"}],"wp:attachment":[{"href":"https:\/\/denizmtl.com\/mobilapp\/wp-json\/wp\/v2\/media?parent=28642"}],"wp:term":[{"taxonomy":"product_brand","embeddable":true,"href":"https:\/\/denizmtl.com\/mobilapp\/wp-json\/wp\/v2\/product_brand?post=28642"},{"taxonomy":"product_cat","embeddable":true,"href":"https:\/\/denizmtl.com\/mobilapp\/wp-json\/wp\/v2\/product_cat?post=28642"},{"taxonomy":"product_tag","embeddable":true,"href":"https:\/\/denizmtl.com\/mobilapp\/wp-json\/wp\/v2\/product_tag?post=28642"}],"curies":[{"name":"wp","href":"https:\/\/api.w.org\/{rel}","templated":true}]}}