{"id":28639,"date":"2025-08-14T11:32:23","date_gmt":"2025-08-14T08:32:23","guid":{"rendered":"https:\/\/denizmtl.com\/mobilapp\/?post_type=product&#038;p=28639"},"modified":"2025-08-14T11:32:32","modified_gmt":"2025-08-14T08:32:32","slug":"insize-stm-d-celik-cubuk-bukme-testi-makinesi","status":"publish","type":"product","link":"https:\/\/denizmtl.com\/mobilapp\/urunler\/insize-stm-d-celik-cubuk-bukme-testi-makinesi\/","title":{"rendered":"Insize STM-D \u00c7elik \u00c7ubuk B\u00fckme Testi Makinesi"},"content":{"rendered":"","protected":false},"excerpt":{"rendered":"<ul>\n<li>GB\/T 1499.2, GB\/T 28900, YB\/T 5126, ISO 10065&#8217;e g\u00f6re<\/li>\n<li>\u00c7elik \u00e7ubuklar\u0131n so\u011fuk b\u00fckme testi ve d\u00fcz b\u00fckme testi ger\u00e7ekle\u015ftirilebilir<br \/>\n<a href=\"https:\/\/denizmtl.com\/wp-content\/uploads\/2025\/04\/STM-D.pdf\"><strong>PDF i\u00e7in t\u0131klay\u0131n\u0131z.<\/strong><\/a><\/li>\n<\/ul>\n","protected":false},"author":1,"featured_media":28669,"comment_status":"open","ping_status":"closed","template":"","meta":[],"product_brand":[],"product_cat":[28],"product_tag":[],"class_list":{"0":"post-28639","1":"product","2":"type-product","3":"status-publish","4":"has-post-thumbnail","6":"product_cat-diger-olcu-aletleri","8":"first","9":"instock","10":"shipping-taxable","11":"product-type-simple"},"_links":{"self":[{"href":"https:\/\/denizmtl.com\/mobilapp\/wp-json\/wp\/v2\/product\/28639","targetHints":{"allow":["GET"]}}],"collection":[{"href":"https:\/\/denizmtl.com\/mobilapp\/wp-json\/wp\/v2\/product"}],"about":[{"href":"https:\/\/denizmtl.com\/mobilapp\/wp-json\/wp\/v2\/types\/product"}],"author":[{"embeddable":true,"href":"https:\/\/denizmtl.com\/mobilapp\/wp-json\/wp\/v2\/users\/1"}],"replies":[{"embeddable":true,"href":"https:\/\/denizmtl.com\/mobilapp\/wp-json\/wp\/v2\/comments?post=28639"}],"wp:featuredmedia":[{"embeddable":true,"href":"https:\/\/denizmtl.com\/mobilapp\/wp-json\/wp\/v2\/media\/28669"}],"wp:attachment":[{"href":"https:\/\/denizmtl.com\/mobilapp\/wp-json\/wp\/v2\/media?parent=28639"}],"wp:term":[{"taxonomy":"product_brand","embeddable":true,"href":"https:\/\/denizmtl.com\/mobilapp\/wp-json\/wp\/v2\/product_brand?post=28639"},{"taxonomy":"product_cat","embeddable":true,"href":"https:\/\/denizmtl.com\/mobilapp\/wp-json\/wp\/v2\/product_cat?post=28639"},{"taxonomy":"product_tag","embeddable":true,"href":"https:\/\/denizmtl.com\/mobilapp\/wp-json\/wp\/v2\/product_tag?post=28639"}],"curies":[{"name":"wp","href":"https:\/\/api.w.org\/{rel}","templated":true}]}}