{"id":28638,"date":"2025-08-14T11:32:23","date_gmt":"2025-08-14T08:32:23","guid":{"rendered":"https:\/\/denizmtl.com\/mobilapp\/?post_type=product&#038;p=28638"},"modified":"2025-08-14T11:32:31","modified_gmt":"2025-08-14T08:32:31","slug":"insize-itu-a102-is-parcasi-burulma-yorgunlugu-test-cihazi","status":"publish","type":"product","link":"https:\/\/denizmtl.com\/mobilapp\/urunler\/insize-itu-a102-is-parcasi-burulma-yorgunlugu-test-cihazi\/","title":{"rendered":"Insize ITU-A102 \u0130\u015f Par\u00e7as\u0131 Burulma Yorgunlu\u011fu Test Cihaz\u0131"},"content":{"rendered":"","protected":false},"excerpt":{"rendered":"<ul>\n<li>Ana \u00fcnite, m\u00fckemmel kontrol hassasiyeti ve d\u00fc\u015f\u00fck s\u00fcrt\u00fcnme direncine sahip servo motorla donat\u0131lm\u0131\u015ft\u0131r ve uzun s\u00fcre istikrarl\u0131 bir \u00e7al\u0131\u015fma sa\u011flar.<\/li>\n<li>Temass\u0131z dinamik tork sens\u00f6r\u00fc, s\u00fcrekli \u00e7al\u0131\u015fmay\u0131 garantilemek i\u00e7in mekanik a\u015f\u0131nma yok, birden fazla veri aktar\u0131m protokol\u00fcn\u00fc destekler ve h\u0131zl\u0131 ileti\u015fim h\u0131z\u0131<\/li>\n<li>Acil durdurma d\u00fc\u011fmesi, g\u00fcvenlik kapa\u011f\u0131 ve programlanm\u0131\u015f g\u00fcvenlik alarm\u0131 ile \u00fc\u00e7l\u00fc g\u00fcvenlik<\/li>\n<li><a href=\"https:\/\/denizmtl.com\/wp-content\/uploads\/2025\/04\/ITU.pdf\"><strong>PDF i\u00e7in t\u0131klay\u0131n\u0131z.<\/strong><\/a><\/li>\n<\/ul>\n","protected":false},"author":1,"featured_media":28668,"comment_status":"open","ping_status":"closed","template":"","meta":[],"product_brand":[],"product_cat":[28],"product_tag":[],"class_list":{"0":"post-28638","1":"product","2":"type-product","3":"status-publish","4":"has-post-thumbnail","6":"product_cat-diger-olcu-aletleri","8":"first","9":"instock","10":"shipping-taxable","11":"product-type-simple"},"_links":{"self":[{"href":"https:\/\/denizmtl.com\/mobilapp\/wp-json\/wp\/v2\/product\/28638","targetHints":{"allow":["GET"]}}],"collection":[{"href":"https:\/\/denizmtl.com\/mobilapp\/wp-json\/wp\/v2\/product"}],"about":[{"href":"https:\/\/denizmtl.com\/mobilapp\/wp-json\/wp\/v2\/types\/product"}],"author":[{"embeddable":true,"href":"https:\/\/denizmtl.com\/mobilapp\/wp-json\/wp\/v2\/users\/1"}],"replies":[{"embeddable":true,"href":"https:\/\/denizmtl.com\/mobilapp\/wp-json\/wp\/v2\/comments?post=28638"}],"wp:featuredmedia":[{"embeddable":true,"href":"https:\/\/denizmtl.com\/mobilapp\/wp-json\/wp\/v2\/media\/28668"}],"wp:attachment":[{"href":"https:\/\/denizmtl.com\/mobilapp\/wp-json\/wp\/v2\/media?parent=28638"}],"wp:term":[{"taxonomy":"product_brand","embeddable":true,"href":"https:\/\/denizmtl.com\/mobilapp\/wp-json\/wp\/v2\/product_brand?post=28638"},{"taxonomy":"product_cat","embeddable":true,"href":"https:\/\/denizmtl.com\/mobilapp\/wp-json\/wp\/v2\/product_cat?post=28638"},{"taxonomy":"product_tag","embeddable":true,"href":"https:\/\/denizmtl.com\/mobilapp\/wp-json\/wp\/v2\/product_tag?post=28638"}],"curies":[{"name":"wp","href":"https:\/\/api.w.org\/{rel}","templated":true}]}}