{"id":28604,"date":"2025-08-14T11:32:04","date_gmt":"2025-08-14T08:32:04","guid":{"rendered":"https:\/\/denizmtl.com\/mobilapp\/?post_type=product&#038;p=28604"},"modified":"2025-08-14T11:32:20","modified_gmt":"2025-08-14T08:32:20","slug":"insize-aas-r304-atomik-emilim-spektrometre-analiz-cihazi-basit-tip","status":"publish","type":"product","link":"https:\/\/denizmtl.com\/mobilapp\/urunler\/insize-aas-r304-atomik-emilim-spektrometre-analiz-cihazi-basit-tip\/","title":{"rendered":"Insize AAS-R304 Atomik emilim Spektrometre Analiz Cihaz\u0131 (Basit Tip)"},"content":{"rendered":"","protected":false},"excerpt":{"rendered":"<ul>\n<li>Metalurji, madencilik, petrol, hafif sanayi, tar\u0131m, t\u0131p, g\u0131da ve \u00e7evre izleme vb. alanlarda yayg\u0131n olarak kullan\u0131l\u0131r.<\/li>\n<li>Maj\u00f6r ve mikro eser elementlerin konsantrasyon analizi<\/li>\n<li>Hak y\u00f6netimi ve denetim izi i\u00e7in ak\u0131ll\u0131 yaz\u0131l\u0131mla donat\u0131lm\u0131\u015ft\u0131r<\/li>\n<li>\u00c7al\u0131\u015fma lambas\u0131n\u0131n, \u0131s\u0131nma lambas\u0131n\u0131n ve analiz ko\u015fulunun otomatik ayarlanmas\u0131<\/li>\n<li>Karma\u015f\u0131k numune i\u00e7in d\u00f6teryum arka plan \u00e7\u0131kar\u0131m\u0131na sahip sistem<\/li>\n<li>Koruma sistemi alevi, bas\u0131nc\u0131 ve asetilen s\u0131z\u0131nt\u0131s\u0131n\u0131 ger\u00e7ek zamanl\u0131 olarak izleyebilir.<\/li>\n<li><a href=\"https:\/\/denizmtl.com\/wp-content\/uploads\/2025\/04\/AAS-R304.pdf\"><strong>PDF i\u00e7in t\u0131klay\u0131n\u0131z.<\/strong><\/a><\/li>\n<\/ul>\n","protected":false},"author":1,"featured_media":28633,"comment_status":"open","ping_status":"closed","template":"","meta":[],"product_brand":[],"product_cat":[96],"product_tag":[],"class_list":{"0":"post-28604","1":"product","2":"type-product","3":"status-publish","4":"has-post-thumbnail","6":"product_cat-standart-olcu-aletleri","8":"first","9":"instock","10":"shipping-taxable","11":"product-type-simple"},"_links":{"self":[{"href":"https:\/\/denizmtl.com\/mobilapp\/wp-json\/wp\/v2\/product\/28604","targetHints":{"allow":["GET"]}}],"collection":[{"href":"https:\/\/denizmtl.com\/mobilapp\/wp-json\/wp\/v2\/product"}],"about":[{"href":"https:\/\/denizmtl.com\/mobilapp\/wp-json\/wp\/v2\/types\/product"}],"author":[{"embeddable":true,"href":"https:\/\/denizmtl.com\/mobilapp\/wp-json\/wp\/v2\/users\/1"}],"replies":[{"embeddable":true,"href":"https:\/\/denizmtl.com\/mobilapp\/wp-json\/wp\/v2\/comments?post=28604"}],"wp:featuredmedia":[{"embeddable":true,"href":"https:\/\/denizmtl.com\/mobilapp\/wp-json\/wp\/v2\/media\/28633"}],"wp:attachment":[{"href":"https:\/\/denizmtl.com\/mobilapp\/wp-json\/wp\/v2\/media?parent=28604"}],"wp:term":[{"taxonomy":"product_brand","embeddable":true,"href":"https:\/\/denizmtl.com\/mobilapp\/wp-json\/wp\/v2\/product_brand?post=28604"},{"taxonomy":"product_cat","embeddable":true,"href":"https:\/\/denizmtl.com\/mobilapp\/wp-json\/wp\/v2\/product_cat?post=28604"},{"taxonomy":"product_tag","embeddable":true,"href":"https:\/\/denizmtl.com\/mobilapp\/wp-json\/wp\/v2\/product_tag?post=28604"}],"curies":[{"name":"wp","href":"https:\/\/api.w.org\/{rel}","templated":true}]}}