{"id":28603,"date":"2025-08-14T11:32:03","date_gmt":"2025-08-14T08:32:03","guid":{"rendered":"https:\/\/denizmtl.com\/mobilapp\/?post_type=product&#038;p=28603"},"modified":"2025-08-14T11:32:19","modified_gmt":"2025-08-14T08:32:19","slug":"insize-5824-mercek-iletim-olcumu-cihazi","status":"publish","type":"product","link":"https:\/\/denizmtl.com\/mobilapp\/urunler\/insize-5824-mercek-iletim-olcumu-cihazi\/","title":{"rendered":"Insize 5824 Mercek \u0130letim \u00d6l\u00e7\u00fcm\u00fc Cihaz\u0131"},"content":{"rendered":"","protected":false},"excerpt":{"rendered":"<ul>\n<li>Cep telefonu lenslerindeki IR m\u00fcrekkep delikleri, uzaktan kumanda pencereleri, IR-CUT vb. gibi k\u0131z\u0131l\u00f6tesi ge\u00e7irgenli\u011fi \u00f6l\u00e7mek i\u00e7in kullan\u0131l\u0131r.<\/li>\n<li>G\u00f6r\u00fcn\u00fcr 550nm, k\u0131z\u0131l\u00f6tesi 850nm\/940nrn ge\u00e7irgenli\u011fini \u00f6l\u00e7er<\/li>\n<li>\u00dc\u00e7\u00fc bir arada optik yol ile ayn\u0131 anda \u00fc\u00e7 veriyi \u00f6l\u00e7ebilir<\/li>\n<li>Y\u00fcksek ve d\u00fc\u015f\u00fck limitler belirlendikten sonra otomatik karar verme<\/li>\n<li>Toplu test Excel raporlar\u0131n\u0131 d\u0131\u015fa aktarabilir<\/li>\n<li>Lens iletim \u00f6l\u00e7erin ger\u00e7ek zamanl\u0131 dinamik kendi kendini kalibre etmesi<\/li>\n<li><a href=\"https:\/\/denizmtl.com\/wp-content\/uploads\/2025\/04\/5824.pdf\"><strong>PDF i\u00e7in t\u0131klay\u0131n\u0131z.<\/strong><\/a><\/li>\n<\/ul>\n","protected":false},"author":1,"featured_media":28632,"comment_status":"open","ping_status":"closed","template":"","meta":[],"product_brand":[],"product_cat":[28],"product_tag":[],"class_list":{"0":"post-28603","1":"product","2":"type-product","3":"status-publish","4":"has-post-thumbnail","6":"product_cat-diger-olcu-aletleri","8":"first","9":"instock","10":"shipping-taxable","11":"product-type-simple"},"_links":{"self":[{"href":"https:\/\/denizmtl.com\/mobilapp\/wp-json\/wp\/v2\/product\/28603","targetHints":{"allow":["GET"]}}],"collection":[{"href":"https:\/\/denizmtl.com\/mobilapp\/wp-json\/wp\/v2\/product"}],"about":[{"href":"https:\/\/denizmtl.com\/mobilapp\/wp-json\/wp\/v2\/types\/product"}],"author":[{"embeddable":true,"href":"https:\/\/denizmtl.com\/mobilapp\/wp-json\/wp\/v2\/users\/1"}],"replies":[{"embeddable":true,"href":"https:\/\/denizmtl.com\/mobilapp\/wp-json\/wp\/v2\/comments?post=28603"}],"wp:featuredmedia":[{"embeddable":true,"href":"https:\/\/denizmtl.com\/mobilapp\/wp-json\/wp\/v2\/media\/28632"}],"wp:attachment":[{"href":"https:\/\/denizmtl.com\/mobilapp\/wp-json\/wp\/v2\/media?parent=28603"}],"wp:term":[{"taxonomy":"product_brand","embeddable":true,"href":"https:\/\/denizmtl.com\/mobilapp\/wp-json\/wp\/v2\/product_brand?post=28603"},{"taxonomy":"product_cat","embeddable":true,"href":"https:\/\/denizmtl.com\/mobilapp\/wp-json\/wp\/v2\/product_cat?post=28603"},{"taxonomy":"product_tag","embeddable":true,"href":"https:\/\/denizmtl.com\/mobilapp\/wp-json\/wp\/v2\/product_tag?post=28603"}],"curies":[{"name":"wp","href":"https:\/\/api.w.org\/{rel}","templated":true}]}}