{"id":28602,"date":"2025-08-14T11:32:03","date_gmt":"2025-08-14T08:32:03","guid":{"rendered":"https:\/\/denizmtl.com\/mobilapp\/?post_type=product&#038;p=28602"},"modified":"2025-08-14T11:32:19","modified_gmt":"2025-08-14T08:32:19","slug":"insize-psc-zx100-dijital-yag-parcacigi-sayici","status":"publish","type":"product","link":"https:\/\/denizmtl.com\/mobilapp\/urunler\/insize-psc-zx100-dijital-yag-parcacigi-sayici\/","title":{"rendered":"Insize PSC-ZX100 Dijital Ya\u011f Par\u00e7ac\u0131\u011f\u0131 Say\u0131c\u0131"},"content":{"rendered":"","protected":false},"excerpt":{"rendered":"<ul>\n<li>Y\u00fcksek hassasiyetli lazer sens\u00f6rleri, k\u00fc\u00e7\u00fck boyut, y\u00fcksek do\u011fruluk ve istikrarl\u0131 performans<\/li>\n<li>Petrol sistemlerinde partik\u00fcl kirlili\u011finin ger\u00e7ek zamanl\u0131 izlenmesi.<\/li>\n<li>Dahili veri analiz sistemi ile her kanal\u0131n par\u00e7ac\u0131k boyutu verilerini g\u00f6r\u00fcnt\u00fcleyebilir ve numune derecesini otomatik olarak de\u011ferlendirebilirsiniz.<\/li>\n<li>SEA4059, ISO4402, GB\/T18854 gibi standartlara g\u00f6re kalibre edilebilen dahili kalibrasyon fonksiyonu.<\/li>\n<li>RS232, RS485 ve USB aray\u00fczleri ile donat\u0131lm\u0131\u015f olup, veri izleme ve i\u015fleme i\u00e7in \u00e7e\u015fitli cihazlara ba\u011flanabilir<\/li>\n<li>Kolay kullan\u0131m ve bak\u0131m i\u00e7in hacimsel y\u0131kama ve s\u00fcresel y\u0131kama modlar\u0131<\/li>\n<li><a href=\"https:\/\/denizmtl.com\/wp-content\/uploads\/2025\/04\/PSC-ZX100.pdf\"><strong>PDF i\u00e7in t\u0131klay\u0131n\u0131z.<\/strong><\/a><\/li>\n<\/ul>\n","protected":false},"author":1,"featured_media":28631,"comment_status":"open","ping_status":"closed","template":"","meta":[],"product_brand":[],"product_cat":[96],"product_tag":[],"class_list":{"0":"post-28602","1":"product","2":"type-product","3":"status-publish","4":"has-post-thumbnail","6":"product_cat-standart-olcu-aletleri","8":"first","9":"instock","10":"shipping-taxable","11":"product-type-simple"},"_links":{"self":[{"href":"https:\/\/denizmtl.com\/mobilapp\/wp-json\/wp\/v2\/product\/28602","targetHints":{"allow":["GET"]}}],"collection":[{"href":"https:\/\/denizmtl.com\/mobilapp\/wp-json\/wp\/v2\/product"}],"about":[{"href":"https:\/\/denizmtl.com\/mobilapp\/wp-json\/wp\/v2\/types\/product"}],"author":[{"embeddable":true,"href":"https:\/\/denizmtl.com\/mobilapp\/wp-json\/wp\/v2\/users\/1"}],"replies":[{"embeddable":true,"href":"https:\/\/denizmtl.com\/mobilapp\/wp-json\/wp\/v2\/comments?post=28602"}],"wp:featuredmedia":[{"embeddable":true,"href":"https:\/\/denizmtl.com\/mobilapp\/wp-json\/wp\/v2\/media\/28631"}],"wp:attachment":[{"href":"https:\/\/denizmtl.com\/mobilapp\/wp-json\/wp\/v2\/media?parent=28602"}],"wp:term":[{"taxonomy":"product_brand","embeddable":true,"href":"https:\/\/denizmtl.com\/mobilapp\/wp-json\/wp\/v2\/product_brand?post=28602"},{"taxonomy":"product_cat","embeddable":true,"href":"https:\/\/denizmtl.com\/mobilapp\/wp-json\/wp\/v2\/product_cat?post=28602"},{"taxonomy":"product_tag","embeddable":true,"href":"https:\/\/denizmtl.com\/mobilapp\/wp-json\/wp\/v2\/product_tag?post=28602"}],"curies":[{"name":"wp","href":"https:\/\/api.w.org\/{rel}","templated":true}]}}