{"id":28600,"date":"2025-08-14T11:32:03","date_gmt":"2025-08-14T08:32:03","guid":{"rendered":"https:\/\/denizmtl.com\/mobilapp\/?post_type=product&#038;p=28600"},"modified":"2025-08-14T11:32:18","modified_gmt":"2025-08-14T08:32:18","slug":"insize-uvs-b205-ultraviyole-spektrometre-analiz-cihazi-standart-tip","status":"publish","type":"product","link":"https:\/\/denizmtl.com\/mobilapp\/urunler\/insize-uvs-b205-ultraviyole-spektrometre-analiz-cihazi-standart-tip\/","title":{"rendered":"Insize UVS-B205 Ultraviyole Spektrometre Analiz Cihaz\u0131 (Standart Tip)"},"content":{"rendered":"","protected":false},"excerpt":{"rendered":"<ul>\n<li>Organik kimya, biyokimya, ila\u00e7 analizi, g\u0131da testi, \u00e7evre koruma, ya\u015fam bilimi vb. alanlarda yayg\u0131n olarak kullan\u0131l\u0131r.<\/li>\n<li>Kolay kullan\u0131m i\u00e7in yerle\u015fik nicel analiz yaz\u0131l\u0131m\u0131<\/li>\n<li>Fotometrik \u00f6l\u00e7\u00fcm, kantitatif \u00f6l\u00e7\u00fcm, kinetik, spektrum taramas\u0131 gibi uygulama aral\u0131\u011f\u0131n\u0131 geni\u015fletmek i\u00e7in iste\u011fe ba\u011fl\u0131 yaz\u0131l\u0131m,<\/li>\n<li>DNA\/protein testi, \u00e7ok dalga boyu testi, vb.<\/li>\n<li>Geni\u015f numune haznesi her t\u00fcrl\u00fc 5~100 mm k\u00fcveti bar\u0131nd\u0131rabilir<\/li>\n<li>Kendi kendine ar\u0131za te\u015fhis fonksiyonu<\/li>\n<li>Elektrik kesintisi korumas\u0131 sa\u011flay\u0131n<\/li>\n<li><a href=\"https:\/\/denizmtl.com\/wp-content\/uploads\/2025\/04\/UVS-B205.pdf\"><strong>PDF i\u00e7in t\u0131klay\u0131n\u0131z.<\/strong><\/a><\/li>\n<\/ul>\n","protected":false},"author":1,"featured_media":28630,"comment_status":"open","ping_status":"closed","template":"","meta":[],"product_brand":[],"product_cat":[96],"product_tag":[],"class_list":{"0":"post-28600","1":"product","2":"type-product","3":"status-publish","4":"has-post-thumbnail","6":"product_cat-standart-olcu-aletleri","8":"first","9":"instock","10":"shipping-taxable","11":"product-type-simple"},"_links":{"self":[{"href":"https:\/\/denizmtl.com\/mobilapp\/wp-json\/wp\/v2\/product\/28600","targetHints":{"allow":["GET"]}}],"collection":[{"href":"https:\/\/denizmtl.com\/mobilapp\/wp-json\/wp\/v2\/product"}],"about":[{"href":"https:\/\/denizmtl.com\/mobilapp\/wp-json\/wp\/v2\/types\/product"}],"author":[{"embeddable":true,"href":"https:\/\/denizmtl.com\/mobilapp\/wp-json\/wp\/v2\/users\/1"}],"replies":[{"embeddable":true,"href":"https:\/\/denizmtl.com\/mobilapp\/wp-json\/wp\/v2\/comments?post=28600"}],"wp:featuredmedia":[{"embeddable":true,"href":"https:\/\/denizmtl.com\/mobilapp\/wp-json\/wp\/v2\/media\/28630"}],"wp:attachment":[{"href":"https:\/\/denizmtl.com\/mobilapp\/wp-json\/wp\/v2\/media?parent=28600"}],"wp:term":[{"taxonomy":"product_brand","embeddable":true,"href":"https:\/\/denizmtl.com\/mobilapp\/wp-json\/wp\/v2\/product_brand?post=28600"},{"taxonomy":"product_cat","embeddable":true,"href":"https:\/\/denizmtl.com\/mobilapp\/wp-json\/wp\/v2\/product_cat?post=28600"},{"taxonomy":"product_tag","embeddable":true,"href":"https:\/\/denizmtl.com\/mobilapp\/wp-json\/wp\/v2\/product_tag?post=28600"}],"curies":[{"name":"wp","href":"https:\/\/api.w.org\/{rel}","templated":true}]}}