{"id":28599,"date":"2025-08-14T11:32:03","date_gmt":"2025-08-14T08:32:03","guid":{"rendered":"https:\/\/denizmtl.com\/mobilapp\/?post_type=product&#038;p=28599"},"modified":"2025-10-02T17:44:51","modified_gmt":"2025-10-02T14:44:51","slug":"insize-uvs-b103-ultraviyole-spektrometre-analiz-cihazi-gelismis-tip","status":"publish","type":"product","link":"https:\/\/denizmtl.com\/mobilapp\/urunler\/insize-uvs-b103-ultraviyole-spektrometre-analiz-cihazi-gelismis-tip\/","title":{"rendered":"Insize UVS-B103 Ultraviyole Spektrometre Analiz Cihaz\u0131 (Geli\u015fmi\u015f Tip)"},"content":{"rendered":"","protected":false},"excerpt":{"rendered":"<ul>\n<li>Organik kimya, biyokimya, ila\u00e7 analizi, g\u0131da testi, \u00e7evre testi, ya\u015fam bilimleri vb. alanlarda yayg\u0131n olarak kullan\u0131l\u0131r.<\/li>\n<li>Fotometrik \u00f6l\u00e7\u00fcm, kantitatif \u00f6l\u00e7\u00fcm, kinetik, spektrum tarama, DNA\/protein testi, \u00e7oklu dalga boyu testi, vb.<\/li>\n<li>Titre\u015fim etkilerini azaltmak i\u00e7in kal\u0131nla\u015ft\u0131r\u0131lm\u0131\u015f al\u00fcminyum taban plakal\u0131 ask\u0131l\u0131 optik sistem<\/li>\n<li>\u00c7ift katmanl\u0131 tasar\u0131m, optik ve elektrik devrelerini tamamen ay\u0131rarak, enstr\u00fcman \u00e7\u00f6z\u00fcn\u00fcrl\u00fc\u011f\u00fcn\u00fc ve kararl\u0131l\u0131\u011f\u0131n\u0131 art\u0131r\u0131r<\/li>\n<li>Daha d\u00fc\u015f\u00fck SNR i\u00e7in fotoelektrik sinyal alg\u0131lama cihaz\u0131n\u0131n benimsenmesi<\/li>\n<li>Ultra b\u00fcy\u00fck ekran \u00e7e\u015fitli tarama e\u011frilerini ve grafikleri do\u011frudan g\u00f6sterir.<\/li>\n<li><a href=\"https:\/\/denizmtl.com\/wp-content\/uploads\/2025\/04\/UVS-B103.pdf\"><strong>PDF i\u00e7in t\u0131klay\u0131n\u0131z.<\/strong><\/a><\/li>\n<\/ul>\n<p>&nbsp;<br \/>\n<a class=\"wp-iletim-button\" href=\"https:\/\/wa.me\/905422584189?text=Merhaba%2C%20https%3A%2F%2Fdenizmtl.com%2Fmobilapp%2Fwp-json%2Fwp%2Fv2%2Fproduct%2F28599%20sayfas%C4%B1ndaki%20%C3%BCr%C3%BCnle%20ilgili%20fiyat%20ve%20demo%20talep%20etmek%20istiyorum.\" target=\"_blank\" rel=\"noopener\" style=\"display:inline-block;padding:10px 16px;border-radius:6px;color:#fff;text-decoration:none;font-weight:600;background:#334862;\">F\u0130YAT VE DEMO TALEP ET<\/a>\n","protected":false},"author":1,"featured_media":28629,"comment_status":"open","ping_status":"closed","template":"","meta":[],"product_brand":[],"product_cat":[100],"product_tag":[],"class_list":{"0":"post-28599","1":"product","2":"type-product","3":"status-publish","4":"has-post-thumbnail","6":"product_cat-test-cihazlari","8":"first","9":"instock","10":"shipping-taxable","11":"product-type-simple"},"_links":{"self":[{"href":"https:\/\/denizmtl.com\/mobilapp\/wp-json\/wp\/v2\/product\/28599","targetHints":{"allow":["GET"]}}],"collection":[{"href":"https:\/\/denizmtl.com\/mobilapp\/wp-json\/wp\/v2\/product"}],"about":[{"href":"https:\/\/denizmtl.com\/mobilapp\/wp-json\/wp\/v2\/types\/product"}],"author":[{"embeddable":true,"href":"https:\/\/denizmtl.com\/mobilapp\/wp-json\/wp\/v2\/users\/1"}],"replies":[{"embeddable":true,"href":"https:\/\/denizmtl.com\/mobilapp\/wp-json\/wp\/v2\/comments?post=28599"}],"wp:featuredmedia":[{"embeddable":true,"href":"https:\/\/denizmtl.com\/mobilapp\/wp-json\/wp\/v2\/media\/28629"}],"wp:attachment":[{"href":"https:\/\/denizmtl.com\/mobilapp\/wp-json\/wp\/v2\/media?parent=28599"}],"wp:term":[{"taxonomy":"product_brand","embeddable":true,"href":"https:\/\/denizmtl.com\/mobilapp\/wp-json\/wp\/v2\/product_brand?post=28599"},{"taxonomy":"product_cat","embeddable":true,"href":"https:\/\/denizmtl.com\/mobilapp\/wp-json\/wp\/v2\/product_cat?post=28599"},{"taxonomy":"product_tag","embeddable":true,"href":"https:\/\/denizmtl.com\/mobilapp\/wp-json\/wp\/v2\/product_tag?post=28599"}],"curies":[{"name":"wp","href":"https:\/\/api.w.org\/{rel}","templated":true}]}}