{"id":28593,"date":"2025-08-14T11:32:01","date_gmt":"2025-08-14T08:32:01","guid":{"rendered":"https:\/\/denizmtl.com\/mobilapp\/?post_type=product&#038;p=28593"},"modified":"2025-08-14T11:32:14","modified_gmt":"2025-08-14T08:32:14","slug":"insize-hdt-cm-vickers-sertlik-olcum-sistemi","status":"publish","type":"product","link":"https:\/\/denizmtl.com\/mobilapp\/urunler\/insize-hdt-cm-vickers-sertlik-olcum-sistemi\/","title":{"rendered":"Insize HDT-CM Vickers Sertlik \u00d6l\u00e7\u00fcm Sistemi"},"content":{"rendered":"","protected":false},"excerpt":{"rendered":"<ul>\n<li>Bilgisayar\u0131n USB portuna ba\u011fl\u0131<\/li>\n<li>Ortalama, maksimum ve minimum de\u011ferler, standart sapma, Cp, Cpk vb. \u00f6l\u00e7\u00fcm sonu\u00e7lar\u0131 otomatik olarak \u00fcretilebilir.<\/li>\n<li>\u00dcst ve alt s\u0131n\u0131rlar ayarlanabilir ve \u00fcst ve alt s\u0131n\u0131rlar\u0131 a\u015fan de\u011ferler otomatik olarak i\u015faretlenir<\/li>\n<li>\u00d6l\u00e7\u00fcm sonu\u00e7lar\u0131 HRA, HRB, HRC, HRD, HRF, HV, HK, HBW, HR15N, HR30N, HR45N, HR15T, HR30T, HR45T vb.&#8217;ye d\u00f6n\u00fc\u015ft\u00fcr\u00fclebilir.<\/li>\n<li>Standart sertlik bloklar\u0131yla kalibre edilebilir<\/li>\n<li>\u00d6l\u00e7\u00fcm sonucu Word veya Excel&#8217;e g\u00f6nderilebilir.<\/li>\n<li><a href=\"https:\/\/denizmtl.com\/wp-content\/uploads\/2025\/04\/HDT-CM.pdf\"><strong>PDF i\u00e7in t\u0131klay\u0131n\u0131z.<\/strong><\/a><\/li>\n<\/ul>\n","protected":false},"author":1,"featured_media":28623,"comment_status":"open","ping_status":"closed","template":"","meta":[],"product_brand":[],"product_cat":[28,96],"product_tag":[],"class_list":{"0":"post-28593","1":"product","2":"type-product","3":"status-publish","4":"has-post-thumbnail","6":"product_cat-diger-olcu-aletleri","7":"product_cat-standart-olcu-aletleri","9":"first","10":"instock","11":"shipping-taxable","12":"product-type-simple"},"_links":{"self":[{"href":"https:\/\/denizmtl.com\/mobilapp\/wp-json\/wp\/v2\/product\/28593","targetHints":{"allow":["GET"]}}],"collection":[{"href":"https:\/\/denizmtl.com\/mobilapp\/wp-json\/wp\/v2\/product"}],"about":[{"href":"https:\/\/denizmtl.com\/mobilapp\/wp-json\/wp\/v2\/types\/product"}],"author":[{"embeddable":true,"href":"https:\/\/denizmtl.com\/mobilapp\/wp-json\/wp\/v2\/users\/1"}],"replies":[{"embeddable":true,"href":"https:\/\/denizmtl.com\/mobilapp\/wp-json\/wp\/v2\/comments?post=28593"}],"wp:featuredmedia":[{"embeddable":true,"href":"https:\/\/denizmtl.com\/mobilapp\/wp-json\/wp\/v2\/media\/28623"}],"wp:attachment":[{"href":"https:\/\/denizmtl.com\/mobilapp\/wp-json\/wp\/v2\/media?parent=28593"}],"wp:term":[{"taxonomy":"product_brand","embeddable":true,"href":"https:\/\/denizmtl.com\/mobilapp\/wp-json\/wp\/v2\/product_brand?post=28593"},{"taxonomy":"product_cat","embeddable":true,"href":"https:\/\/denizmtl.com\/mobilapp\/wp-json\/wp\/v2\/product_cat?post=28593"},{"taxonomy":"product_tag","embeddable":true,"href":"https:\/\/denizmtl.com\/mobilapp\/wp-json\/wp\/v2\/product_tag?post=28593"}],"curies":[{"name":"wp","href":"https:\/\/api.w.org\/{rel}","templated":true}]}}