{"id":28587,"date":"2025-08-14T11:32:00","date_gmt":"2025-08-14T08:32:00","guid":{"rendered":"https:\/\/denizmtl.com\/mobilapp\/?post_type=product&#038;p=28587"},"modified":"2025-08-14T11:32:10","modified_gmt":"2025-08-14T08:32:10","slug":"insize-9653-lcr-akim-olcer","status":"publish","type":"product","link":"https:\/\/denizmtl.com\/mobilapp\/urunler\/insize-9653-lcr-akim-olcer\/","title":{"rendered":"Insize 9653 LCR Ak\u0131m \u00d6l\u00e7er"},"content":{"rendered":"","protected":false},"excerpt":{"rendered":"<ul>\n<li>3,5 in\u00e7 TFT LCD ekran<\/li>\n<li>Temel do\u011fruluk: %0,05<\/li>\n<li>Otomatik seviye kontrol\u00fc<\/li>\n<li>Kalibrasyon fonksiyonu: tam \u00f6l\u00e7ekli a\u00e7\u0131k devre ve k\u0131sa devre tarama frekans\u0131 temizleme, \u00fc\u00e7 kullan\u0131c\u0131 grubu nokta frekans kalibrasyonu.<\/li>\n<li>Liste testi: 10&#8217;a kadar frekans veya seviye grubunun d\u00f6ng\u00fcsel taramas\u0131 yap\u0131l\u0131r ve sonu\u00e7lar ayarlanan de\u011ferlerle kar\u015f\u0131la\u015ft\u0131r\u0131l\u0131r.<\/li>\n<li>Kar\u015f\u0131la\u015ft\u0131r\u0131c\u0131: 11 seviyeli s\u0131ralama fonksiyonu, 999.999&#8217;a kadar \u00f6l\u00e7\u00fclen par\u00e7a say\u0131labilir.<\/li>\n<li><a href=\"https:\/\/denizmtl.com\/wp-content\/uploads\/2025\/04\/9653.pdf\"><strong>PDF i\u00e7in t\u0131klay\u0131n\u0131z.<\/strong><\/a><\/li>\n<\/ul>\n","protected":false},"author":1,"featured_media":28617,"comment_status":"open","ping_status":"closed","template":"","meta":[],"product_brand":[],"product_cat":[28],"product_tag":[],"class_list":{"0":"post-28587","1":"product","2":"type-product","3":"status-publish","4":"has-post-thumbnail","6":"product_cat-diger-olcu-aletleri","8":"first","9":"instock","10":"shipping-taxable","11":"product-type-simple"},"_links":{"self":[{"href":"https:\/\/denizmtl.com\/mobilapp\/wp-json\/wp\/v2\/product\/28587","targetHints":{"allow":["GET"]}}],"collection":[{"href":"https:\/\/denizmtl.com\/mobilapp\/wp-json\/wp\/v2\/product"}],"about":[{"href":"https:\/\/denizmtl.com\/mobilapp\/wp-json\/wp\/v2\/types\/product"}],"author":[{"embeddable":true,"href":"https:\/\/denizmtl.com\/mobilapp\/wp-json\/wp\/v2\/users\/1"}],"replies":[{"embeddable":true,"href":"https:\/\/denizmtl.com\/mobilapp\/wp-json\/wp\/v2\/comments?post=28587"}],"wp:featuredmedia":[{"embeddable":true,"href":"https:\/\/denizmtl.com\/mobilapp\/wp-json\/wp\/v2\/media\/28617"}],"wp:attachment":[{"href":"https:\/\/denizmtl.com\/mobilapp\/wp-json\/wp\/v2\/media?parent=28587"}],"wp:term":[{"taxonomy":"product_brand","embeddable":true,"href":"https:\/\/denizmtl.com\/mobilapp\/wp-json\/wp\/v2\/product_brand?post=28587"},{"taxonomy":"product_cat","embeddable":true,"href":"https:\/\/denizmtl.com\/mobilapp\/wp-json\/wp\/v2\/product_cat?post=28587"},{"taxonomy":"product_tag","embeddable":true,"href":"https:\/\/denizmtl.com\/mobilapp\/wp-json\/wp\/v2\/product_tag?post=28587"}],"curies":[{"name":"wp","href":"https:\/\/api.w.org\/{rel}","templated":true}]}}