{"id":28586,"date":"2025-08-14T11:32:00","date_gmt":"2025-08-14T08:32:00","guid":{"rendered":"https:\/\/denizmtl.com\/mobilapp\/?post_type=product&#038;p=28586"},"modified":"2025-08-14T11:32:10","modified_gmt":"2025-08-14T08:32:10","slug":"insize-ela-oksijen-nitrojen-hidrojen-analizatoru-standart-tip","status":"publish","type":"product","link":"https:\/\/denizmtl.com\/mobilapp\/urunler\/insize-ela-oksijen-nitrojen-hidrojen-analizatoru-standart-tip\/","title":{"rendered":"Insize ELA Oksijen \/ Nitrojen \/ Hidrojen Analizat\u00f6r\u00fc (Standart Tip)"},"content":{"rendered":"","protected":false},"excerpt":{"rendered":"<ul>\n<li>Demir, demir d\u0131\u015f\u0131 metaller, yeni malzemeler, manyetik malzemeler, yeni enerji, ara\u015ft\u0131rma kurumlar\u0131 vb. alanlarda yayg\u0131n olarak kullan\u0131l\u0131r.<\/li>\n<li>Ala\u015f\u0131mlarda, lityum pil malzemelerinde, tozlarda, nadir toprak elementlerinde, neodim-demir-bor malzemelerinde vb. oksijen, azot ve hidrojeni analiz edebilir.<\/li>\n<li>\u00c7e\u015fitli oksitlerdeki oksijeni ve \u00e7e\u015fitli nitr\u00fcrlerdeki nitrojeni analiz edebilir<\/li>\n<li>Farkl\u0131 numune tipleri i\u00e7in test y\u00f6ntemi olu\u015fturulabilir<\/li>\n<li>Numunedeki kalan hidrojen i\u00e7eri\u011fini analiz etmek i\u00e7in termal ekstraksiyon kullan\u0131l\u0131r<\/li>\n<li>Do\u011frusalla\u015ft\u0131rma ve kendi kendini te\u015fhis etme i\u015flevine sahip \u00f6ne \u00e7\u0131kan yaz\u0131l\u0131m<\/li>\n<li>Kanal\u0131n d\u00fc\u015f\u00fck i\u00e7erikten y\u00fcksek i\u00e7eri\u011fe otomatik ge\u00e7i\u015fi<\/li>\n<li><a href=\"https:\/\/denizmtl.com\/wp-content\/uploads\/2025\/04\/ELA.pdf\"><strong>PDF i\u00e7in t\u0131klay\u0131n\u0131z.<\/strong><\/a><\/li>\n<\/ul>\n","protected":false},"author":1,"featured_media":28616,"comment_status":"open","ping_status":"closed","template":"","meta":[],"product_brand":[],"product_cat":[28],"product_tag":[],"class_list":{"0":"post-28586","1":"product","2":"type-product","3":"status-publish","4":"has-post-thumbnail","6":"product_cat-diger-olcu-aletleri","8":"first","9":"instock","10":"shipping-taxable","11":"product-type-simple"},"_links":{"self":[{"href":"https:\/\/denizmtl.com\/mobilapp\/wp-json\/wp\/v2\/product\/28586","targetHints":{"allow":["GET"]}}],"collection":[{"href":"https:\/\/denizmtl.com\/mobilapp\/wp-json\/wp\/v2\/product"}],"about":[{"href":"https:\/\/denizmtl.com\/mobilapp\/wp-json\/wp\/v2\/types\/product"}],"author":[{"embeddable":true,"href":"https:\/\/denizmtl.com\/mobilapp\/wp-json\/wp\/v2\/users\/1"}],"replies":[{"embeddable":true,"href":"https:\/\/denizmtl.com\/mobilapp\/wp-json\/wp\/v2\/comments?post=28586"}],"wp:featuredmedia":[{"embeddable":true,"href":"https:\/\/denizmtl.com\/mobilapp\/wp-json\/wp\/v2\/media\/28616"}],"wp:attachment":[{"href":"https:\/\/denizmtl.com\/mobilapp\/wp-json\/wp\/v2\/media?parent=28586"}],"wp:term":[{"taxonomy":"product_brand","embeddable":true,"href":"https:\/\/denizmtl.com\/mobilapp\/wp-json\/wp\/v2\/product_brand?post=28586"},{"taxonomy":"product_cat","embeddable":true,"href":"https:\/\/denizmtl.com\/mobilapp\/wp-json\/wp\/v2\/product_cat?post=28586"},{"taxonomy":"product_tag","embeddable":true,"href":"https:\/\/denizmtl.com\/mobilapp\/wp-json\/wp\/v2\/product_tag?post=28586"}],"curies":[{"name":"wp","href":"https:\/\/api.w.org\/{rel}","templated":true}]}}