{"id":28580,"date":"2025-08-14T11:31:58","date_gmt":"2025-08-14T08:31:58","guid":{"rendered":"https:\/\/denizmtl.com\/mobilapp\/?post_type=product&#038;p=28580"},"modified":"2025-10-02T17:44:50","modified_gmt":"2025-10-02T14:44:50","slug":"ism-ma-s200-gozenek-olcumu-icin-yazilim-ve-kamera","status":"publish","type":"product","link":"https:\/\/denizmtl.com\/mobilapp\/urunler\/ism-ma-s200-gozenek-olcumu-icin-yazilim-ve-kamera\/","title":{"rendered":"ISM-MA S200 G\u00f6zenek \u00d6l\u00e7\u00fcm\u00fc \u0130\u00e7in Yaz\u0131l\u0131m ve Kamera"},"content":{"rendered":"","protected":false},"excerpt":{"rendered":"<ul>\n<li>Geli\u015fmi\u015f g\u00f6r\u00fcnt\u00fc i\u015fleme algoritmalar\u0131 kullan\u0131larak g\u00f6zenekler ve kat\u0131 par\u00e7alar aras\u0131ndaki s\u0131n\u0131rlar do\u011fru bir \u015fekilde belirlenebilir<\/li>\n<li>Tek t\u0131klamayla \u00f6l\u00e7\u00fcm, h\u0131zl\u0131 kullan\u0131m ustal\u0131\u011f\u0131 i\u00e7in basit ve kullan\u0131c\u0131 dostu i\u015fletim aray\u00fcz\u00fc<\/li>\n<li>G\u00f6zeneklilik verilerini ve da\u011f\u0131l\u0131m\u0131n\u0131 a\u00e7\u0131k\u00e7a sunun, \u00f6l\u00e7\u00fcm verilerinin derinlemesine analizini yap\u0131n<\/li>\n<li>\u00c7ok \u00e7e\u015fitli uygulamalar, birden fazla mikroskop ve kamera ile uyumludur<\/li>\n<li><a href=\"https:\/\/denizmtl.com\/wp-content\/uploads\/2025\/04\/ISM-MAS200.pdf\"><strong>PDF i\u00e7in t\u0131klay\u0131n\u0131z.<\/strong><\/a><\/li>\n<\/ul>\n<p>&nbsp;<br \/>\n<a class=\"wp-iletim-button\" href=\"https:\/\/wa.me\/905422584189?text=Merhaba%2C%20https%3A%2F%2Fdenizmtl.com%2Fmobilapp%2Fwp-json%2Fwp%2Fv2%2Fproduct%2F28580%20sayfas%C4%B1ndaki%20%C3%BCr%C3%BCnle%20ilgili%20fiyat%20ve%20demo%20talep%20etmek%20istiyorum.\" target=\"_blank\" rel=\"noopener\" style=\"display:inline-block;padding:10px 16px;border-radius:6px;color:#fff;text-decoration:none;font-weight:600;background:#334862;\">F\u0130YAT VE DEMO TALEP ET<\/a>\n","protected":false},"author":1,"featured_media":28610,"comment_status":"open","ping_status":"closed","template":"","meta":[],"product_brand":[],"product_cat":[100],"product_tag":[],"class_list":{"0":"post-28580","1":"product","2":"type-product","3":"status-publish","4":"has-post-thumbnail","6":"product_cat-test-cihazlari","8":"first","9":"instock","10":"shipping-taxable","11":"product-type-simple"},"_links":{"self":[{"href":"https:\/\/denizmtl.com\/mobilapp\/wp-json\/wp\/v2\/product\/28580","targetHints":{"allow":["GET"]}}],"collection":[{"href":"https:\/\/denizmtl.com\/mobilapp\/wp-json\/wp\/v2\/product"}],"about":[{"href":"https:\/\/denizmtl.com\/mobilapp\/wp-json\/wp\/v2\/types\/product"}],"author":[{"embeddable":true,"href":"https:\/\/denizmtl.com\/mobilapp\/wp-json\/wp\/v2\/users\/1"}],"replies":[{"embeddable":true,"href":"https:\/\/denizmtl.com\/mobilapp\/wp-json\/wp\/v2\/comments?post=28580"}],"wp:featuredmedia":[{"embeddable":true,"href":"https:\/\/denizmtl.com\/mobilapp\/wp-json\/wp\/v2\/media\/28610"}],"wp:attachment":[{"href":"https:\/\/denizmtl.com\/mobilapp\/wp-json\/wp\/v2\/media?parent=28580"}],"wp:term":[{"taxonomy":"product_brand","embeddable":true,"href":"https:\/\/denizmtl.com\/mobilapp\/wp-json\/wp\/v2\/product_brand?post=28580"},{"taxonomy":"product_cat","embeddable":true,"href":"https:\/\/denizmtl.com\/mobilapp\/wp-json\/wp\/v2\/product_cat?post=28580"},{"taxonomy":"product_tag","embeddable":true,"href":"https:\/\/denizmtl.com\/mobilapp\/wp-json\/wp\/v2\/product_tag?post=28580"}],"curies":[{"name":"wp","href":"https:\/\/api.w.org\/{rel}","templated":true}]}}