{"id":28579,"date":"2025-08-14T11:31:58","date_gmt":"2025-08-14T08:31:58","guid":{"rendered":"https:\/\/denizmtl.com\/mobilapp\/?post_type=product&#038;p=28579"},"modified":"2025-10-02T17:44:50","modified_gmt":"2025-10-02T14:44:50","slug":"insize-dtm-a-bond-ford-test-cihazlari","status":"publish","type":"product","link":"https:\/\/denizmtl.com\/mobilapp\/urunler\/insize-dtm-a-bond-ford-test-cihazlari\/","title":{"rendered":"Insize DTM-A Bond Ford Test Cihazlar\u0131"},"content":{"rendered":"","protected":false},"excerpt":{"rendered":"<ul>\n<li>Ba\u011flamadan sonra mikroelektroni\u011fin mukavemetini test etmek, lehim ve alt tabaka y\u00fczeyleri aras\u0131ndaki yap\u0131\u015fma testini yapmak ve ar\u0131za analizi yapmak i\u00e7in uygundur<\/li>\n<li>Tel \u00e7ekme, ba\u011f kesme, bilyal\u0131 kesme, kal\u0131p kesme testi i\u00e7in uygundur<\/li>\n<li>\u0130lgili test mod\u00fcl\u00fc ihtiyaca g\u00f6re de\u011fi\u015ftirilebilir ve sistem mod\u00fcl parametre bilgilerini otomatik olarak belirler.<\/li>\n<li>Test probunun yanl\u0131\u015f i\u015flem nedeniyle hasar g\u00f6rmesini \u00f6nlemek i\u00e7in ini\u015f koruma fonksiyonu ile<\/li>\n<li>Ekipman, son derece d\u00fc\u015f\u00fck temas kuvveti sa\u011flayan ve alt tabakaya zarar vermeyen hava s\u00fcspansiyon yataklar\u0131n\u0131 benimser<\/li>\n<li>H\u0131zl\u0131, do\u011fru ve yayg\u0131n olarak uygulanabilir<\/li>\n<li>G\u00fc\u00e7l\u00fc yaz\u0131l\u0131m, kullan\u0131m\u0131 kolay, \u00f6zel yol d\u00fczenleme deste\u011fi<\/li>\n<li>M\u00fckemmel veri analiz fonksiyonu, MES aray\u00fcz ba\u011flant\u0131s\u0131n\u0131 destekler<\/li>\n<li><a href=\"https:\/\/denizmtl.com\/wp-content\/uploads\/2025\/04\/DTM-A.pdf\"><strong>PDF i\u00e7in t\u0131klay\u0131n\u0131z.<\/strong><\/a><\/li>\n<\/ul>\n<p>&nbsp;<br \/>\n<a class=\"wp-iletim-button\" href=\"https:\/\/wa.me\/905422584189?text=Merhaba%2C%20https%3A%2F%2Fdenizmtl.com%2Fmobilapp%2Fwp-json%2Fwp%2Fv2%2Fproduct%2F28579%20sayfas%C4%B1ndaki%20%C3%BCr%C3%BCnle%20ilgili%20fiyat%20ve%20demo%20talep%20etmek%20istiyorum.\" target=\"_blank\" rel=\"noopener\" style=\"display:inline-block;padding:10px 16px;border-radius:6px;color:#fff;text-decoration:none;font-weight:600;background:#334862;\">F\u0130YAT VE DEMO TALEP ET<\/a>\n","protected":false},"author":1,"featured_media":28609,"comment_status":"open","ping_status":"closed","template":"","meta":[],"product_brand":[],"product_cat":[100],"product_tag":[],"class_list":{"0":"post-28579","1":"product","2":"type-product","3":"status-publish","4":"has-post-thumbnail","6":"product_cat-test-cihazlari","8":"first","9":"instock","10":"shipping-taxable","11":"product-type-simple"},"_links":{"self":[{"href":"https:\/\/denizmtl.com\/mobilapp\/wp-json\/wp\/v2\/product\/28579","targetHints":{"allow":["GET"]}}],"collection":[{"href":"https:\/\/denizmtl.com\/mobilapp\/wp-json\/wp\/v2\/product"}],"about":[{"href":"https:\/\/denizmtl.com\/mobilapp\/wp-json\/wp\/v2\/types\/product"}],"author":[{"embeddable":true,"href":"https:\/\/denizmtl.com\/mobilapp\/wp-json\/wp\/v2\/users\/1"}],"replies":[{"embeddable":true,"href":"https:\/\/denizmtl.com\/mobilapp\/wp-json\/wp\/v2\/comments?post=28579"}],"wp:featuredmedia":[{"embeddable":true,"href":"https:\/\/denizmtl.com\/mobilapp\/wp-json\/wp\/v2\/media\/28609"}],"wp:attachment":[{"href":"https:\/\/denizmtl.com\/mobilapp\/wp-json\/wp\/v2\/media?parent=28579"}],"wp:term":[{"taxonomy":"product_brand","embeddable":true,"href":"https:\/\/denizmtl.com\/mobilapp\/wp-json\/wp\/v2\/product_brand?post=28579"},{"taxonomy":"product_cat","embeddable":true,"href":"https:\/\/denizmtl.com\/mobilapp\/wp-json\/wp\/v2\/product_cat?post=28579"},{"taxonomy":"product_tag","embeddable":true,"href":"https:\/\/denizmtl.com\/mobilapp\/wp-json\/wp\/v2\/product_tag?post=28579"}],"curies":[{"name":"wp","href":"https:\/\/api.w.org\/{rel}","templated":true}]}}