{"id":28578,"date":"2025-08-14T11:31:58","date_gmt":"2025-08-14T08:31:58","guid":{"rendered":"https:\/\/denizmtl.com\/mobilapp\/?post_type=product&#038;p=28578"},"modified":"2025-10-02T17:44:50","modified_gmt":"2025-10-02T14:44:50","slug":"insize-isu-200d-ultrasonik-kalinlik-olcer","status":"publish","type":"product","link":"https:\/\/denizmtl.com\/mobilapp\/urunler\/insize-isu-200d-ultrasonik-kalinlik-olcer\/","title":{"rendered":"Insize ISU-200D Ultrasonik Kal\u0131nl\u0131k \u00d6l\u00e7er"},"content":{"rendered":"","protected":false},"excerpt":{"rendered":"<ul>\n<li>S\u0131f\u0131r kalibrasyonu ve iki nokta kalibrasyonu fonksiyonu ile sistem hatas\u0131n\u0131 otomatik olarak d\u00fczeltebilir<\/li>\n<li>\u00d6l\u00e7\u00fcm y\u00f6ntemi: tek nokta, tarama, sapma<\/li>\n<li>\u00c7elik, d\u00f6kme demir, al\u00fcminyum, bak\u0131r, plastik, seramik, cam, fiberglas vb. \u00f6l\u00e7er<\/li>\n<li>Tolerans d\u0131\u015f\u0131na \u00e7\u0131k\u0131ld\u0131\u011f\u0131nda alarm i\u00e7in \u00fcst ve alt limitleri ayarlay\u0131n<\/li>\n<li>500 \u00f6l\u00e7\u00fcm de\u011feri haf\u0131zas\u0131<\/li>\n<li><a href=\"https:\/\/denizmtl.com\/wp-content\/uploads\/2025\/04\/ISU-200D.pdf\"><strong>PDF i\u00e7in t\u0131klay\u0131n\u0131z.<\/strong><\/a><\/li>\n<\/ul>\n<p>&nbsp;<br \/>\n<a class=\"wp-iletim-button\" href=\"https:\/\/wa.me\/905422584189?text=Merhaba%2C%20https%3A%2F%2Fdenizmtl.com%2Fmobilapp%2Fwp-json%2Fwp%2Fv2%2Fproduct%2F28578%20sayfas%C4%B1ndaki%20%C3%BCr%C3%BCnle%20ilgili%20fiyat%20ve%20demo%20talep%20etmek%20istiyorum.\" target=\"_blank\" rel=\"noopener\" style=\"display:inline-block;padding:10px 16px;border-radius:6px;color:#fff;text-decoration:none;font-weight:600;background:#334862;\">F\u0130YAT VE DEMO TALEP ET<\/a>\n","protected":false},"author":1,"featured_media":28608,"comment_status":"open","ping_status":"closed","template":"","meta":[],"product_brand":[],"product_cat":[100],"product_tag":[],"class_list":{"0":"post-28578","1":"product","2":"type-product","3":"status-publish","4":"has-post-thumbnail","6":"product_cat-test-cihazlari","8":"first","9":"instock","10":"shipping-taxable","11":"product-type-simple"},"_links":{"self":[{"href":"https:\/\/denizmtl.com\/mobilapp\/wp-json\/wp\/v2\/product\/28578","targetHints":{"allow":["GET"]}}],"collection":[{"href":"https:\/\/denizmtl.com\/mobilapp\/wp-json\/wp\/v2\/product"}],"about":[{"href":"https:\/\/denizmtl.com\/mobilapp\/wp-json\/wp\/v2\/types\/product"}],"author":[{"embeddable":true,"href":"https:\/\/denizmtl.com\/mobilapp\/wp-json\/wp\/v2\/users\/1"}],"replies":[{"embeddable":true,"href":"https:\/\/denizmtl.com\/mobilapp\/wp-json\/wp\/v2\/comments?post=28578"}],"wp:featuredmedia":[{"embeddable":true,"href":"https:\/\/denizmtl.com\/mobilapp\/wp-json\/wp\/v2\/media\/28608"}],"wp:attachment":[{"href":"https:\/\/denizmtl.com\/mobilapp\/wp-json\/wp\/v2\/media?parent=28578"}],"wp:term":[{"taxonomy":"product_brand","embeddable":true,"href":"https:\/\/denizmtl.com\/mobilapp\/wp-json\/wp\/v2\/product_brand?post=28578"},{"taxonomy":"product_cat","embeddable":true,"href":"https:\/\/denizmtl.com\/mobilapp\/wp-json\/wp\/v2\/product_cat?post=28578"},{"taxonomy":"product_tag","embeddable":true,"href":"https:\/\/denizmtl.com\/mobilapp\/wp-json\/wp\/v2\/product_tag?post=28578"}],"curies":[{"name":"wp","href":"https:\/\/api.w.org\/{rel}","templated":true}]}}