{"id":28576,"date":"2025-08-14T11:31:58","date_gmt":"2025-08-14T08:31:58","guid":{"rendered":"https:\/\/denizmtl.com\/mobilapp\/?post_type=product&#038;p=28576"},"modified":"2025-08-14T11:32:05","modified_gmt":"2025-08-14T08:32:05","slug":"insize-oes-p200-tasinabilir-malzeme-analiz-spektrometresi","status":"publish","type":"product","link":"https:\/\/denizmtl.com\/mobilapp\/urunler\/insize-oes-p200-tasinabilir-malzeme-analiz-spektrometresi\/","title":{"rendered":"Insize OES-P200 Ta\u015f\u0131nabilir Malzeme Analiz Spektrometresi"},"content":{"rendered":"","protected":false},"excerpt":{"rendered":"<ul>\n<li>Metalurji, d\u00f6k\u00fcmhane, i\u015fleme, otomobil \u00fcretimi, metal i\u015fleme, f\u0131r\u0131n testi vb. alanlarda yayg\u0131n olarak kullan\u0131l\u0131r.<\/li>\n<li>C, P, S, B vb. metalik malzemelerin element i\u00e7eriklerini do\u011fru bir \u015fekilde analiz edebilme yetene\u011fi.<\/li>\n<li>Do\u011fru \u00f6l\u00e7\u00fcmler i\u00e7in s\u0131cakl\u0131k ve bas\u0131n\u00e7 de\u011fi\u015fiklikleri nedeniyle olu\u015fan spektral kaymay\u0131 otomatik olarak ortadan kald\u0131r\u0131r<\/li>\n<li>Donan\u0131m eklemeden istenilen \u00f6l\u00e7\u00fcm e\u011frilerini ekleme yetene\u011fi<\/li>\n<li>Benzersiz jet elektrot teknolojisi, argon gaz\u0131n\u0131n kullan\u0131m\u0131ndan tasarruf sa\u011flayabilir, maliyetleri azaltabilir<\/li>\n<li>De\u011fi\u015ftirilebilir lityum piller, uzun pil \u00f6mr\u00fc, y\u00fczlerce ard\u0131\u015f\u0131k uyar\u0131m s\u00fcresi, saha \u00e7al\u0131\u015fmas\u0131n\u0131n b\u00fct\u00fcnl\u00fc\u011f\u00fcn\u00fc garanti eder<\/li>\n<li>Aletin ta\u015f\u0131nmas\u0131 kolayd\u0131r, analiz s\u0131n\u0131rl\u0131 de\u011fildir, a\u00e7\u0131k hava \u00e7al\u0131\u015fmalar\u0131n\u0131 tamamlamak daha uygundur<\/li>\n<li><a href=\"https:\/\/denizmtl.com\/wp-content\/uploads\/2025\/04\/OES-P200.pdf\"><strong>PDF i\u00e7in t\u0131klay\u0131n\u0131z.<\/strong><\/a><\/li>\n<\/ul>\n","protected":false},"author":1,"featured_media":28606,"comment_status":"open","ping_status":"closed","template":"","meta":[],"product_brand":[],"product_cat":[28],"product_tag":[],"class_list":{"0":"post-28576","1":"product","2":"type-product","3":"status-publish","4":"has-post-thumbnail","6":"product_cat-diger-olcu-aletleri","8":"first","9":"instock","10":"shipping-taxable","11":"product-type-simple"},"_links":{"self":[{"href":"https:\/\/denizmtl.com\/mobilapp\/wp-json\/wp\/v2\/product\/28576","targetHints":{"allow":["GET"]}}],"collection":[{"href":"https:\/\/denizmtl.com\/mobilapp\/wp-json\/wp\/v2\/product"}],"about":[{"href":"https:\/\/denizmtl.com\/mobilapp\/wp-json\/wp\/v2\/types\/product"}],"author":[{"embeddable":true,"href":"https:\/\/denizmtl.com\/mobilapp\/wp-json\/wp\/v2\/users\/1"}],"replies":[{"embeddable":true,"href":"https:\/\/denizmtl.com\/mobilapp\/wp-json\/wp\/v2\/comments?post=28576"}],"wp:featuredmedia":[{"embeddable":true,"href":"https:\/\/denizmtl.com\/mobilapp\/wp-json\/wp\/v2\/media\/28606"}],"wp:attachment":[{"href":"https:\/\/denizmtl.com\/mobilapp\/wp-json\/wp\/v2\/media?parent=28576"}],"wp:term":[{"taxonomy":"product_brand","embeddable":true,"href":"https:\/\/denizmtl.com\/mobilapp\/wp-json\/wp\/v2\/product_brand?post=28576"},{"taxonomy":"product_cat","embeddable":true,"href":"https:\/\/denizmtl.com\/mobilapp\/wp-json\/wp\/v2\/product_cat?post=28576"},{"taxonomy":"product_tag","embeddable":true,"href":"https:\/\/denizmtl.com\/mobilapp\/wp-json\/wp\/v2\/product_tag?post=28576"}],"curies":[{"name":"wp","href":"https:\/\/api.w.org\/{rel}","templated":true}]}}