{"id":28575,"date":"2025-08-14T11:31:57","date_gmt":"2025-08-14T08:31:57","guid":{"rendered":"https:\/\/denizmtl.com\/mobilapp\/?post_type=product&#038;p=28575"},"modified":"2025-08-14T11:32:04","modified_gmt":"2025-08-14T08:32:04","slug":"insize-8652-konusmaci-tipi-kuvvet-sensorleri","status":"publish","type":"product","link":"https:\/\/denizmtl.com\/mobilapp\/urunler\/insize-8652-konusmaci-tipi-kuvvet-sensorleri\/","title":{"rendered":"Insize 8652 Konu\u015fmac\u0131 Tipi Kuvvet Sens\u00f6rleri"},"content":{"rendered":"","protected":false},"excerpt":{"rendered":"<ul>\n<li>\u00d6zellik: d\u00fc\u015f\u00fck y\u00fckseklik, iyi do\u011frusall\u0131k, kolay montaj, k\u0131smi y\u00fck ve yanal kuvvete kar\u015f\u0131 y\u00fcksek diren\u00e7<\/li>\n<li>Uygulama alanlar\u0131: \u00dcniversal malzeme test makineleri, hazne terazileri, ara\u00e7 terazileri, ray terazileri, paketleme terazileri, bant terazileri ve di\u011fer gerilim ve bas\u0131n\u00e7 test aletleri, ayr\u0131ca otomasyon ve test ekipmanlar\u0131 alan\u0131nda<\/li>\n<li><a href=\"https:\/\/denizmtl.com\/wp-content\/uploads\/2025\/04\/8652.pdf\"><strong>PDF i\u00e7in t\u0131klay\u0131n\u0131z.<\/strong><\/a><\/li>\n<\/ul>\n","protected":false},"author":1,"featured_media":28605,"comment_status":"open","ping_status":"closed","template":"","meta":[],"product_brand":[],"product_cat":[28],"product_tag":[],"class_list":{"0":"post-28575","1":"product","2":"type-product","3":"status-publish","4":"has-post-thumbnail","6":"product_cat-diger-olcu-aletleri","8":"first","9":"instock","10":"shipping-taxable","11":"product-type-simple"},"_links":{"self":[{"href":"https:\/\/denizmtl.com\/mobilapp\/wp-json\/wp\/v2\/product\/28575","targetHints":{"allow":["GET"]}}],"collection":[{"href":"https:\/\/denizmtl.com\/mobilapp\/wp-json\/wp\/v2\/product"}],"about":[{"href":"https:\/\/denizmtl.com\/mobilapp\/wp-json\/wp\/v2\/types\/product"}],"author":[{"embeddable":true,"href":"https:\/\/denizmtl.com\/mobilapp\/wp-json\/wp\/v2\/users\/1"}],"replies":[{"embeddable":true,"href":"https:\/\/denizmtl.com\/mobilapp\/wp-json\/wp\/v2\/comments?post=28575"}],"wp:featuredmedia":[{"embeddable":true,"href":"https:\/\/denizmtl.com\/mobilapp\/wp-json\/wp\/v2\/media\/28605"}],"wp:attachment":[{"href":"https:\/\/denizmtl.com\/mobilapp\/wp-json\/wp\/v2\/media?parent=28575"}],"wp:term":[{"taxonomy":"product_brand","embeddable":true,"href":"https:\/\/denizmtl.com\/mobilapp\/wp-json\/wp\/v2\/product_brand?post=28575"},{"taxonomy":"product_cat","embeddable":true,"href":"https:\/\/denizmtl.com\/mobilapp\/wp-json\/wp\/v2\/product_cat?post=28575"},{"taxonomy":"product_tag","embeddable":true,"href":"https:\/\/denizmtl.com\/mobilapp\/wp-json\/wp\/v2\/product_tag?post=28575"}],"curies":[{"name":"wp","href":"https:\/\/api.w.org\/{rel}","templated":true}]}}