{"id":28544,"date":"2025-08-14T11:31:40","date_gmt":"2025-08-14T08:31:40","guid":{"rendered":"https:\/\/denizmtl.com\/mobilapp\/?post_type=product&#038;p=28544"},"modified":"2025-08-14T11:31:56","modified_gmt":"2025-08-14T08:31:56","slug":"insize-8651-s-tipi-cekme-basinc-sensorleri-kompakt-tip","status":"publish","type":"product","link":"https:\/\/denizmtl.com\/mobilapp\/urunler\/insize-8651-s-tipi-cekme-basinc-sensorleri-kompakt-tip\/","title":{"rendered":"Insize 8651 S Tipi \u00c7ekme\/Bas\u0131n\u00e7 Sens\u00f6rleri (Kompakt Tip)"},"content":{"rendered":"","protected":false},"excerpt":{"rendered":"<ul>\n<li>\u00d6zellik: \u00e7ift y\u00f6nl\u00fc gerilim ve bas\u0131n\u00e7, k\u00fc\u00e7\u00fck boyut, y\u00fcksek kapsaml\u0131 hassasiyet, iyi uzun vadeli kararl\u0131l\u0131k, paslanmaz \u00e7elik y\u00fczeyinde nikel kaplama<\/li>\n<li>Uygulama alanlar\u0131: otomotiv pres-fit, otomatik montaj, 3C end\u00fcstri testi, robot i\u00e7in el kavrama kuvveti, klavye his testi, vb.<\/li>\n<li><a href=\"https:\/\/denizmtl.com\/wp-content\/uploads\/2025\/04\/8651.pdf\"><strong>PDF i\u00e7in t\u0131klay\u0131n\u0131z.<\/strong><\/a><\/li>\n<\/ul>\n","protected":false},"author":1,"featured_media":28574,"comment_status":"open","ping_status":"closed","template":"","meta":[],"product_brand":[],"product_cat":[28],"product_tag":[],"class_list":{"0":"post-28544","1":"product","2":"type-product","3":"status-publish","4":"has-post-thumbnail","6":"product_cat-diger-olcu-aletleri","8":"first","9":"instock","10":"shipping-taxable","11":"product-type-simple"},"_links":{"self":[{"href":"https:\/\/denizmtl.com\/mobilapp\/wp-json\/wp\/v2\/product\/28544","targetHints":{"allow":["GET"]}}],"collection":[{"href":"https:\/\/denizmtl.com\/mobilapp\/wp-json\/wp\/v2\/product"}],"about":[{"href":"https:\/\/denizmtl.com\/mobilapp\/wp-json\/wp\/v2\/types\/product"}],"author":[{"embeddable":true,"href":"https:\/\/denizmtl.com\/mobilapp\/wp-json\/wp\/v2\/users\/1"}],"replies":[{"embeddable":true,"href":"https:\/\/denizmtl.com\/mobilapp\/wp-json\/wp\/v2\/comments?post=28544"}],"wp:featuredmedia":[{"embeddable":true,"href":"https:\/\/denizmtl.com\/mobilapp\/wp-json\/wp\/v2\/media\/28574"}],"wp:attachment":[{"href":"https:\/\/denizmtl.com\/mobilapp\/wp-json\/wp\/v2\/media?parent=28544"}],"wp:term":[{"taxonomy":"product_brand","embeddable":true,"href":"https:\/\/denizmtl.com\/mobilapp\/wp-json\/wp\/v2\/product_brand?post=28544"},{"taxonomy":"product_cat","embeddable":true,"href":"https:\/\/denizmtl.com\/mobilapp\/wp-json\/wp\/v2\/product_cat?post=28544"},{"taxonomy":"product_tag","embeddable":true,"href":"https:\/\/denizmtl.com\/mobilapp\/wp-json\/wp\/v2\/product_tag?post=28544"}],"curies":[{"name":"wp","href":"https:\/\/api.w.org\/{rel}","templated":true}]}}