{"id":28543,"date":"2025-08-14T11:31:40","date_gmt":"2025-08-14T08:31:40","guid":{"rendered":"https:\/\/denizmtl.com\/mobilapp\/?post_type=product&#038;p=28543"},"modified":"2025-08-14T11:31:56","modified_gmt":"2025-08-14T08:31:56","slug":"insize-srt-c-otomatik-yay-test-makineleri","status":"publish","type":"product","link":"https:\/\/denizmtl.com\/mobilapp\/urunler\/insize-srt-c-otomatik-yay-test-makineleri\/","title":{"rendered":"Insize SRT-C Otomatik Yay Test Makineleri"},"content":{"rendered":"","protected":false},"excerpt":{"rendered":"<ul>\n<li>Her t\u00fcrl\u00fc yay \u00e7ekme, bas\u0131n\u00e7 testlerine uygulanabilir<\/li>\n<li>Kararl\u0131 ve g\u00fcvenilir y\u00fckleme sa\u011flamak i\u00e7in d\u00f6rt adet vidal\u0131 mil ve iki adet k\u0131lavuz kolonla donat\u0131lm\u0131\u015f y\u00fcksek mukavemetli y\u00fck \u00e7er\u00e7eve yap\u0131s\u0131n\u0131 kullan\u0131n<\/li>\n<li>Otomatik s\u0131f\u0131r arama fonksiyonu<\/li>\n<li>Kuvvet birimi: N, kg, lb, yer de\u011fi\u015ftirme birimi: mm, in\u00e7<\/li>\n<li>Test verileri ve e\u011frisi otomatik olarak saklanabilir, test raporu otomatik olarak olu\u015fturulabilir<\/li>\n<li>Kuvvet a\u015f\u0131r\u0131 y\u00fck korumas\u0131, kiri\u015f s\u0131n\u0131r konumu korumas\u0131, a\u015f\u0131r\u0131 y\u00fck korumas\u0131<\/li>\n<li><a href=\"https:\/\/denizmtl.com\/wp-content\/uploads\/2025\/04\/SRT-C.pdf\"><strong>PDF i\u00e7in t\u0131klay\u0131n\u0131z.<\/strong><\/a><\/li>\n<\/ul>\n","protected":false},"author":1,"featured_media":28573,"comment_status":"open","ping_status":"closed","template":"","meta":[],"product_brand":[],"product_cat":[28],"product_tag":[],"class_list":{"0":"post-28543","1":"product","2":"type-product","3":"status-publish","4":"has-post-thumbnail","6":"product_cat-diger-olcu-aletleri","8":"first","9":"instock","10":"shipping-taxable","11":"product-type-simple"},"_links":{"self":[{"href":"https:\/\/denizmtl.com\/mobilapp\/wp-json\/wp\/v2\/product\/28543","targetHints":{"allow":["GET"]}}],"collection":[{"href":"https:\/\/denizmtl.com\/mobilapp\/wp-json\/wp\/v2\/product"}],"about":[{"href":"https:\/\/denizmtl.com\/mobilapp\/wp-json\/wp\/v2\/types\/product"}],"author":[{"embeddable":true,"href":"https:\/\/denizmtl.com\/mobilapp\/wp-json\/wp\/v2\/users\/1"}],"replies":[{"embeddable":true,"href":"https:\/\/denizmtl.com\/mobilapp\/wp-json\/wp\/v2\/comments?post=28543"}],"wp:featuredmedia":[{"embeddable":true,"href":"https:\/\/denizmtl.com\/mobilapp\/wp-json\/wp\/v2\/media\/28573"}],"wp:attachment":[{"href":"https:\/\/denizmtl.com\/mobilapp\/wp-json\/wp\/v2\/media?parent=28543"}],"wp:term":[{"taxonomy":"product_brand","embeddable":true,"href":"https:\/\/denizmtl.com\/mobilapp\/wp-json\/wp\/v2\/product_brand?post=28543"},{"taxonomy":"product_cat","embeddable":true,"href":"https:\/\/denizmtl.com\/mobilapp\/wp-json\/wp\/v2\/product_cat?post=28543"},{"taxonomy":"product_tag","embeddable":true,"href":"https:\/\/denizmtl.com\/mobilapp\/wp-json\/wp\/v2\/product_tag?post=28543"}],"curies":[{"name":"wp","href":"https:\/\/api.w.org\/{rel}","templated":true}]}}