{"id":28542,"date":"2025-08-14T11:31:39","date_gmt":"2025-08-14T08:31:39","guid":{"rendered":"https:\/\/denizmtl.com\/mobilapp\/?post_type=product&#038;p=28542"},"modified":"2025-08-14T11:31:55","modified_gmt":"2025-08-14T08:31:55","slug":"insize-ism-ma-s300-kaynak-dikisi-olcum-yazilimi-ve-kamera","status":"publish","type":"product","link":"https:\/\/denizmtl.com\/mobilapp\/urunler\/insize-ism-ma-s300-kaynak-dikisi-olcum-yazilimi-ve-kamera\/","title":{"rendered":"Insize ISM-MA S300 Kaynak Diki\u015fi \u00d6l\u00e7\u00fcm Yaz\u0131l\u0131m\u0131 ve Kamera"},"content":{"rendered":"","protected":false},"excerpt":{"rendered":"<ul>\n<li>\u00c7e\u015fitli kaynak prosesleri ile olu\u015fturulan kaynak penetrasyon derinli\u011finin mikroskobik foto\u011fraflanmas\u0131 ve \u00f6l\u00e7\u00fcm\u00fc<\/li>\n<li>Penetrasyon derinli\u011fi, penetrasyon geni\u015fli\u011fi, penetrasyon y\u00fcksekli\u011fi, bindirme miktar\u0131, kesim vb. \u00f6l\u00e7\u00fcm\u00fc ve analizi.<\/li>\n<li>\u0130ki rapor \u015fablonu sa\u011flan\u0131r ve \u00f6zelle\u015ftirilmi\u015f rapor \u015fablonlar\u0131 da sa\u011flanabilir<\/li>\n<li>\u00c7ok \u00e7e\u015fitli uygulamalar, birden fazla mikroskop ve kamera ile uyumludur.<\/li>\n<li><a href=\"https:\/\/denizmtl.com\/wp-content\/uploads\/2025\/04\/ISM-MAS300.pdf\"><strong>PDF i\u00e7in t\u0131klay\u0131n\u0131z.<\/strong><\/a><\/li>\n<\/ul>\n","protected":false},"author":1,"featured_media":28572,"comment_status":"open","ping_status":"closed","template":"","meta":[],"product_brand":[],"product_cat":[28],"product_tag":[],"class_list":{"0":"post-28542","1":"product","2":"type-product","3":"status-publish","4":"has-post-thumbnail","6":"product_cat-diger-olcu-aletleri","8":"first","9":"instock","10":"shipping-taxable","11":"product-type-simple"},"_links":{"self":[{"href":"https:\/\/denizmtl.com\/mobilapp\/wp-json\/wp\/v2\/product\/28542","targetHints":{"allow":["GET"]}}],"collection":[{"href":"https:\/\/denizmtl.com\/mobilapp\/wp-json\/wp\/v2\/product"}],"about":[{"href":"https:\/\/denizmtl.com\/mobilapp\/wp-json\/wp\/v2\/types\/product"}],"author":[{"embeddable":true,"href":"https:\/\/denizmtl.com\/mobilapp\/wp-json\/wp\/v2\/users\/1"}],"replies":[{"embeddable":true,"href":"https:\/\/denizmtl.com\/mobilapp\/wp-json\/wp\/v2\/comments?post=28542"}],"wp:featuredmedia":[{"embeddable":true,"href":"https:\/\/denizmtl.com\/mobilapp\/wp-json\/wp\/v2\/media\/28572"}],"wp:attachment":[{"href":"https:\/\/denizmtl.com\/mobilapp\/wp-json\/wp\/v2\/media?parent=28542"}],"wp:term":[{"taxonomy":"product_brand","embeddable":true,"href":"https:\/\/denizmtl.com\/mobilapp\/wp-json\/wp\/v2\/product_brand?post=28542"},{"taxonomy":"product_cat","embeddable":true,"href":"https:\/\/denizmtl.com\/mobilapp\/wp-json\/wp\/v2\/product_cat?post=28542"},{"taxonomy":"product_tag","embeddable":true,"href":"https:\/\/denizmtl.com\/mobilapp\/wp-json\/wp\/v2\/product_tag?post=28542"}],"curies":[{"name":"wp","href":"https:\/\/api.w.org\/{rel}","templated":true}]}}