{"id":28534,"date":"2025-08-14T11:31:38","date_gmt":"2025-08-14T08:31:38","guid":{"rendered":"https:\/\/denizmtl.com\/mobilapp\/?post_type=product&#038;p=28534"},"modified":"2025-08-14T11:31:51","modified_gmt":"2025-08-14T08:31:51","slug":"insize-vim-l40-cevrimici-cevrimdisi-hizli-olcum-sistemi","status":"publish","type":"product","link":"https:\/\/denizmtl.com\/mobilapp\/urunler\/insize-vim-l40-cevrimici-cevrimdisi-hizli-olcum-sistemi\/","title":{"rendered":"Insize VIM-L40 \u00c7evrimi\u00e7i\/\u00c7evrimd\u0131\u015f\u0131 H\u0131zl\u0131 \u00d6l\u00e7\u00fcm Sistemi"},"content":{"rendered":"","protected":false},"excerpt":{"rendered":"<ul>\n<li>D\u00fc\u015f\u00fck bozulma sistemi, g\u00f6r\u00fc\u015f alan\u0131 boyunca do\u011frulu\u011fu garanti eder<\/li>\n<li>\u00c7ift telesentrik optik sistem, hizas\u0131z hedeflerde bile do\u011fruluktan \u00f6d\u00fcn vermeden keskin kenarlar sa\u011flar<\/li>\n<li>Kurulumu basitle\u015ftirmek i\u00e7in kullan\u0131m\u0131 kolay \u00f6l\u00e7\u00fcm ara\u00e7lar\u0131<\/li>\n<li><a href=\"https:\/\/denizmtl.com\/wp-content\/uploads\/2025\/03\/VIM-L40.pdf\"><strong>PDF i\u00e7in t\u0131klay\u0131n\u0131z.<\/strong><\/a><\/li>\n<\/ul>\n","protected":false},"author":1,"featured_media":28564,"comment_status":"open","ping_status":"closed","template":"","meta":[],"product_brand":[],"product_cat":[28,117],"product_tag":[],"class_list":{"0":"post-28534","1":"product","2":"type-product","3":"status-publish","4":"has-post-thumbnail","6":"product_cat-diger-olcu-aletleri","7":"product_cat-olcum-setleri","9":"first","10":"instock","11":"shipping-taxable","12":"product-type-simple"},"_links":{"self":[{"href":"https:\/\/denizmtl.com\/mobilapp\/wp-json\/wp\/v2\/product\/28534","targetHints":{"allow":["GET"]}}],"collection":[{"href":"https:\/\/denizmtl.com\/mobilapp\/wp-json\/wp\/v2\/product"}],"about":[{"href":"https:\/\/denizmtl.com\/mobilapp\/wp-json\/wp\/v2\/types\/product"}],"author":[{"embeddable":true,"href":"https:\/\/denizmtl.com\/mobilapp\/wp-json\/wp\/v2\/users\/1"}],"replies":[{"embeddable":true,"href":"https:\/\/denizmtl.com\/mobilapp\/wp-json\/wp\/v2\/comments?post=28534"}],"wp:featuredmedia":[{"embeddable":true,"href":"https:\/\/denizmtl.com\/mobilapp\/wp-json\/wp\/v2\/media\/28564"}],"wp:attachment":[{"href":"https:\/\/denizmtl.com\/mobilapp\/wp-json\/wp\/v2\/media?parent=28534"}],"wp:term":[{"taxonomy":"product_brand","embeddable":true,"href":"https:\/\/denizmtl.com\/mobilapp\/wp-json\/wp\/v2\/product_brand?post=28534"},{"taxonomy":"product_cat","embeddable":true,"href":"https:\/\/denizmtl.com\/mobilapp\/wp-json\/wp\/v2\/product_cat?post=28534"},{"taxonomy":"product_tag","embeddable":true,"href":"https:\/\/denizmtl.com\/mobilapp\/wp-json\/wp\/v2\/product_tag?post=28534"}],"curies":[{"name":"wp","href":"https:\/\/api.w.org\/{rel}","templated":true}]}}