{"id":28529,"date":"2025-08-14T11:31:37","date_gmt":"2025-08-14T08:31:37","guid":{"rendered":"https:\/\/denizmtl.com\/mobilapp\/?post_type=product&#038;p=28529"},"modified":"2025-08-14T11:31:49","modified_gmt":"2025-08-14T08:31:49","slug":"insize-4953-dahili-bluetooth-blok-seviyesi","status":"publish","type":"product","link":"https:\/\/denizmtl.com\/mobilapp\/urunler\/insize-4953-dahili-bluetooth-blok-seviyesi\/","title":{"rendered":"Insize 4953 Dahili Bluetooth Blok Seviyesi"},"content":{"rendered":"","protected":false},"excerpt":{"rendered":"<ul>\n<li>D\u00fc\u011fme i\u015flevi: a\u00e7ma\/kapama, veri tutma, okuma \u00e7evirme, birim d\u00f6n\u00fc\u015ft\u00fcrme (\u00b0, mm\/m)<\/li>\n<li>Analog baloncuklar, X ekseninde ve Y ekseninde e\u011fim e\u011filimlerini g\u00f6sterebilir<\/li>\n<li>Dahili Bluetooth, iletim mesafesi 10 metredir (hi\u00e7bir engel ve elektromanyetik giri\u015fim olmamas\u0131 ko\u015fuluyla)<\/li>\n<li>Android ve iPhone UYGULAMALARI dahildir<\/li>\n<li>3xAAA pil ile \u00e7al\u0131\u015f\u0131r<\/li>\n<li>Otomatik kapanma<\/li>\n<li><a href=\"https:\/\/denizmtl.com\/wp-content\/uploads\/2025\/03\/4953.pdf\"><strong>PDF i\u00e7in t\u0131klay\u0131n\u0131z.<\/strong><\/a><\/li>\n<\/ul>\n","protected":false},"author":1,"featured_media":28559,"comment_status":"open","ping_status":"closed","template":"","meta":[],"product_brand":[],"product_cat":[28],"product_tag":[],"class_list":{"0":"post-28529","1":"product","2":"type-product","3":"status-publish","4":"has-post-thumbnail","6":"product_cat-diger-olcu-aletleri","8":"first","9":"instock","10":"shipping-taxable","11":"product-type-simple"},"_links":{"self":[{"href":"https:\/\/denizmtl.com\/mobilapp\/wp-json\/wp\/v2\/product\/28529","targetHints":{"allow":["GET"]}}],"collection":[{"href":"https:\/\/denizmtl.com\/mobilapp\/wp-json\/wp\/v2\/product"}],"about":[{"href":"https:\/\/denizmtl.com\/mobilapp\/wp-json\/wp\/v2\/types\/product"}],"author":[{"embeddable":true,"href":"https:\/\/denizmtl.com\/mobilapp\/wp-json\/wp\/v2\/users\/1"}],"replies":[{"embeddable":true,"href":"https:\/\/denizmtl.com\/mobilapp\/wp-json\/wp\/v2\/comments?post=28529"}],"wp:featuredmedia":[{"embeddable":true,"href":"https:\/\/denizmtl.com\/mobilapp\/wp-json\/wp\/v2\/media\/28559"}],"wp:attachment":[{"href":"https:\/\/denizmtl.com\/mobilapp\/wp-json\/wp\/v2\/media?parent=28529"}],"wp:term":[{"taxonomy":"product_brand","embeddable":true,"href":"https:\/\/denizmtl.com\/mobilapp\/wp-json\/wp\/v2\/product_brand?post=28529"},{"taxonomy":"product_cat","embeddable":true,"href":"https:\/\/denizmtl.com\/mobilapp\/wp-json\/wp\/v2\/product_cat?post=28529"},{"taxonomy":"product_tag","embeddable":true,"href":"https:\/\/denizmtl.com\/mobilapp\/wp-json\/wp\/v2\/product_tag?post=28529"}],"curies":[{"name":"wp","href":"https:\/\/api.w.org\/{rel}","templated":true}]}}