{"id":28521,"date":"2025-08-14T11:31:35","date_gmt":"2025-08-14T08:31:35","guid":{"rendered":"https:\/\/denizmtl.com\/mobilapp\/?post_type=product&#038;p=28521"},"modified":"2025-08-14T11:31:44","modified_gmt":"2025-08-14T08:31:44","slug":"insize-4910-400wl-600wl-1000wl-dahili-bluetooth-dijital-seviyeler-ve-egim-olcerler","status":"publish","type":"product","link":"https:\/\/denizmtl.com\/mobilapp\/urunler\/insize-4910-400wl-600wl-1000wl-dahili-bluetooth-dijital-seviyeler-ve-egim-olcerler\/","title":{"rendered":"Insize 4910-400WL\/600WL\/1000WL Dahili Bluetooth Dijital Seviyeler ve E\u011fim \u00d6l\u00e7erler"},"content":{"rendered":"","protected":false},"excerpt":{"rendered":"<ul>\n<li>Enine ve boyuna \u015fi\u015felerle<\/li>\n<li>Seviye ve e\u011fim \u00f6l\u00e7er olarak kullan\u0131l\u0131r, iki ayr\u0131 y\u00fczeyin a\u00e7\u0131s\u0131n\u0131 \u00f6l\u00e7ebilir<\/li>\n<li>Al\u00fcminyum \u00e7er\u00e7eve, manyetik taban<\/li>\n<li>Deniz seviyesi \u00e7ipin i\u00e7inde kal\u0131c\u0131 olarak ayarlanm\u0131\u015ft\u0131r, piller de\u011fi\u015ftirilirken s\u0131f\u0131r ayar\u0131na gerek yoktur<\/li>\n<li>D\u00fc\u011fmeler: A\u00c7IK\/KAPALI, mutlak ve art\u0131ml\u0131 \u00f6l\u00e7\u00fcm, okumay\u0131 saklama, sesli alarm (4910-400WL i\u00e7in de\u011fil), birim d\u00f6n\u00fc\u015ft\u00fcrme (mm\/m, %, in\/ft) (4910-400WL i\u00e7in de\u011fil), arka \u0131\u015f\u0131k<\/li>\n<li>Alt k\u0131s\u0131m yukar\u0131 bakt\u0131\u011f\u0131nda ekran ters \u00e7evrilir<\/li>\n<li>Dahili Bluetooth, iletim mesafesi 10 metredir (hi\u00e7bir engel ve elektromanyetik giri\u015fim olmamas\u0131 ko\u015fuluyla)<\/li>\n<li>Android ve iPhone UYGULAMALARI dahildir<\/li>\n<li>\u0130ki adet AAA pil<\/li>\n<li>Otomatik kapanma<\/li>\n<li><a href=\"https:\/\/denizmtl.com\/wp-content\/uploads\/2025\/03\/4910-400WL.pdf\"><strong>PDF i\u00e7in t\u0131klay\u0131n\u0131z.<\/strong><\/a><\/li>\n<\/ul>\n","protected":false},"author":1,"featured_media":28551,"comment_status":"open","ping_status":"closed","template":"","meta":[],"product_brand":[],"product_cat":[28,96],"product_tag":[],"class_list":{"0":"post-28521","1":"product","2":"type-product","3":"status-publish","4":"has-post-thumbnail","6":"product_cat-diger-olcu-aletleri","7":"product_cat-standart-olcu-aletleri","9":"first","10":"instock","11":"shipping-taxable","12":"product-type-simple"},"_links":{"self":[{"href":"https:\/\/denizmtl.com\/mobilapp\/wp-json\/wp\/v2\/product\/28521","targetHints":{"allow":["GET"]}}],"collection":[{"href":"https:\/\/denizmtl.com\/mobilapp\/wp-json\/wp\/v2\/product"}],"about":[{"href":"https:\/\/denizmtl.com\/mobilapp\/wp-json\/wp\/v2\/types\/product"}],"author":[{"embeddable":true,"href":"https:\/\/denizmtl.com\/mobilapp\/wp-json\/wp\/v2\/users\/1"}],"replies":[{"embeddable":true,"href":"https:\/\/denizmtl.com\/mobilapp\/wp-json\/wp\/v2\/comments?post=28521"}],"wp:featuredmedia":[{"embeddable":true,"href":"https:\/\/denizmtl.com\/mobilapp\/wp-json\/wp\/v2\/media\/28551"}],"wp:attachment":[{"href":"https:\/\/denizmtl.com\/mobilapp\/wp-json\/wp\/v2\/media?parent=28521"}],"wp:term":[{"taxonomy":"product_brand","embeddable":true,"href":"https:\/\/denizmtl.com\/mobilapp\/wp-json\/wp\/v2\/product_brand?post=28521"},{"taxonomy":"product_cat","embeddable":true,"href":"https:\/\/denizmtl.com\/mobilapp\/wp-json\/wp\/v2\/product_cat?post=28521"},{"taxonomy":"product_tag","embeddable":true,"href":"https:\/\/denizmtl.com\/mobilapp\/wp-json\/wp\/v2\/product_tag?post=28521"}],"curies":[{"name":"wp","href":"https:\/\/api.w.org\/{rel}","templated":true}]}}