{"id":28485,"date":"2025-08-14T11:31:16","date_gmt":"2025-08-14T08:31:16","guid":{"rendered":"https:\/\/denizmtl.com\/mobilapp\/?post_type=product&#038;p=28485"},"modified":"2025-08-14T11:31:32","modified_gmt":"2025-08-14T08:31:32","slug":"insize-5208-burdon-tupu-basinc-olcerleri-sivi-dolu","status":"publish","type":"product","link":"https:\/\/denizmtl.com\/mobilapp\/urunler\/insize-5208-burdon-tupu-basinc-olcerleri-sivi-dolu\/","title":{"rendered":"Insize 5208 Burdon T\u00fcp\u00fc Bas\u0131n\u00e7 \u00d6l\u00e7erleri (S\u0131v\u0131 Dolu)"},"content":{"rendered":"","protected":false},"excerpt":{"rendered":"<ul>\n<li>Paslanmaz \u00e7elik kasa, paslanmaz \u00e7elik halka, paslanmaz \u00e7elik ba\u011flant\u0131 paslanmaz \u00e7elik burdon t\u00fcp\u00fc<\/li>\n<li>Hidrolik ve pn\u00f6matik sistemler, kompres\u00f6rler, bas\u0131n\u00e7l\u0131 hava sistemleri i\u00e7in kullan\u0131l\u0131r. darbeye ve darbeye dayan\u0131kl\u0131<\/li>\n<li>Ba\u011flant\u0131 portunu t\u0131kamayan veya paslanmaz \u00e7eli\u011fi a\u015f\u0131nd\u0131rmayan ak\u0131\u015fkan ortamlar i\u00e7in uygundur<\/li>\n<li><a href=\"https:\/\/denizmtl.com\/wp-content\/uploads\/2025\/03\/5208.pdf\"><strong>PDF i\u00e7in t\u0131klay\u0131n\u0131z.<\/strong><\/a><\/li>\n<\/ul>\n","protected":false},"author":1,"featured_media":28513,"comment_status":"open","ping_status":"closed","template":"","meta":[],"product_brand":[],"product_cat":[32],"product_tag":[],"class_list":{"0":"post-28485","1":"product","2":"type-product","3":"status-publish","4":"has-post-thumbnail","6":"product_cat-salgi-saatleri","8":"first","9":"instock","10":"shipping-taxable","11":"product-type-simple"},"_links":{"self":[{"href":"https:\/\/denizmtl.com\/mobilapp\/wp-json\/wp\/v2\/product\/28485","targetHints":{"allow":["GET"]}}],"collection":[{"href":"https:\/\/denizmtl.com\/mobilapp\/wp-json\/wp\/v2\/product"}],"about":[{"href":"https:\/\/denizmtl.com\/mobilapp\/wp-json\/wp\/v2\/types\/product"}],"author":[{"embeddable":true,"href":"https:\/\/denizmtl.com\/mobilapp\/wp-json\/wp\/v2\/users\/1"}],"replies":[{"embeddable":true,"href":"https:\/\/denizmtl.com\/mobilapp\/wp-json\/wp\/v2\/comments?post=28485"}],"wp:featuredmedia":[{"embeddable":true,"href":"https:\/\/denizmtl.com\/mobilapp\/wp-json\/wp\/v2\/media\/28513"}],"wp:attachment":[{"href":"https:\/\/denizmtl.com\/mobilapp\/wp-json\/wp\/v2\/media?parent=28485"}],"wp:term":[{"taxonomy":"product_brand","embeddable":true,"href":"https:\/\/denizmtl.com\/mobilapp\/wp-json\/wp\/v2\/product_brand?post=28485"},{"taxonomy":"product_cat","embeddable":true,"href":"https:\/\/denizmtl.com\/mobilapp\/wp-json\/wp\/v2\/product_cat?post=28485"},{"taxonomy":"product_tag","embeddable":true,"href":"https:\/\/denizmtl.com\/mobilapp\/wp-json\/wp\/v2\/product_tag?post=28485"}],"curies":[{"name":"wp","href":"https:\/\/api.w.org\/{rel}","templated":true}]}}