{"id":28480,"date":"2025-08-14T11:31:15","date_gmt":"2025-08-14T08:31:15","guid":{"rendered":"https:\/\/denizmtl.com\/mobilapp\/?post_type=product&#038;p=28480"},"modified":"2025-08-14T11:31:29","modified_gmt":"2025-08-14T08:31:29","slug":"insize-5213-proses-basinc-gostergeleri","status":"publish","type":"product","link":"https:\/\/denizmtl.com\/mobilapp\/urunler\/insize-5213-proses-basinc-gostergeleri\/","title":{"rendered":"Insize 5213 Proses Bas\u0131n\u00e7 G\u00f6stergeleri"},"content":{"rendered":"","protected":false},"excerpt":{"rendered":"<ul>\n<li>G\u00fcvenlik desen tasar\u0131m\u0131, paslanmaz \u00e7elik ba\u011flant\u0131, g\u00fcvenlik cam\u0131 penceresi<\/li>\n<li>T\u00fcm i\u00e7 par\u00e7alar paslanmaz \u00e7eliktir<\/li>\n<li>Proses g\u00f6stergesi, a\u015f\u0131nd\u0131r\u0131c\u0131 atmosferlere ve ortamlara, titre\u015fime ve titre\u015fime dayanacak \u015fekilde tasarlanm\u0131\u015ft\u0131r, proses end\u00fcstrileri i\u00e7in tasarlanm\u0131\u015f \u00e7ok sa\u011flam bir g\u00f6stergedir<\/li>\n<li>Bas\u0131n\u00e7 g\u00f6stergesi g\u0131da, i\u00e7ecek, so\u011futma, petrol-kimyasal i\u015fleme vb. alanlarda kullan\u0131l\u0131r.<\/li>\n<li><a href=\"https:\/\/denizmtl.com\/wp-content\/uploads\/2025\/03\/5213.pdf\"><strong>PDF i\u00e7in t\u0131klay\u0131n\u0131z.<\/strong><\/a><\/li>\n<\/ul>\n","protected":false},"author":1,"featured_media":28508,"comment_status":"open","ping_status":"closed","template":"","meta":[],"product_brand":[],"product_cat":[28,18,117],"product_tag":[],"class_list":{"0":"post-28480","1":"product","2":"type-product","3":"status-publish","4":"has-post-thumbnail","6":"product_cat-diger-olcu-aletleri","7":"product_cat-insize","8":"product_cat-olcum-setleri","10":"first","11":"instock","12":"shipping-taxable","13":"product-type-simple"},"_links":{"self":[{"href":"https:\/\/denizmtl.com\/mobilapp\/wp-json\/wp\/v2\/product\/28480","targetHints":{"allow":["GET"]}}],"collection":[{"href":"https:\/\/denizmtl.com\/mobilapp\/wp-json\/wp\/v2\/product"}],"about":[{"href":"https:\/\/denizmtl.com\/mobilapp\/wp-json\/wp\/v2\/types\/product"}],"author":[{"embeddable":true,"href":"https:\/\/denizmtl.com\/mobilapp\/wp-json\/wp\/v2\/users\/1"}],"replies":[{"embeddable":true,"href":"https:\/\/denizmtl.com\/mobilapp\/wp-json\/wp\/v2\/comments?post=28480"}],"wp:featuredmedia":[{"embeddable":true,"href":"https:\/\/denizmtl.com\/mobilapp\/wp-json\/wp\/v2\/media\/28508"}],"wp:attachment":[{"href":"https:\/\/denizmtl.com\/mobilapp\/wp-json\/wp\/v2\/media?parent=28480"}],"wp:term":[{"taxonomy":"product_brand","embeddable":true,"href":"https:\/\/denizmtl.com\/mobilapp\/wp-json\/wp\/v2\/product_brand?post=28480"},{"taxonomy":"product_cat","embeddable":true,"href":"https:\/\/denizmtl.com\/mobilapp\/wp-json\/wp\/v2\/product_cat?post=28480"},{"taxonomy":"product_tag","embeddable":true,"href":"https:\/\/denizmtl.com\/mobilapp\/wp-json\/wp\/v2\/product_tag?post=28480"}],"curies":[{"name":"wp","href":"https:\/\/api.w.org\/{rel}","templated":true}]}}