{"id":28474,"date":"2025-08-14T11:31:14","date_gmt":"2025-08-14T08:31:14","guid":{"rendered":"https:\/\/denizmtl.com\/mobilapp\/?post_type=product&#038;p=28474"},"modified":"2025-08-14T11:31:26","modified_gmt":"2025-08-14T08:31:26","slug":"insize-5501-basinc-transmitterleri","status":"publish","type":"product","link":"https:\/\/denizmtl.com\/mobilapp\/urunler\/insize-5501-basinc-transmitterleri\/","title":{"rendered":"Insize 5501 Bas\u0131n\u00e7 Transmitterleri"},"content":{"rendered":"","protected":false},"excerpt":{"rendered":"<ul>\n<li>Kompakt yap\u0131 tasar\u0131m\u0131, k\u00fc\u00e7\u00fck g\u00f6r\u00fcn\u00fcm, kurulumu kolay<\/li>\n<li>Dijital devre tasar\u0131m\u0131, iyi cihaz uyumlulu\u011fu<\/li>\n<li>Y\u00fcksek hassasiyet i\u00e7in y\u00fcksek performansl\u0131 dif\u00fczyon silikon sens\u00f6r\u00fc<\/li>\n<li>Uzun vadede iyi stabilite ve y\u00fcksek hassasiyet<\/li>\n<li>Devre, anti-frekans giri\u015fim tasar\u0131m\u0131n\u0131, kararl\u0131 \u00e7\u0131k\u0131\u015f sinyalini benimser<\/li>\n<li>Ters ba\u011flant\u0131 korumas\u0131<\/li>\n<li>304 paslanmaz \u00e7elik malzeme<\/li>\n<li><a href=\"https:\/\/denizmtl.com\/wp-content\/uploads\/2025\/03\/5501.pdf\"><strong>PDF i\u00e7in t\u0131klay\u0131n\u0131z.<\/strong><\/a><\/li>\n<\/ul>\n","protected":false},"author":1,"featured_media":28502,"comment_status":"open","ping_status":"closed","template":"","meta":[],"product_brand":[],"product_cat":[28],"product_tag":[],"class_list":{"0":"post-28474","1":"product","2":"type-product","3":"status-publish","4":"has-post-thumbnail","6":"product_cat-diger-olcu-aletleri","8":"first","9":"instock","10":"shipping-taxable","11":"product-type-simple"},"_links":{"self":[{"href":"https:\/\/denizmtl.com\/mobilapp\/wp-json\/wp\/v2\/product\/28474","targetHints":{"allow":["GET"]}}],"collection":[{"href":"https:\/\/denizmtl.com\/mobilapp\/wp-json\/wp\/v2\/product"}],"about":[{"href":"https:\/\/denizmtl.com\/mobilapp\/wp-json\/wp\/v2\/types\/product"}],"author":[{"embeddable":true,"href":"https:\/\/denizmtl.com\/mobilapp\/wp-json\/wp\/v2\/users\/1"}],"replies":[{"embeddable":true,"href":"https:\/\/denizmtl.com\/mobilapp\/wp-json\/wp\/v2\/comments?post=28474"}],"wp:featuredmedia":[{"embeddable":true,"href":"https:\/\/denizmtl.com\/mobilapp\/wp-json\/wp\/v2\/media\/28502"}],"wp:attachment":[{"href":"https:\/\/denizmtl.com\/mobilapp\/wp-json\/wp\/v2\/media?parent=28474"}],"wp:term":[{"taxonomy":"product_brand","embeddable":true,"href":"https:\/\/denizmtl.com\/mobilapp\/wp-json\/wp\/v2\/product_brand?post=28474"},{"taxonomy":"product_cat","embeddable":true,"href":"https:\/\/denizmtl.com\/mobilapp\/wp-json\/wp\/v2\/product_cat?post=28474"},{"taxonomy":"product_tag","embeddable":true,"href":"https:\/\/denizmtl.com\/mobilapp\/wp-json\/wp\/v2\/product_tag?post=28474"}],"curies":[{"name":"wp","href":"https:\/\/api.w.org\/{rel}","templated":true}]}}