{"id":28468,"date":"2025-08-14T11:31:13","date_gmt":"2025-08-14T08:31:13","guid":{"rendered":"https:\/\/denizmtl.com\/mobilapp\/?post_type=product&#038;p=28468"},"modified":"2025-08-14T11:31:24","modified_gmt":"2025-08-14T08:31:24","slug":"hes-tp01-tp02-el-tipi-iplik-muayene-makineleri","status":"publish","type":"product","link":"https:\/\/denizmtl.com\/mobilapp\/urunler\/hes-tp01-tp02-el-tipi-iplik-muayene-makineleri\/","title":{"rendered":"HES-TP01\/TP02 El Tipi \u0130plik Muayene Makineleri"},"content":{"rendered":"","protected":false},"excerpt":{"rendered":"<ul>\n<li>Sol ve sa\u011f i\u00e7 di\u015flilerin muayenesi i\u00e7in<\/li>\n<li>Y\u00fcksek hassasiyetli tork + a\u00e7\u0131 kontrol\u00fc<\/li>\n<li>Ger\u00e7ek zamanl\u0131 tork g\u00f6sterimi, OK say\u0131lar\u0131, NG say\u0131lar\u0131 ve ge\u00e7i\u015f oran\u0131<\/li>\n<li>NG i\u015f par\u00e7ac\u0131\u011f\u0131 alg\u0131lan\u0131rsa, alarm etkinle\u015ftirilir ve ilgili NG parametresi denetleyicide k\u0131rm\u0131z\u0131 renkte g\u00f6r\u00fcnt\u00fclenir<\/li>\n<li>Proses kontrol\u00fc ve veri iletimi i\u00e7in programlanabilir IO ve RS485 ileti\u015fim portu sa\u011flay\u0131n<\/li>\n<li>Di\u015fli tapa g\u00f6stergeleri farkl\u0131 boyutlarla de\u011fi\u015ftirilebilir<\/li>\n<li>DLC kaplamal\u0131 di\u015f g\u00f6stergeleri, m\u00fckemmel a\u015f\u0131nma direnci<\/li>\n<li>\u0130ste\u011fe ba\u011fl\u0131 aksesuar: di\u015fli tapa g\u00f6stergeleri, denge kolu, tork test cihaz\u0131<\/li>\n<li><a href=\"https:\/\/denizmtl.com\/wp-content\/uploads\/2025\/03\/HES-TP-1.pdf\"><strong>PDF i\u00e7in t\u0131klay\u0131n\u0131z.<\/strong><\/a><\/li>\n<\/ul>\n","protected":false},"author":1,"featured_media":28498,"comment_status":"open","ping_status":"closed","template":"","meta":[],"product_brand":[],"product_cat":[18],"product_tag":[],"class_list":{"0":"post-28468","1":"product","2":"type-product","3":"status-publish","4":"has-post-thumbnail","6":"product_cat-insize","8":"first","9":"instock","10":"shipping-taxable","11":"product-type-simple"},"_links":{"self":[{"href":"https:\/\/denizmtl.com\/mobilapp\/wp-json\/wp\/v2\/product\/28468","targetHints":{"allow":["GET"]}}],"collection":[{"href":"https:\/\/denizmtl.com\/mobilapp\/wp-json\/wp\/v2\/product"}],"about":[{"href":"https:\/\/denizmtl.com\/mobilapp\/wp-json\/wp\/v2\/types\/product"}],"author":[{"embeddable":true,"href":"https:\/\/denizmtl.com\/mobilapp\/wp-json\/wp\/v2\/users\/1"}],"replies":[{"embeddable":true,"href":"https:\/\/denizmtl.com\/mobilapp\/wp-json\/wp\/v2\/comments?post=28468"}],"wp:featuredmedia":[{"embeddable":true,"href":"https:\/\/denizmtl.com\/mobilapp\/wp-json\/wp\/v2\/media\/28498"}],"wp:attachment":[{"href":"https:\/\/denizmtl.com\/mobilapp\/wp-json\/wp\/v2\/media?parent=28468"}],"wp:term":[{"taxonomy":"product_brand","embeddable":true,"href":"https:\/\/denizmtl.com\/mobilapp\/wp-json\/wp\/v2\/product_brand?post=28468"},{"taxonomy":"product_cat","embeddable":true,"href":"https:\/\/denizmtl.com\/mobilapp\/wp-json\/wp\/v2\/product_cat?post=28468"},{"taxonomy":"product_tag","embeddable":true,"href":"https:\/\/denizmtl.com\/mobilapp\/wp-json\/wp\/v2\/product_tag?post=28468"}],"curies":[{"name":"wp","href":"https:\/\/api.w.org\/{rel}","templated":true}]}}