{"id":28466,"date":"2025-08-14T11:31:12","date_gmt":"2025-08-14T08:31:12","guid":{"rendered":"https:\/\/denizmtl.com\/mobilapp\/?post_type=product&#038;p=28466"},"modified":"2025-08-14T11:31:23","modified_gmt":"2025-08-14T08:31:23","slug":"insize-4631-metrik-disli-halka-olcerler-2","status":"publish","type":"product","link":"https:\/\/denizmtl.com\/mobilapp\/urunler\/insize-4631-metrik-disli-halka-olcerler-2\/","title":{"rendered":"Insize 4631 Metrik Di\u015fli Halka \u00d6l\u00e7erler"},"content":{"rendered":"","protected":false},"excerpt":{"rendered":"<ul>\n<li>ISO 1502 Standard\u0131<\/li>\n<li>Tungsten \u00e7elikten yap\u0131lm\u0131\u015f, s\u00f6nd\u00fcr\u00fclm\u00fc\u015f, ultra d\u00fc\u015f\u00fck s\u0131cakl\u0131kta i\u015flenmi\u015f<\/li>\n<li>A\u015f\u0131nmaya dayan\u0131kl\u0131, uzun \u00f6m\u00fcrl\u00fc, boyut kararl\u0131l\u0131\u011f\u0131, y\u00fcksek y\u00fczey kalitesi<\/li>\n<li>Sertlik HRC60-62<\/li>\n<li>\u00dcretici muayene sertifikas\u0131yla birlikte tedarik edilir<\/li>\n<li><a href=\"https:\/\/denizmtl.com\/wp-content\/uploads\/2025\/03\/4631.pdf\"><strong>PDF i\u00e7in t\u0131klay\u0131n\u0131z.<\/strong><\/a><\/li>\n<\/ul>\n","protected":false},"author":1,"featured_media":28496,"comment_status":"open","ping_status":"closed","template":"","meta":[],"product_brand":[],"product_cat":[28],"product_tag":[],"class_list":{"0":"post-28466","1":"product","2":"type-product","3":"status-publish","4":"has-post-thumbnail","6":"product_cat-diger-olcu-aletleri","8":"first","9":"instock","10":"shipping-taxable","11":"product-type-simple"},"_links":{"self":[{"href":"https:\/\/denizmtl.com\/mobilapp\/wp-json\/wp\/v2\/product\/28466","targetHints":{"allow":["GET"]}}],"collection":[{"href":"https:\/\/denizmtl.com\/mobilapp\/wp-json\/wp\/v2\/product"}],"about":[{"href":"https:\/\/denizmtl.com\/mobilapp\/wp-json\/wp\/v2\/types\/product"}],"author":[{"embeddable":true,"href":"https:\/\/denizmtl.com\/mobilapp\/wp-json\/wp\/v2\/users\/1"}],"replies":[{"embeddable":true,"href":"https:\/\/denizmtl.com\/mobilapp\/wp-json\/wp\/v2\/comments?post=28466"}],"wp:featuredmedia":[{"embeddable":true,"href":"https:\/\/denizmtl.com\/mobilapp\/wp-json\/wp\/v2\/media\/28496"}],"wp:attachment":[{"href":"https:\/\/denizmtl.com\/mobilapp\/wp-json\/wp\/v2\/media?parent=28466"}],"wp:term":[{"taxonomy":"product_brand","embeddable":true,"href":"https:\/\/denizmtl.com\/mobilapp\/wp-json\/wp\/v2\/product_brand?post=28466"},{"taxonomy":"product_cat","embeddable":true,"href":"https:\/\/denizmtl.com\/mobilapp\/wp-json\/wp\/v2\/product_cat?post=28466"},{"taxonomy":"product_tag","embeddable":true,"href":"https:\/\/denizmtl.com\/mobilapp\/wp-json\/wp\/v2\/product_tag?post=28466"}],"curies":[{"name":"wp","href":"https:\/\/api.w.org\/{rel}","templated":true}]}}