{"id":28463,"date":"2025-08-14T11:31:12","date_gmt":"2025-08-14T08:31:12","guid":{"rendered":"https:\/\/denizmtl.com\/mobilapp\/?post_type=product&#038;p=28463"},"modified":"2025-08-14T11:31:21","modified_gmt":"2025-08-14T08:31:21","slug":"insize-2512-genis-aralikli-dijital-yaricap-olcer","status":"publish","type":"product","link":"https:\/\/denizmtl.com\/mobilapp\/urunler\/insize-2512-genis-aralikli-dijital-yaricap-olcer\/","title":{"rendered":"Insize 2512 Geni\u015f Aral\u0131kl\u0131 Dijital Yar\u0131\u00e7ap \u00d6l\u00e7er"},"content":{"rendered":"","protected":false},"excerpt":{"rendered":"<ul>\n<li>\u0130\u00e7 veya d\u0131\u015f ark\u0131n yar\u0131\u00e7ap\u0131n\u0131 \u00f6l\u00e7\u00fcn<\/li>\n<li>\u00c7\u00f6z\u00fcn\u00fcrl\u00fck: 0,01 mm\/0,001&#8243;<\/li>\n<li>D\u00fc\u011fmeler: a\u00e7ma\/kapama, tutma, mm\/in\u00e7, s (\u00e7eneleri se\u00e7me), s\u0131f\u0131rlama<\/li>\n<li>Ekran 320\u00b0 d\u00f6nd\u00fcr\u00fclebilir<\/li>\n<li>Pil CR2032, otomatik kapanma (zaman ayarlanabilir)<\/li>\n<li>Veri \u00e7\u0131k\u0131\u015f\u0131.<\/li>\n<li>\u0130ste\u011fe ba\u011fl\u0131 aksesuar:<\/li>\n<li>kablosuz verici (kod 7315-51, al\u0131c\u0131 gereklidir) veri \u00e7\u0131k\u0131\u015f kablosu (kod 7302-40M)<\/li>\n<li><a href=\"https:\/\/denizmtl.com\/wp-content\/uploads\/2025\/03\/2512.pdf\"><strong>PDF i\u00e7in t\u0131klay\u0131n\u0131z<\/strong><\/a><\/li>\n<\/ul>\n","protected":false},"author":1,"featured_media":28493,"comment_status":"open","ping_status":"closed","template":"","meta":[],"product_brand":[],"product_cat":[28],"product_tag":[],"class_list":{"0":"post-28463","1":"product","2":"type-product","3":"status-publish","4":"has-post-thumbnail","6":"product_cat-diger-olcu-aletleri","8":"first","9":"instock","10":"shipping-taxable","11":"product-type-simple"},"_links":{"self":[{"href":"https:\/\/denizmtl.com\/mobilapp\/wp-json\/wp\/v2\/product\/28463","targetHints":{"allow":["GET"]}}],"collection":[{"href":"https:\/\/denizmtl.com\/mobilapp\/wp-json\/wp\/v2\/product"}],"about":[{"href":"https:\/\/denizmtl.com\/mobilapp\/wp-json\/wp\/v2\/types\/product"}],"author":[{"embeddable":true,"href":"https:\/\/denizmtl.com\/mobilapp\/wp-json\/wp\/v2\/users\/1"}],"replies":[{"embeddable":true,"href":"https:\/\/denizmtl.com\/mobilapp\/wp-json\/wp\/v2\/comments?post=28463"}],"wp:featuredmedia":[{"embeddable":true,"href":"https:\/\/denizmtl.com\/mobilapp\/wp-json\/wp\/v2\/media\/28493"}],"wp:attachment":[{"href":"https:\/\/denizmtl.com\/mobilapp\/wp-json\/wp\/v2\/media?parent=28463"}],"wp:term":[{"taxonomy":"product_brand","embeddable":true,"href":"https:\/\/denizmtl.com\/mobilapp\/wp-json\/wp\/v2\/product_brand?post=28463"},{"taxonomy":"product_cat","embeddable":true,"href":"https:\/\/denizmtl.com\/mobilapp\/wp-json\/wp\/v2\/product_cat?post=28463"},{"taxonomy":"product_tag","embeddable":true,"href":"https:\/\/denizmtl.com\/mobilapp\/wp-json\/wp\/v2\/product_tag?post=28463"}],"curies":[{"name":"wp","href":"https:\/\/api.w.org\/{rel}","templated":true}]}}