{"id":28462,"date":"2025-08-14T11:31:11","date_gmt":"2025-08-14T08:31:11","guid":{"rendered":"https:\/\/denizmtl.com\/mobilapp\/?post_type=product&#038;p=28462"},"modified":"2025-08-14T11:31:20","modified_gmt":"2025-08-14T08:31:20","slug":"insize-5218-yuksek-hassasiyetli-dijital-basinc-olcer","status":"publish","type":"product","link":"https:\/\/denizmtl.com\/mobilapp\/urunler\/insize-5218-yuksek-hassasiyetli-dijital-basinc-olcer\/","title":{"rendered":"Insize 5218 Y\u00fcksek Hassasiyetli Dijital Bas\u0131n\u00e7 \u00d6l\u00e7er"},"content":{"rendered":"","protected":false},"excerpt":{"rendered":"<ul>\n<li>Kadran 330\u00b0 d\u00f6ner<\/li>\n<li>12 bas\u0131n\u00e7 birimi de\u011fi\u015ftirilebilir<\/li>\n<li>Ana ekranda bas\u0131n\u00e7, ikincil ekranda ortam s\u0131cakl\u0131\u011f\u0131, maksimum bas\u0131n\u00e7 de\u011feri, minimum bas\u0131n\u00e7 de\u011feri, aral\u0131k vb. g\u00f6sterilir.<\/li>\n<li>Kay\u0131t verileri ayarlanabilir bir oranda toplanabilir<\/li>\n<li>Kay\u0131t ba\u015f\u0131na 270.000 adede kadar veriyi kaydedin, veriler d\u0131\u015fa aktar\u0131labilir<\/li>\n<li><a href=\"https:\/\/denizmtl.com\/wp-content\/uploads\/2025\/03\/5218.pdf\"><strong>PDF i\u00e7in t\u0131klay\u0131n\u0131z<\/strong><\/a><\/li>\n<\/ul>\n","protected":false},"author":1,"featured_media":28492,"comment_status":"open","ping_status":"closed","template":"","meta":[],"product_brand":[],"product_cat":[28,32],"product_tag":[],"class_list":{"0":"post-28462","1":"product","2":"type-product","3":"status-publish","4":"has-post-thumbnail","6":"product_cat-diger-olcu-aletleri","7":"product_cat-salgi-saatleri","9":"first","10":"instock","11":"shipping-taxable","12":"product-type-simple"},"_links":{"self":[{"href":"https:\/\/denizmtl.com\/mobilapp\/wp-json\/wp\/v2\/product\/28462","targetHints":{"allow":["GET"]}}],"collection":[{"href":"https:\/\/denizmtl.com\/mobilapp\/wp-json\/wp\/v2\/product"}],"about":[{"href":"https:\/\/denizmtl.com\/mobilapp\/wp-json\/wp\/v2\/types\/product"}],"author":[{"embeddable":true,"href":"https:\/\/denizmtl.com\/mobilapp\/wp-json\/wp\/v2\/users\/1"}],"replies":[{"embeddable":true,"href":"https:\/\/denizmtl.com\/mobilapp\/wp-json\/wp\/v2\/comments?post=28462"}],"wp:featuredmedia":[{"embeddable":true,"href":"https:\/\/denizmtl.com\/mobilapp\/wp-json\/wp\/v2\/media\/28492"}],"wp:attachment":[{"href":"https:\/\/denizmtl.com\/mobilapp\/wp-json\/wp\/v2\/media?parent=28462"}],"wp:term":[{"taxonomy":"product_brand","embeddable":true,"href":"https:\/\/denizmtl.com\/mobilapp\/wp-json\/wp\/v2\/product_brand?post=28462"},{"taxonomy":"product_cat","embeddable":true,"href":"https:\/\/denizmtl.com\/mobilapp\/wp-json\/wp\/v2\/product_cat?post=28462"},{"taxonomy":"product_tag","embeddable":true,"href":"https:\/\/denizmtl.com\/mobilapp\/wp-json\/wp\/v2\/product_tag?post=28462"}],"curies":[{"name":"wp","href":"https:\/\/api.w.org\/{rel}","templated":true}]}}