{"id":28418,"date":"2025-08-14T11:30:48","date_gmt":"2025-08-14T08:30:48","guid":{"rendered":"https:\/\/denizmtl.com\/mobilapp\/?post_type=product&#038;p=28418"},"modified":"2025-10-02T17:44:45","modified_gmt":"2025-10-02T14:44:45","slug":"insize-hdt-dm310-motorlu-dijital-rockwell-yuzeysel-rockwell-sertlik-olcme-cihazi-dolphin-burun-tipi","status":"publish","type":"product","link":"https:\/\/denizmtl.com\/mobilapp\/urunler\/insize-hdt-dm310-motorlu-dijital-rockwell-yuzeysel-rockwell-sertlik-olcme-cihazi-dolphin-burun-tipi\/","title":{"rendered":"Insize HDT-DM310 Motorlu Dijital Rockwell \/ Y\u00fczeysel Rockwell Sertlik \u00d6l\u00e7me Cihaz\u0131 (Dolphin &#8211; Burun Tipi)"},"content":{"rendered":"","protected":false},"excerpt":{"rendered":"<ul>\n<li>Tam kapal\u0131 devre hassas kontrol, test kuvvetinin ger\u00e7ek zamanl\u0131 izlenmesi, do\u011frulu\u011fu b\u00fcy\u00fck \u00f6l\u00e7\u00fcde art\u0131r\u0131r<\/li>\n<li>Yunus burnu yap\u0131 girintisi, daha fazla \u00f6l\u00e7\u00fcm alan\u0131<\/li>\n<li>30 Rockwell ve Y\u00fczey Rockwell \u00f6l\u00e7eklerinde \u00f6l\u00e7\u00fcmler<\/li>\n<li>HB, HV, HLD, HK ve \u00e7ekme dayan\u0131m\u0131 gibi \u00e7e\u015fitli sertlik standartlar\u0131na d\u00f6n\u00fc\u015ft\u00fcr\u00fclebilir<\/li>\n<li>Ana bilgisayarda 250 veri seti ba\u011f\u0131ms\u0131z olarak saklan\u0131r ve bunlara her an eri\u015filebilir<\/li>\n<li>Ortalama, varyans, maksimum ve minimum istatistikleri mevcuttur<\/li>\n<li>USB ileti\u015fim portu, harici bir bilgisayara ba\u011flanabilir, \u00f6l\u00e7\u00fcm verileri Excel \u00e7\u0131kt\u0131s\u0131<\/li>\n<li>D\u00fczeltme i\u015flevi, kavisli par\u00e7alar\u0131n \u00f6l\u00e7\u00fcm sonu\u00e7lar\u0131n\u0131 otomatik olarak d\u00fczeltir<\/li>\n<li>ASTM E-18, ISO 6508&#8217;e uygundur.<\/li>\n<li><a href=\"https:\/\/denizmtl.com\/wp-content\/uploads\/2025\/02\/HDT-DM310.pdf\"><strong>PDF i\u00e7in t\u0131klay\u0131n\u0131z.<\/strong><\/a><\/li>\n<\/ul>\n<p>&nbsp;<br \/>\n<a class=\"wp-iletim-button\" href=\"https:\/\/wa.me\/905422584189?text=Merhaba%2C%20https%3A%2F%2Fdenizmtl.com%2Fmobilapp%2Fwp-json%2Fwp%2Fv2%2Fproduct%2F28418%20sayfas%C4%B1ndaki%20%C3%BCr%C3%BCnle%20ilgili%20fiyat%20ve%20demo%20talep%20etmek%20istiyorum.\" target=\"_blank\" rel=\"noopener\" style=\"display:inline-block;padding:10px 16px;border-radius:6px;color:#fff;text-decoration:none;font-weight:600;background:#334862;\">F\u0130YAT VE DEMO TALEP ET<\/a>\n","protected":false},"author":1,"featured_media":28447,"comment_status":"open","ping_status":"closed","template":"","meta":[],"product_brand":[],"product_cat":[18,106,100,63],"product_tag":[],"class_list":{"0":"post-28418","1":"product","2":"type-product","3":"status-publish","4":"has-post-thumbnail","6":"product_cat-insize","7":"product_cat-sertlik-olcme","8":"product_cat-test-cihazlari","9":"product_cat-yeni-urunler","11":"first","12":"instock","13":"shipping-taxable","14":"product-type-simple"},"_links":{"self":[{"href":"https:\/\/denizmtl.com\/mobilapp\/wp-json\/wp\/v2\/product\/28418","targetHints":{"allow":["GET"]}}],"collection":[{"href":"https:\/\/denizmtl.com\/mobilapp\/wp-json\/wp\/v2\/product"}],"about":[{"href":"https:\/\/denizmtl.com\/mobilapp\/wp-json\/wp\/v2\/types\/product"}],"author":[{"embeddable":true,"href":"https:\/\/denizmtl.com\/mobilapp\/wp-json\/wp\/v2\/users\/1"}],"replies":[{"embeddable":true,"href":"https:\/\/denizmtl.com\/mobilapp\/wp-json\/wp\/v2\/comments?post=28418"}],"wp:featuredmedia":[{"embeddable":true,"href":"https:\/\/denizmtl.com\/mobilapp\/wp-json\/wp\/v2\/media\/28447"}],"wp:attachment":[{"href":"https:\/\/denizmtl.com\/mobilapp\/wp-json\/wp\/v2\/media?parent=28418"}],"wp:term":[{"taxonomy":"product_brand","embeddable":true,"href":"https:\/\/denizmtl.com\/mobilapp\/wp-json\/wp\/v2\/product_brand?post=28418"},{"taxonomy":"product_cat","embeddable":true,"href":"https:\/\/denizmtl.com\/mobilapp\/wp-json\/wp\/v2\/product_cat?post=28418"},{"taxonomy":"product_tag","embeddable":true,"href":"https:\/\/denizmtl.com\/mobilapp\/wp-json\/wp\/v2\/product_tag?post=28418"}],"curies":[{"name":"wp","href":"https:\/\/api.w.org\/{rel}","templated":true}]}}