{"id":28416,"date":"2025-08-14T11:30:47","date_gmt":"2025-08-14T08:30:47","guid":{"rendered":"https:\/\/denizmtl.com\/mobilapp\/?post_type=product&#038;p=28416"},"modified":"2025-10-02T17:44:44","modified_gmt":"2025-10-02T14:44:44","slug":"insize-5325-vm100-motorlu-zoom-mikroskop","status":"publish","type":"product","link":"https:\/\/denizmtl.com\/mobilapp\/urunler\/insize-5325-vm100-motorlu-zoom-mikroskop\/","title":{"rendered":"Insize 5325-VM100 Motorlu Zoom Mikroskop"},"content":{"rendered":"<p data-start=\"2870\" data-end=\"3096\"><strong data-start=\"2870\" data-end=\"2915\">Insize 5325-VM100 Motorlu Zoom Mikroskobu<\/strong>, otomatik zoom, 11.6&#8243; LCD ekran, Full HD \u00e7\u00f6z\u00fcn\u00fcrl\u00fck ve programlanabilir LED ayd\u0131nlatma \u00f6zellikleriyle kalite kontrol ve elektronik denetim uygulamalar\u0131 i\u00e7in ideal bir mikroskoptur.<\/p>\n<p data-start=\"287\" data-end=\"368\">Y\u00fcksek \u00c7\u00f6z\u00fcn\u00fcrl\u00fck, Otomatik Zoom ve Ekran \u00dczerinden Anl\u0131k B\u00fcy\u00fctme G\u00f6r\u00fcnt\u00fcleme<\/p>\n<p data-start=\"370\" data-end=\"728\"><strong data-start=\"370\" data-end=\"415\">Insize 5325-VM100 Motorlu Zoom Mikroskobu<\/strong>, kalite kontrol, elektronik denetim, malzeme analizi ve detayl\u0131 incelemeler i\u00e7in geli\u015ftirilmi\u015f, kullan\u0131m\u0131 kolay, temel tip bir motorlu mikroskop modelidir. Dahili yaz\u0131l\u0131m\u0131 sayesinde bilgisayar ba\u011flant\u0131s\u0131 olmadan do\u011frudan ekran \u00fczerinden kullan\u0131labilen cihaz, ayn\u0131 anda bilgisayar ve ekran ba\u011flant\u0131s\u0131n\u0131 destekler.<\/p>\n<p data-start=\"730\" data-end=\"1046\">Mikroskop, <strong data-start=\"741\" data-end=\"774\">10X ila 68.5X b\u00fcy\u00fctme aral\u0131\u011f\u0131<\/strong> ve <strong data-start=\"778\" data-end=\"812\">1920&#215;1080 (Full HD) \u00e7\u00f6z\u00fcn\u00fcrl\u00fck<\/strong> ile y\u00fcksek kaliteli g\u00f6r\u00fcnt\u00fcler sunar. 60 FPS y\u00fcksek kare h\u0131z\u0131na sahip olan cihaz, ak\u0131c\u0131 ve kesintisiz canl\u0131 g\u00f6r\u00fcnt\u00fcleme imkan\u0131 sa\u011flar. Motorlu zoom objektifi sayesinde b\u00fcy\u00fctme i\u015flemleri h\u0131zl\u0131 ve otomatik bir \u015fekilde ger\u00e7ekle\u015ftirilir.<\/p>\n<p data-start=\"1048\" data-end=\"1330\">Programlanabilir segmentli LED halka ayd\u0131nlatmas\u0131 sayesinde, numunenin farkl\u0131 b\u00f6lgeleri se\u00e7ici \u015fekilde ayd\u0131nlat\u0131labilir. \u00d6l\u00e7\u00fcm hassasiyeti \u00b10.02 mm olan cihaz, do\u011fru ve tekrarlanabilir \u00f6l\u00e7\u00fcmler yapmay\u0131 m\u00fcmk\u00fcn k\u0131lar. USB, LAN ve HDMI \u00e7\u0131k\u0131\u015f se\u00e7enekleri ile esnek veri aktar\u0131m\u0131 sa\u011flar.<\/p>\n<p data-start=\"1337\" data-end=\"1357\"><strong>\u00dcr\u00fcn \u00d6zellikleri:<\/strong><\/p>\n<ul>\n<li data-start=\"1360\" data-end=\"1432\"><strong data-start=\"1363\" data-end=\"1389\">Motorlu Zoom Objektif:<\/strong> 10X \u2013 68.5X aral\u0131\u011f\u0131nda otomatik b\u00fcy\u00fctme.<\/li>\n<li data-start=\"1435\" data-end=\"1506\"><strong data-start=\"1439\" data-end=\"1467\">11.6&#8243; LCD Ekran (Dahil):<\/strong> Anl\u0131k b\u00fcy\u00fctme g\u00f6r\u00fcnt\u00fcleme ve analiz.<\/li>\n<li data-start=\"1509\" data-end=\"1565\"><strong data-start=\"1512\" data-end=\"1537\">1920&#215;1080 \u00c7\u00f6z\u00fcn\u00fcrl\u00fck:<\/strong> Full HD g\u00f6r\u00fcnt\u00fc kalitesi.<\/li>\n<li data-start=\"1568\" data-end=\"1646\"><strong data-start=\"1571\" data-end=\"1613\">Programlanabilir LED Halka Ayd\u0131nlatma:<\/strong> B\u00f6lgesel \u0131\u015f\u0131k kontrol\u00fc sa\u011flar.<\/li>\n<li data-start=\"1649\" data-end=\"1720\"><strong data-start=\"1652\" data-end=\"1683\">\u00b10.02 mm \u00d6l\u00e7\u00fcm Hassasiyeti:<\/strong> Y\u00fcksek do\u011frulukta \u00f6l\u00e7\u00fcm yapabilme.<\/li>\n<li data-start=\"1723\" data-end=\"1795\"><strong data-start=\"1727\" data-end=\"1746\">Dahili Yaz\u0131l\u0131m:<\/strong> Bilgisayars\u0131z kullan\u0131m ve USB\/LAN\/HDMI \u00e7\u0131k\u0131\u015f\u0131.<\/li>\n<li data-start=\"1798\" data-end=\"1871\"><strong data-start=\"1801\" data-end=\"1824\">E\u015fzamanl\u0131 Ba\u011flant\u0131:<\/strong> Ekran ve bilgisayara ayn\u0131 anda ba\u011flanabilme.<\/li>\n<li data-start=\"1874\" data-end=\"1951\"><strong data-start=\"1878\" data-end=\"1908\">Mouse ve K\u0131sayol Klavyesi:<\/strong> H\u0131zl\u0131 kontrol ve kullan\u0131c\u0131 dostu aray\u00fcz.<\/li>\n<\/ul>\n<p data-start=\"1958\" data-end=\"1979\"><strong>Kullan\u0131m Alanlar\u0131:<\/strong><\/p>\n<ul>\n<li data-start=\"1982\" data-end=\"2016\">Elektronik devre ve PCB inceleme<\/li>\n<li data-start=\"2019\" data-end=\"2060\">Kalite kontrol ve \u00f6l\u00e7\u00fcm laboratuvarlar\u0131<\/li>\n<li data-start=\"2063\" data-end=\"2095\">Hassas montaj ve \u00fcr\u00fcn denetimi<\/li>\n<li data-start=\"2098\" data-end=\"2135\">End\u00fcstriyel mikroskopi uygulamalar\u0131<\/li>\n<li data-start=\"2138\" data-end=\"2174\">G\u00f6rsel muayene ve e\u011fitim ortamlar\u0131<\/li>\n<\/ul>\n","protected":false},"excerpt":{"rendered":"<ul>\n<li>\u00b10.02 mm \u00d6l\u00e7\u00fcm Hassasiyeti: Y\u00fcksek do\u011frulukta \u00f6l\u00e7\u00fcm yapabilme.<\/li>\n<li>Motorlu Zoom Objektif: 10X \u2013 68.5X aral\u0131\u011f\u0131nda otomatik b\u00fcy\u00fctme.<\/li>\n<li>Bilgisayara ihtiya\u00e7 duymadan yerle\u015fik yaz\u0131l\u0131m<\/li>\n<li>Ekrana ve bilgisayara ayn\u0131 anda ba\u011flanabilir<\/li>\n<li>Motorlu yak\u0131nla\u015ft\u0131rma objektifi<\/li>\n<li>Ger\u00e7ek b\u00fcy\u00fctmeyi g\u00f6r\u00fcnt\u00fcle<\/li>\n<li>Programlanabilir segmentli halka \u0131\u015f\u0131k<\/li>\n<li>Anl\u0131k b\u00fcy\u00fctme g\u00f6r\u00fcnt\u00fcleme ve analiz.<\/li>\n<li><a href=\"https:\/\/denizmtl.com\/wp-content\/uploads\/2025\/02\/5325-VM100.pdf\"><strong>PDF i\u00e7in t\u0131klay\u0131n\u0131z.<\/strong><\/a><\/li>\n<\/ul>\n<p>&nbsp;<br \/>\n<a class=\"wp-iletim-button\" href=\"https:\/\/wa.me\/905422584189?text=Merhaba%2C%20https%3A%2F%2Fdenizmtl.com%2Fmobilapp%2Fwp-json%2Fwp%2Fv2%2Fproduct%2F28416%20sayfas%C4%B1ndaki%20%C3%BCr%C3%BCnle%20ilgili%20fiyat%20ve%20demo%20talep%20etmek%20istiyorum.\" target=\"_blank\" rel=\"noopener\" style=\"display:inline-block;padding:10px 16px;border-radius:6px;color:#fff;text-decoration:none;font-weight:600;background:#334862;\">F\u0130YAT VE DEMO TALEP ET<\/a>\n","protected":false},"author":1,"featured_media":28445,"comment_status":"open","ping_status":"closed","template":"","meta":[],"product_brand":[],"product_cat":[18,103,100,63],"product_tag":[247,248,249,250,251,252,253,254,255],"class_list":{"0":"post-28416","1":"product","2":"type-product","3":"status-publish","4":"has-post-thumbnail","6":"product_cat-insize","7":"product_cat-mikroskop-ve-buyutec","8":"product_cat-test-cihazlari","9":"product_cat-yeni-urunler","10":"product_tag-elektronik-denetim-mikroskobu","11":"product_tag-endustriyel-goruntuleme-mikroskobu","12":"product_tag-full-hd-zoom-mikroskop","13":"product_tag-insize-5325-vm100","14":"product_tag-kalite-kontrol-mikroskobu","15":"product_tag-led-aydinlatmali-mikroskop","16":"product_tag-motorlu-zoom-mikroskop","17":"product_tag-otomatik-buyutmeli-mikroskop","18":"product_tag-usb-hdmi-baglantili-mikroskop","20":"first","21":"instock","22":"shipping-taxable","23":"product-type-simple"},"_links":{"self":[{"href":"https:\/\/denizmtl.com\/mobilapp\/wp-json\/wp\/v2\/product\/28416","targetHints":{"allow":["GET"]}}],"collection":[{"href":"https:\/\/denizmtl.com\/mobilapp\/wp-json\/wp\/v2\/product"}],"about":[{"href":"https:\/\/denizmtl.com\/mobilapp\/wp-json\/wp\/v2\/types\/product"}],"author":[{"embeddable":true,"href":"https:\/\/denizmtl.com\/mobilapp\/wp-json\/wp\/v2\/users\/1"}],"replies":[{"embeddable":true,"href":"https:\/\/denizmtl.com\/mobilapp\/wp-json\/wp\/v2\/comments?post=28416"}],"wp:featuredmedia":[{"embeddable":true,"href":"https:\/\/denizmtl.com\/mobilapp\/wp-json\/wp\/v2\/media\/28445"}],"wp:attachment":[{"href":"https:\/\/denizmtl.com\/mobilapp\/wp-json\/wp\/v2\/media?parent=28416"}],"wp:term":[{"taxonomy":"product_brand","embeddable":true,"href":"https:\/\/denizmtl.com\/mobilapp\/wp-json\/wp\/v2\/product_brand?post=28416"},{"taxonomy":"product_cat","embeddable":true,"href":"https:\/\/denizmtl.com\/mobilapp\/wp-json\/wp\/v2\/product_cat?post=28416"},{"taxonomy":"product_tag","embeddable":true,"href":"https:\/\/denizmtl.com\/mobilapp\/wp-json\/wp\/v2\/product_tag?post=28416"}],"curies":[{"name":"wp","href":"https:\/\/api.w.org\/{rel}","templated":true}]}}