{"id":28362,"date":"2025-08-14T11:30:22","date_gmt":"2025-08-14T08:30:22","guid":{"rendered":"https:\/\/denizmtl.com\/mobilapp\/?post_type=product&#038;p=28362"},"modified":"2025-10-02T17:44:39","modified_gmt":"2025-10-02T14:44:39","slug":"insize-7214-bluetooth-vericileri","status":"publish","type":"product","link":"https:\/\/denizmtl.com\/mobilapp\/urunler\/insize-7214-bluetooth-vericileri\/","title":{"rendered":"Insize 7214 &#8211; Bluetooth Vericileri"},"content":{"rendered":"","protected":false},"excerpt":{"rendered":"<ul>\n<li>\u00a0Bluetooth iletimi sayesinde \u00f6l\u00e7\u00fcm aletlerinin okumalar\u0131 bilgisayarlara veya cep telefonlar\u0131na iletilebilir.<\/li>\n<li>2,4 GHz bant<\/li>\n<li>HID klavye ayg\u0131t\u0131 olarak tan\u0131nan iletilen veriler, bilgisayarlar veya cep telefonlar\u0131 taraf\u0131ndan klavye giri\u015f verileri olarak tan\u0131n\u0131r ve 12.34 gibi enter tu\u015funa bas\u0131l\u0131r.<\/li>\n<li>S\u00fcr\u00fcc\u00fc ve yaz\u0131l\u0131m kurulumuna gerek yoktur, veriler excel, word, txt vb. formatlara aktar\u0131labilir.<\/li>\n<li>Klavye sinyali alabilen herhangi bir yaz\u0131l\u0131m i\u00e7in<\/li>\n<li>\u0130letim mesafesi 10 metredir (hi\u00e7bir engel ve elektromanyetik giri\u015fim olmamas\u0131 ko\u015fuluyla)<\/li>\n<li>Kumpas, mikrometre ve g\u00f6sterge gibi dijital \u00f6l\u00e7\u00fcm ara\u00e7lar\u0131na ba\u011flanma<\/li>\n<li>CR2032 pil<\/li>\n<li><a href=\"https:\/\/denizmtl.com\/wp-content\/uploads\/2025\/02\/7214.pdf\"><strong>PDF i\u00e7in t\u0131klay\u0131n\u0131z<\/strong><\/a><\/li>\n<\/ul>\n<p>&nbsp;<br \/>\n<a class=\"wp-iletim-button\" href=\"https:\/\/wa.me\/905422584189?text=Merhaba%2C%20https%3A%2F%2Fdenizmtl.com%2Fmobilapp%2Fwp-json%2Fwp%2Fv2%2Fproduct%2F28362%20sayfas%C4%B1ndaki%20%C3%BCr%C3%BCnle%20ilgili%20fiyat%20ve%20demo%20talep%20etmek%20istiyorum.\" target=\"_blank\" rel=\"noopener\" style=\"display:inline-block;padding:10px 16px;border-radius:6px;color:#fff;text-decoration:none;font-weight:600;background:#334862;\">F\u0130YAT VE DEMO TALEP ET<\/a>\n","protected":false},"author":1,"featured_media":28392,"comment_status":"open","ping_status":"closed","template":"","meta":[],"product_brand":[],"product_cat":[18,64,100,63],"product_tag":[],"class_list":{"0":"post-28362","1":"product","2":"type-product","3":"status-publish","4":"has-post-thumbnail","6":"product_cat-insize","7":"product_cat-one-cikan-urunler","8":"product_cat-test-cihazlari","9":"product_cat-yeni-urunler","11":"first","12":"instock","13":"shipping-taxable","14":"product-type-simple"},"_links":{"self":[{"href":"https:\/\/denizmtl.com\/mobilapp\/wp-json\/wp\/v2\/product\/28362","targetHints":{"allow":["GET"]}}],"collection":[{"href":"https:\/\/denizmtl.com\/mobilapp\/wp-json\/wp\/v2\/product"}],"about":[{"href":"https:\/\/denizmtl.com\/mobilapp\/wp-json\/wp\/v2\/types\/product"}],"author":[{"embeddable":true,"href":"https:\/\/denizmtl.com\/mobilapp\/wp-json\/wp\/v2\/users\/1"}],"replies":[{"embeddable":true,"href":"https:\/\/denizmtl.com\/mobilapp\/wp-json\/wp\/v2\/comments?post=28362"}],"wp:featuredmedia":[{"embeddable":true,"href":"https:\/\/denizmtl.com\/mobilapp\/wp-json\/wp\/v2\/media\/28392"}],"wp:attachment":[{"href":"https:\/\/denizmtl.com\/mobilapp\/wp-json\/wp\/v2\/media?parent=28362"}],"wp:term":[{"taxonomy":"product_brand","embeddable":true,"href":"https:\/\/denizmtl.com\/mobilapp\/wp-json\/wp\/v2\/product_brand?post=28362"},{"taxonomy":"product_cat","embeddable":true,"href":"https:\/\/denizmtl.com\/mobilapp\/wp-json\/wp\/v2\/product_cat?post=28362"},{"taxonomy":"product_tag","embeddable":true,"href":"https:\/\/denizmtl.com\/mobilapp\/wp-json\/wp\/v2\/product_tag?post=28362"}],"curies":[{"name":"wp","href":"https:\/\/api.w.org\/{rel}","templated":true}]}}