{"id":28356,"date":"2025-08-14T11:30:21","date_gmt":"2025-08-14T08:30:21","guid":{"rendered":"https:\/\/denizmtl.com\/mobilapp\/?post_type=product&#038;p=28356"},"modified":"2025-10-02T17:44:38","modified_gmt":"2025-10-02T14:44:38","slug":"insize-hdt-st-serisi-otomatik-dijital-rockwell-yuzeysel-rockwell-sertlik-olcme-cihazi","status":"publish","type":"product","link":"https:\/\/denizmtl.com\/mobilapp\/urunler\/insize-hdt-st-serisi-otomatik-dijital-rockwell-yuzeysel-rockwell-sertlik-olcme-cihazi\/","title":{"rendered":"Insize HDT-ST Serisi Otomatik Dijital Rockwell\/Y\u00fczeysel Rockwell Sertlik \u00d6l\u00e7me Cihaz\u0131"},"content":{"rendered":"","protected":false},"excerpt":{"rendered":"<ul>\n<li>GB\/T 230, ISO 6508, ASTM E18, JIS Z2245 test standartlar\u0131na uygundur<\/li>\n<li>ISO, ASTM ve GB gibi \u00f6l\u00e7ek d\u00f6n\u00fc\u015ft\u00fcrme standartlar\u0131n\u0131 uygulay\u0131n<\/li>\n<li>Kullan\u0131m ve g\u00f6r\u00fcnt\u00fcleme i\u00e7in 8 in\u00e7 dokunmatik ekran<\/li>\n<li>15 Rockwell sertlik \u00f6l\u00e7e\u011fini ve y\u00fczey Rockwell \u00f6l\u00e7eklerini test etme kapasitesine sahiptir<\/li>\n<li>\u00a0Ana \u00fcnite 500 veri grubunu ba\u011f\u0131ms\u0131z olarak depolayabilir ve elektrik kesintisi durumunda veriler kaybolmaz.<\/li>\n<li>D\u00fczeltme fonksiyonu ile sertlik de\u011feri silindirlerin boyutuna g\u00f6re d\u00fczeltilebilir.<\/li>\n<li><a href=\"https:\/\/denizmtl.com\/wp-content\/uploads\/2025\/02\/HDT-ST.pdf\"><strong>PDF i\u00e7in t\u0131klay\u0131n\u0131z.<\/strong><\/a><\/li>\n<\/ul>\n<p>&nbsp;<br \/>\n<a class=\"wp-iletim-button\" href=\"https:\/\/wa.me\/905422584189?text=Merhaba%2C%20https%3A%2F%2Fdenizmtl.com%2Fmobilapp%2Fwp-json%2Fwp%2Fv2%2Fproduct%2F28356%20sayfas%C4%B1ndaki%20%C3%BCr%C3%BCnle%20ilgili%20fiyat%20ve%20demo%20talep%20etmek%20istiyorum.\" target=\"_blank\" rel=\"noopener\" style=\"display:inline-block;padding:10px 16px;border-radius:6px;color:#fff;text-decoration:none;font-weight:600;background:#334862;\">F\u0130YAT VE DEMO TALEP ET<\/a>\n","protected":false},"author":1,"featured_media":28386,"comment_status":"open","ping_status":"closed","template":"","meta":[],"product_brand":[],"product_cat":[18,64,100,63],"product_tag":[],"class_list":{"0":"post-28356","1":"product","2":"type-product","3":"status-publish","4":"has-post-thumbnail","6":"product_cat-insize","7":"product_cat-one-cikan-urunler","8":"product_cat-test-cihazlari","9":"product_cat-yeni-urunler","11":"first","12":"instock","13":"shipping-taxable","14":"product-type-simple"},"_links":{"self":[{"href":"https:\/\/denizmtl.com\/mobilapp\/wp-json\/wp\/v2\/product\/28356","targetHints":{"allow":["GET"]}}],"collection":[{"href":"https:\/\/denizmtl.com\/mobilapp\/wp-json\/wp\/v2\/product"}],"about":[{"href":"https:\/\/denizmtl.com\/mobilapp\/wp-json\/wp\/v2\/types\/product"}],"author":[{"embeddable":true,"href":"https:\/\/denizmtl.com\/mobilapp\/wp-json\/wp\/v2\/users\/1"}],"replies":[{"embeddable":true,"href":"https:\/\/denizmtl.com\/mobilapp\/wp-json\/wp\/v2\/comments?post=28356"}],"wp:featuredmedia":[{"embeddable":true,"href":"https:\/\/denizmtl.com\/mobilapp\/wp-json\/wp\/v2\/media\/28386"}],"wp:attachment":[{"href":"https:\/\/denizmtl.com\/mobilapp\/wp-json\/wp\/v2\/media?parent=28356"}],"wp:term":[{"taxonomy":"product_brand","embeddable":true,"href":"https:\/\/denizmtl.com\/mobilapp\/wp-json\/wp\/v2\/product_brand?post=28356"},{"taxonomy":"product_cat","embeddable":true,"href":"https:\/\/denizmtl.com\/mobilapp\/wp-json\/wp\/v2\/product_cat?post=28356"},{"taxonomy":"product_tag","embeddable":true,"href":"https:\/\/denizmtl.com\/mobilapp\/wp-json\/wp\/v2\/product_tag?post=28356"}],"curies":[{"name":"wp","href":"https:\/\/api.w.org\/{rel}","templated":true}]}}