{"id":28344,"date":"2025-08-14T11:30:18","date_gmt":"2025-08-14T08:30:18","guid":{"rendered":"https:\/\/denizmtl.com\/mobilapp\/?post_type=product&#038;p=28344"},"modified":"2025-10-02T17:44:35","modified_gmt":"2025-10-02T14:44:35","slug":"insize-xrf-b210-kaplama-kalinligi-cihazi-rohs-analizoru-alasim-analizoru","status":"publish","type":"product","link":"https:\/\/denizmtl.com\/mobilapp\/urunler\/insize-xrf-b210-kaplama-kalinligi-cihazi-rohs-analizoru-alasim-analizoru\/","title":{"rendered":"Insize XRF-B210  Kaplama Kal\u0131nl\u0131\u011f\u0131 Cihaz\u0131 \/ RoHS Analiz\u00f6r\u00fc \/ Ala\u015f\u0131m Analiz\u00f6r\u00fc"},"content":{"rendered":"","protected":false},"excerpt":{"rendered":"<ul>\n<li style=\"text-align: left;\">RoHS tespiti, ala\u015f\u0131m analizi, kaplama i\u00e7in kullan\u0131l\u0131r.<\/li>\n<li style=\"text-align: left;\">Elektronik so\u011futmal\u0131, k\u00fc\u00e7\u00fck boyutlu, do\u011fru veri analizi ve d\u00fc\u015f\u00fck bak\u0131m maliyetli Si-PIN dedekt\u00f6r\u00fc kullan\u0131m\u0131<\/li>\n<li style=\"text-align: left;\">Yedi optik yol d\u00fczeltme ve kolimasyon sistemi, farkl\u0131 \u00f6rneklere g\u00f6re otomatik olarak ge\u00e7i\u015f yapar.<\/li>\n<li style=\"text-align: left;\">\u00c7oklu radyasyon s\u0131z\u0131nt\u0131s\u0131 \u00f6nleme tasar\u0131m\u0131<\/li>\n<li style=\"text-align: left;\">S\u0131cakl\u0131k izleme teknolojisi, X-\u0131\u015f\u0131n\u0131 kayna\u011f\u0131n\u0131n g\u00fcvenli ve g\u00fcvenilir bir \u015fekilde \u00e7al\u0131\u015fmas\u0131n\u0131 sa\u011flar.<\/li>\n<li style=\"text-align: left;\">\u00d6zel yaz\u0131l\u0131m, standart pencere tasar\u0131m\u0131, kullan\u0131c\u0131 dostu aray\u00fcz, kullan\u0131m\u0131 kolay<\/li>\n<li style=\"text-align: left;\">Ayn\u0131 anda birden fazla spektrogram g\u00f6r\u00fcnt\u00fclenebilir ve birden fazla rapor formu yazd\u0131r\u0131labilir<\/li>\n<li style=\"text-align: left;\">Do\u011fru, y\u00fcksek h\u0131zl\u0131 ve verimli veri iletimi sa\u011flamak i\u00e7in USB3.0 aray\u00fcz\u00fc<\/li>\n<li><a href=\"https:\/\/denizmtl.com\/wp-content\/uploads\/2025\/02\/XRF-B210.pdf\"><strong>PDF i\u00e7in t\u0131klay\u0131n\u0131z.<\/strong><\/a><\/li>\n<\/ul>\n<p>&nbsp;<br \/>\n<a class=\"wp-iletim-button\" href=\"https:\/\/wa.me\/905422584189?text=Merhaba%2C%20https%3A%2F%2Fdenizmtl.com%2Fmobilapp%2Fwp-json%2Fwp%2Fv2%2Fproduct%2F28344%20sayfas%C4%B1ndaki%20%C3%BCr%C3%BCnle%20ilgili%20fiyat%20ve%20demo%20talep%20etmek%20istiyorum.\" target=\"_blank\" rel=\"noopener\" style=\"display:inline-block;padding:10px 16px;border-radius:6px;color:#fff;text-decoration:none;font-weight:600;background:#334862;\">F\u0130YAT VE DEMO TALEP ET<\/a>\n","protected":false},"author":1,"featured_media":28374,"comment_status":"open","ping_status":"closed","template":"","meta":[],"product_brand":[],"product_cat":[28,18,100,63],"product_tag":[],"class_list":{"0":"post-28344","1":"product","2":"type-product","3":"status-publish","4":"has-post-thumbnail","6":"product_cat-diger-olcu-aletleri","7":"product_cat-insize","8":"product_cat-test-cihazlari","9":"product_cat-yeni-urunler","11":"first","12":"instock","13":"shipping-taxable","14":"product-type-simple"},"_links":{"self":[{"href":"https:\/\/denizmtl.com\/mobilapp\/wp-json\/wp\/v2\/product\/28344","targetHints":{"allow":["GET"]}}],"collection":[{"href":"https:\/\/denizmtl.com\/mobilapp\/wp-json\/wp\/v2\/product"}],"about":[{"href":"https:\/\/denizmtl.com\/mobilapp\/wp-json\/wp\/v2\/types\/product"}],"author":[{"embeddable":true,"href":"https:\/\/denizmtl.com\/mobilapp\/wp-json\/wp\/v2\/users\/1"}],"replies":[{"embeddable":true,"href":"https:\/\/denizmtl.com\/mobilapp\/wp-json\/wp\/v2\/comments?post=28344"}],"wp:featuredmedia":[{"embeddable":true,"href":"https:\/\/denizmtl.com\/mobilapp\/wp-json\/wp\/v2\/media\/28374"}],"wp:attachment":[{"href":"https:\/\/denizmtl.com\/mobilapp\/wp-json\/wp\/v2\/media?parent=28344"}],"wp:term":[{"taxonomy":"product_brand","embeddable":true,"href":"https:\/\/denizmtl.com\/mobilapp\/wp-json\/wp\/v2\/product_brand?post=28344"},{"taxonomy":"product_cat","embeddable":true,"href":"https:\/\/denizmtl.com\/mobilapp\/wp-json\/wp\/v2\/product_cat?post=28344"},{"taxonomy":"product_tag","embeddable":true,"href":"https:\/\/denizmtl.com\/mobilapp\/wp-json\/wp\/v2\/product_tag?post=28344"}],"curies":[{"name":"wp","href":"https:\/\/api.w.org\/{rel}","templated":true}]}}