{"id":28169,"date":"2025-08-14T11:28:59","date_gmt":"2025-08-14T08:28:59","guid":{"rendered":"https:\/\/denizmtl.com\/mobilapp\/?post_type=product&#038;p=28169"},"modified":"2025-08-14T11:29:13","modified_gmt":"2025-08-14T08:29:13","slug":"insize-2256-doner-omuzlu-ic-dis-baglantili-yukseklik-olcum-aleti","status":"publish","type":"product","link":"https:\/\/denizmtl.com\/mobilapp\/urunler\/insize-2256-doner-omuzlu-ic-dis-baglantili-yukseklik-olcum-aleti\/","title":{"rendered":"Insize 2256 D\u00f6ner Omuzlu \u0130\u00e7 D\u0131\u015f Ba\u011flant\u0131l\u0131 Y\u00fckseklik \u00d6l\u00e7\u00fcm Aleti"},"content":{"rendered":"<p><img loading=\"lazy\" decoding=\"async\" class=\"alignnone size-full wp-image-15425 aligncenter\" src=\"https:\/\/denizmtl.com\/wp-content\/uploads\/2023\/11\/Resim1-2.png\" alt=\"\" width=\"919\" height=\"394\" srcset=\"https:\/\/denizmtl.com\/mobilapp\/wp-content\/uploads\/2023\/11\/Resim1-2.png 919w, https:\/\/denizmtl.com\/mobilapp\/wp-content\/uploads\/2023\/11\/Resim1-2-300x129.png 300w, https:\/\/denizmtl.com\/mobilapp\/wp-content\/uploads\/2023\/11\/Resim1-2-768x329.png 768w\" sizes=\"auto, (max-width: 919px) 100vw, 919px\" \/><\/p>\n","protected":false},"excerpt":{"rendered":"<ul>\n<li>D\u00f6ner omuzlu i\u00e7 di\u015fli ba\u011flant\u0131lar\u0131n\u0131n y\u00fcksekli\u011fi \u00f6l\u00e7\u00fcl\u00fcr.<\/li>\n<li>\u0130ste\u011fe ba\u011fl\u0131 aksesuarlar: Di\u015f y\u00fcksekli\u011finde standart bloklar.<\/li>\n<li><a href=\"https:\/\/denizmtl.com\/wp-content\/uploads\/2023\/11\/2256.pdf\"><strong>Pdf i\u00e7in t\u0131klay\u0131n\u0131z.<\/strong><\/a><\/li>\n<\/ul>\n","protected":false},"author":1,"featured_media":28189,"comment_status":"open","ping_status":"closed","template":"","meta":[],"product_brand":[],"product_cat":[28,18,96,63],"product_tag":[],"class_list":{"0":"post-28169","1":"product","2":"type-product","3":"status-publish","4":"has-post-thumbnail","6":"product_cat-diger-olcu-aletleri","7":"product_cat-insize","8":"product_cat-standart-olcu-aletleri","9":"product_cat-yeni-urunler","11":"first","12":"instock","13":"shipping-taxable","14":"product-type-simple"},"_links":{"self":[{"href":"https:\/\/denizmtl.com\/mobilapp\/wp-json\/wp\/v2\/product\/28169","targetHints":{"allow":["GET"]}}],"collection":[{"href":"https:\/\/denizmtl.com\/mobilapp\/wp-json\/wp\/v2\/product"}],"about":[{"href":"https:\/\/denizmtl.com\/mobilapp\/wp-json\/wp\/v2\/types\/product"}],"author":[{"embeddable":true,"href":"https:\/\/denizmtl.com\/mobilapp\/wp-json\/wp\/v2\/users\/1"}],"replies":[{"embeddable":true,"href":"https:\/\/denizmtl.com\/mobilapp\/wp-json\/wp\/v2\/comments?post=28169"}],"wp:featuredmedia":[{"embeddable":true,"href":"https:\/\/denizmtl.com\/mobilapp\/wp-json\/wp\/v2\/media\/28189"}],"wp:attachment":[{"href":"https:\/\/denizmtl.com\/mobilapp\/wp-json\/wp\/v2\/media?parent=28169"}],"wp:term":[{"taxonomy":"product_brand","embeddable":true,"href":"https:\/\/denizmtl.com\/mobilapp\/wp-json\/wp\/v2\/product_brand?post=28169"},{"taxonomy":"product_cat","embeddable":true,"href":"https:\/\/denizmtl.com\/mobilapp\/wp-json\/wp\/v2\/product_cat?post=28169"},{"taxonomy":"product_tag","embeddable":true,"href":"https:\/\/denizmtl.com\/mobilapp\/wp-json\/wp\/v2\/product_tag?post=28169"}],"curies":[{"name":"wp","href":"https:\/\/api.w.org\/{rel}","templated":true}]}}