{"id":28168,"date":"2025-08-14T11:28:59","date_gmt":"2025-08-14T08:28:59","guid":{"rendered":"https:\/\/denizmtl.com\/mobilapp\/?post_type=product&#038;p=28168"},"modified":"2025-08-14T11:29:12","modified_gmt":"2025-08-14T08:29:12","slug":"insize-6255-dis-yuksekligi-standart-blogu","status":"publish","type":"product","link":"https:\/\/denizmtl.com\/mobilapp\/urunler\/insize-6255-dis-yuksekligi-standart-blogu\/","title":{"rendered":"Insize 6255 Di\u015f Y\u00fcksekli\u011fi Standart Blo\u011fu"},"content":{"rendered":"<p><img loading=\"lazy\" decoding=\"async\" class=\"alignnone size-full wp-image-15420 aligncenter\" src=\"https:\/\/denizmtl.com\/wp-content\/uploads\/2023\/11\/Resim1-1.png\" alt=\"\" width=\"932\" height=\"258\" srcset=\"https:\/\/denizmtl.com\/mobilapp\/wp-content\/uploads\/2023\/11\/Resim1-1.png 932w, https:\/\/denizmtl.com\/mobilapp\/wp-content\/uploads\/2023\/11\/Resim1-1-300x83.png 300w, https:\/\/denizmtl.com\/mobilapp\/wp-content\/uploads\/2023\/11\/Resim1-1-768x213.png 768w\" sizes=\"auto, (max-width: 932px) 100vw, 932px\" \/><\/p>\n","protected":false},"excerpt":{"rendered":"<ul>\n<li>\u00a0\u0130\u00e7 ve d\u0131\u015f y\u00fckseklik \u00f6l\u00e7\u00fcm aletlerinin s\u0131f\u0131rlanmas\u0131nda kullan\u0131l\u0131r.<\/li>\n<li><a href=\"https:\/\/denizmtl.com\/wp-content\/uploads\/2023\/11\/6255.pdf\"><strong>Pdf i\u00e7in t\u0131klay\u0131n\u0131z.<\/strong><\/a><\/li>\n<\/ul>\n","protected":false},"author":1,"featured_media":28188,"comment_status":"open","ping_status":"closed","template":"","meta":[],"product_brand":[],"product_cat":[19,18,96,63],"product_tag":[],"class_list":{"0":"post-28168","1":"product","2":"type-product","3":"status-publish","4":"has-post-thumbnail","6":"product_cat-blok-setler","7":"product_cat-insize","8":"product_cat-standart-olcu-aletleri","9":"product_cat-yeni-urunler","11":"first","12":"instock","13":"shipping-taxable","14":"product-type-simple"},"_links":{"self":[{"href":"https:\/\/denizmtl.com\/mobilapp\/wp-json\/wp\/v2\/product\/28168","targetHints":{"allow":["GET"]}}],"collection":[{"href":"https:\/\/denizmtl.com\/mobilapp\/wp-json\/wp\/v2\/product"}],"about":[{"href":"https:\/\/denizmtl.com\/mobilapp\/wp-json\/wp\/v2\/types\/product"}],"author":[{"embeddable":true,"href":"https:\/\/denizmtl.com\/mobilapp\/wp-json\/wp\/v2\/users\/1"}],"replies":[{"embeddable":true,"href":"https:\/\/denizmtl.com\/mobilapp\/wp-json\/wp\/v2\/comments?post=28168"}],"wp:featuredmedia":[{"embeddable":true,"href":"https:\/\/denizmtl.com\/mobilapp\/wp-json\/wp\/v2\/media\/28188"}],"wp:attachment":[{"href":"https:\/\/denizmtl.com\/mobilapp\/wp-json\/wp\/v2\/media?parent=28168"}],"wp:term":[{"taxonomy":"product_brand","embeddable":true,"href":"https:\/\/denizmtl.com\/mobilapp\/wp-json\/wp\/v2\/product_brand?post=28168"},{"taxonomy":"product_cat","embeddable":true,"href":"https:\/\/denizmtl.com\/mobilapp\/wp-json\/wp\/v2\/product_cat?post=28168"},{"taxonomy":"product_tag","embeddable":true,"href":"https:\/\/denizmtl.com\/mobilapp\/wp-json\/wp\/v2\/product_tag?post=28168"}],"curies":[{"name":"wp","href":"https:\/\/api.w.org\/{rel}","templated":true}]}}