{"id":28163,"date":"2025-08-14T11:28:58","date_gmt":"2025-08-14T08:28:58","guid":{"rendered":"https:\/\/denizmtl.com\/mobilapp\/?post_type=product&#038;p=28163"},"modified":"2025-10-02T17:44:22","modified_gmt":"2025-10-02T14:44:22","slug":"insize-9511-ha30-holiday-porozite-gozenek-test-cihazi","status":"publish","type":"product","link":"https:\/\/denizmtl.com\/mobilapp\/urunler\/insize-9511-ha30-holiday-porozite-gozenek-test-cihazi\/","title":{"rendered":"Insize 9511-HA30 Holiday Porozite G\u00f6zenek Test Cihaz\u0131"},"content":{"rendered":"<p>Holiday detekt\u00f6r\u00fc\u00a0<b>bir metal y\u00fczeyin anti-korozif kaplamas\u0131nda bo\u015fluk ya da bo\u015flu\u011fun konumunu belirlemek i\u00e7in kullan\u0131lan elektrikli bir cihazd\u0131r<\/b>. Holiday tespiti i\u00e7in \u00e7e\u015fitli teknikler ve cihazlar vard\u0131r. Se\u00e7ilen yol boyunca al\u00e7ak gerilim ya da y\u00fcksek gerilim uygulayarak bu i\u015flem ger\u00e7ekle\u015ftirilebilir.<\/p>\n","protected":false},"excerpt":{"rendered":"<ul>\n<li>Ayarlanabilir y\u00fcksek voltaj darbesi ile farkl\u0131 kal\u0131nl\u0131ktaki korozyon durumunu inceler.<\/li>\n<li>Darbeli y\u00fcksek voltajl\u0131 f\u0131r\u00e7a, kaplama y\u00fczeyindeki \u00e7atlak, i\u011fne deli\u011fi veya ince alan\u0131n yak\u0131n\u0131na hareket etti\u011finde bo\u015fluk gaz\u0131 olu\u015fmas\u0131na neden olur.<\/li>\n<li>Ar\u0131za ve de\u015farj k\u0131v\u0131lc\u0131m\u0131 ses ve \u0131\u015f\u0131k alarm\u0131 prob \u00fczerinde g\u00f6r\u00fcn\u00fcr ve alarm sesi kulakl\u0131kta duyulabilir.<\/li>\n<li>I\u015f\u0131k kontroll\u00fc arka ayd\u0131nlarmal\u0131 LCD ekran,<\/li>\n<li>Dahili \u015farj edilebilir pil,<\/li>\n<li>Otomatik kapanma<\/li>\n<li><a href=\"https:\/\/denizmtl.com\/wp-content\/uploads\/2023\/11\/9511-1.pdf\"><b>Pdf i\u00e7in t\u0131klay\u0131n\u0131z.<\/b><\/a><\/li>\n<\/ul>\n<p>&nbsp;<br \/>\n<a class=\"wp-iletim-button\" href=\"https:\/\/wa.me\/905422584189?text=Merhaba%2C%20https%3A%2F%2Fdenizmtl.com%2Fmobilapp%2Fwp-json%2Fwp%2Fv2%2Fproduct%2F28163%20sayfas%C4%B1ndaki%20%C3%BCr%C3%BCnle%20ilgili%20fiyat%20ve%20demo%20talep%20etmek%20istiyorum.\" target=\"_blank\" rel=\"noopener\" style=\"display:inline-block;padding:10px 16px;border-radius:6px;color:#fff;text-decoration:none;font-weight:600;background:#334862;\">F\u0130YAT VE DEMO TALEP ET<\/a>\n","protected":false},"author":1,"featured_media":28183,"comment_status":"open","ping_status":"closed","template":"","meta":[],"product_brand":[],"product_cat":[18,100,63],"product_tag":[],"class_list":{"0":"post-28163","1":"product","2":"type-product","3":"status-publish","4":"has-post-thumbnail","6":"product_cat-insize","7":"product_cat-test-cihazlari","8":"product_cat-yeni-urunler","10":"first","11":"instock","12":"shipping-taxable","13":"product-type-simple"},"_links":{"self":[{"href":"https:\/\/denizmtl.com\/mobilapp\/wp-json\/wp\/v2\/product\/28163","targetHints":{"allow":["GET"]}}],"collection":[{"href":"https:\/\/denizmtl.com\/mobilapp\/wp-json\/wp\/v2\/product"}],"about":[{"href":"https:\/\/denizmtl.com\/mobilapp\/wp-json\/wp\/v2\/types\/product"}],"author":[{"embeddable":true,"href":"https:\/\/denizmtl.com\/mobilapp\/wp-json\/wp\/v2\/users\/1"}],"replies":[{"embeddable":true,"href":"https:\/\/denizmtl.com\/mobilapp\/wp-json\/wp\/v2\/comments?post=28163"}],"wp:featuredmedia":[{"embeddable":true,"href":"https:\/\/denizmtl.com\/mobilapp\/wp-json\/wp\/v2\/media\/28183"}],"wp:attachment":[{"href":"https:\/\/denizmtl.com\/mobilapp\/wp-json\/wp\/v2\/media?parent=28163"}],"wp:term":[{"taxonomy":"product_brand","embeddable":true,"href":"https:\/\/denizmtl.com\/mobilapp\/wp-json\/wp\/v2\/product_brand?post=28163"},{"taxonomy":"product_cat","embeddable":true,"href":"https:\/\/denizmtl.com\/mobilapp\/wp-json\/wp\/v2\/product_cat?post=28163"},{"taxonomy":"product_tag","embeddable":true,"href":"https:\/\/denizmtl.com\/mobilapp\/wp-json\/wp\/v2\/product_tag?post=28163"}],"curies":[{"name":"wp","href":"https:\/\/api.w.org\/{rel}","templated":true}]}}