{"id":28147,"date":"2025-08-14T11:28:55","date_gmt":"2025-08-14T08:28:55","guid":{"rendered":"https:\/\/denizmtl.com\/mobilapp\/?post_type=product&#038;p=28147"},"modified":"2025-10-02T17:44:21","modified_gmt":"2025-10-02T14:44:21","slug":"insize-hdt-crs200-otomatik-dijital-rockwell-sertlik-olcum-cihazi","status":"publish","type":"product","link":"https:\/\/denizmtl.com\/mobilapp\/urunler\/insize-hdt-crs200-otomatik-dijital-rockwell-sertlik-olcum-cihazi\/","title":{"rendered":"Insize HDT-CRS200 Otomatik Dijital Rockwell Sertlik \u00d6l\u00e7\u00fcm Cihaz\u0131"},"content":{"rendered":"","protected":false},"excerpt":{"rendered":"<ul>\n<li>Tek tu\u015f ile \u00f6l\u00e7\u00fcm sonu\u00e7lar\u0131na ula\u015fma,<\/li>\n<li>Sertlik \u00f6l\u00e7\u00fcmlerinde tam otomasyon sa\u011flayan dirsekli yap\u0131,<\/li>\n<li>B\u00fcy\u00fck d\u00fcz tabla,<\/li>\n<li>\u00c7evrimi\u00e7i sertlik testini h\u0131zland\u0131rmak ve tamamen insans\u0131z testler ger\u00e7ekle\u015ftirmek i\u00e7in robotik kollar,<\/li>\n<li>Bluetooth, bilgisayara\u00a0 RS232 veri aktar\u0131m\u0131, sertlik y\u00f6netimi yaz\u0131l\u0131m\u0131 ile veri aktar\u0131m\u0131<\/li>\n<li><a href=\"https:\/\/denizmtl.com\/wp-content\/uploads\/2023\/11\/HDT-CRS200.pdf\"><strong>Pdf i\u00e7in t\u0131klay\u0131n\u0131z.<\/strong><\/a><\/li>\n<\/ul>\n<p>&nbsp;<br \/>\n<a class=\"wp-iletim-button\" href=\"https:\/\/wa.me\/905422584189?text=Merhaba%2C%20https%3A%2F%2Fdenizmtl.com%2Fmobilapp%2Fwp-json%2Fwp%2Fv2%2Fproduct%2F28147%20sayfas%C4%B1ndaki%20%C3%BCr%C3%BCnle%20ilgili%20fiyat%20ve%20demo%20talep%20etmek%20istiyorum.\" target=\"_blank\" rel=\"noopener\" style=\"display:inline-block;padding:10px 16px;border-radius:6px;color:#fff;text-decoration:none;font-weight:600;background:#334862;\">F\u0130YAT VE DEMO TALEP ET<\/a>\n","protected":false},"author":1,"featured_media":28174,"comment_status":"open","ping_status":"closed","template":"","meta":[],"product_brand":[],"product_cat":[18,106,100,63],"product_tag":[],"class_list":{"0":"post-28147","1":"product","2":"type-product","3":"status-publish","4":"has-post-thumbnail","6":"product_cat-insize","7":"product_cat-sertlik-olcme","8":"product_cat-test-cihazlari","9":"product_cat-yeni-urunler","11":"first","12":"instock","13":"shipping-taxable","14":"product-type-simple"},"_links":{"self":[{"href":"https:\/\/denizmtl.com\/mobilapp\/wp-json\/wp\/v2\/product\/28147","targetHints":{"allow":["GET"]}}],"collection":[{"href":"https:\/\/denizmtl.com\/mobilapp\/wp-json\/wp\/v2\/product"}],"about":[{"href":"https:\/\/denizmtl.com\/mobilapp\/wp-json\/wp\/v2\/types\/product"}],"author":[{"embeddable":true,"href":"https:\/\/denizmtl.com\/mobilapp\/wp-json\/wp\/v2\/users\/1"}],"replies":[{"embeddable":true,"href":"https:\/\/denizmtl.com\/mobilapp\/wp-json\/wp\/v2\/comments?post=28147"}],"wp:featuredmedia":[{"embeddable":true,"href":"https:\/\/denizmtl.com\/mobilapp\/wp-json\/wp\/v2\/media\/28174"}],"wp:attachment":[{"href":"https:\/\/denizmtl.com\/mobilapp\/wp-json\/wp\/v2\/media?parent=28147"}],"wp:term":[{"taxonomy":"product_brand","embeddable":true,"href":"https:\/\/denizmtl.com\/mobilapp\/wp-json\/wp\/v2\/product_brand?post=28147"},{"taxonomy":"product_cat","embeddable":true,"href":"https:\/\/denizmtl.com\/mobilapp\/wp-json\/wp\/v2\/product_cat?post=28147"},{"taxonomy":"product_tag","embeddable":true,"href":"https:\/\/denizmtl.com\/mobilapp\/wp-json\/wp\/v2\/product_tag?post=28147"}],"curies":[{"name":"wp","href":"https:\/\/api.w.org\/{rel}","templated":true}]}}