{"id":28125,"date":"2025-08-14T11:28:41","date_gmt":"2025-08-14T08:28:41","guid":{"rendered":"https:\/\/denizmtl.com\/mobilapp\/?post_type=product&#038;p=28125"},"modified":"2025-08-14T11:28:50","modified_gmt":"2025-08-14T08:28:50","slug":"insize-9414-cnc-tezgahlari-icin-kizilotesi-iletim-probu","status":"publish","type":"product","link":"https:\/\/denizmtl.com\/mobilapp\/urunler\/insize-9414-cnc-tezgahlari-icin-kizilotesi-iletim-probu\/","title":{"rendered":"Insize 9414  CNC Tezgahlar\u0131 \u0130\u00e7in K\u0131z\u0131l\u00f6tesi \u0130letim Probu"},"content":{"rendered":"","protected":false},"excerpt":{"rendered":"<ul>\n<li>Her t\u00fcrl\u00fc k\u00fc\u00e7\u00fck ve orta \u00f6l\u00e7ekli i\u015fleme merkezleri, CNC delik i\u015fleme, freze tezgahlar ve be\u015f eksenli CNC tak\u0131m tezgah \u00fcst\u00fc \u00f6l\u00e7\u00fcm\u00fc i\u00e7indir.<\/li>\n<li>CNC\u00a0 i\u015fleme i\u015fleminden \u00f6nce i\u015f par\u00e7as\u0131 koordinatlar\u0131n\u0131 ve i\u015fleme referans noktas\u0131n\u0131 otomatik olarak ayarlan\u0131r.<\/li>\n<li>CNC i\u015fleme s\u0131ras\u0131nda boyut ve konum koordinatlar\u0131 otomatik olarak \u00f6l\u00e7\u00fcl\u00fcr.<\/li>\n<li>Prob durumu, hata, d\u00fc\u015f\u00fck voltaj ve darbe gibi d\u00f6rt \u00e7e\u015fit SSR sinyali CNC tezgahlar\u0131na iletilir.<\/li>\n<li>Probun sinyal iletim aral\u0131\u011f\u0131 ayarlanabilir.<\/li>\n<li><a href=\"https:\/\/denizmtl.com\/wp-content\/uploads\/2023\/09\/9414.pdf\"><strong>Pdf i\u00e7in t\u0131klay\u0131n\u0131z.<\/strong><\/a><\/li>\n<\/ul>\n","protected":false},"author":1,"featured_media":28139,"comment_status":"open","ping_status":"closed","template":"","meta":[],"product_brand":[],"product_cat":[18,31,96,63],"product_tag":[],"class_list":{"0":"post-28125","1":"product","2":"type-product","3":"status-publish","4":"has-post-thumbnail","6":"product_cat-insize","7":"product_cat-problar","8":"product_cat-standart-olcu-aletleri","9":"product_cat-yeni-urunler","11":"first","12":"instock","13":"shipping-taxable","14":"product-type-simple"},"_links":{"self":[{"href":"https:\/\/denizmtl.com\/mobilapp\/wp-json\/wp\/v2\/product\/28125","targetHints":{"allow":["GET"]}}],"collection":[{"href":"https:\/\/denizmtl.com\/mobilapp\/wp-json\/wp\/v2\/product"}],"about":[{"href":"https:\/\/denizmtl.com\/mobilapp\/wp-json\/wp\/v2\/types\/product"}],"author":[{"embeddable":true,"href":"https:\/\/denizmtl.com\/mobilapp\/wp-json\/wp\/v2\/users\/1"}],"replies":[{"embeddable":true,"href":"https:\/\/denizmtl.com\/mobilapp\/wp-json\/wp\/v2\/comments?post=28125"}],"wp:featuredmedia":[{"embeddable":true,"href":"https:\/\/denizmtl.com\/mobilapp\/wp-json\/wp\/v2\/media\/28139"}],"wp:attachment":[{"href":"https:\/\/denizmtl.com\/mobilapp\/wp-json\/wp\/v2\/media?parent=28125"}],"wp:term":[{"taxonomy":"product_brand","embeddable":true,"href":"https:\/\/denizmtl.com\/mobilapp\/wp-json\/wp\/v2\/product_brand?post=28125"},{"taxonomy":"product_cat","embeddable":true,"href":"https:\/\/denizmtl.com\/mobilapp\/wp-json\/wp\/v2\/product_cat?post=28125"},{"taxonomy":"product_tag","embeddable":true,"href":"https:\/\/denizmtl.com\/mobilapp\/wp-json\/wp\/v2\/product_tag?post=28125"}],"curies":[{"name":"wp","href":"https:\/\/api.w.org\/{rel}","templated":true}]}}