{"id":28124,"date":"2025-08-14T11:28:41","date_gmt":"2025-08-14T08:28:41","guid":{"rendered":"https:\/\/denizmtl.com\/mobilapp\/?post_type=product&#038;p=28124"},"modified":"2025-08-14T11:28:50","modified_gmt":"2025-08-14T08:28:50","slug":"insize-9415-kizilotesi-iletimli-sifirlama-seti-5-yonlu","status":"publish","type":"product","link":"https:\/\/denizmtl.com\/mobilapp\/urunler\/insize-9415-kizilotesi-iletimli-sifirlama-seti-5-yonlu\/","title":{"rendered":"Insize 9415 K\u0131z\u0131l\u00f6tesi \u0130letimli S\u0131f\u0131rlama Seti (5 Y\u00f6nl\u00fc)"},"content":{"rendered":"","protected":false},"excerpt":{"rendered":"<ul>\n<li>Her t\u00fcrl\u00fc k\u00fc\u00e7\u00fck ve orta \u00f6l\u00e7ekli i\u015fleme merkezlerinde, CNC delik i\u015flemeye uygundur.<\/li>\n<li>Tak\u0131m uzunlu\u011fu parametreleri CNC i\u015fleme s\u00fcrecinden \u00f6nce otomatik olarak ayarlan\u0131r.<\/li>\n<li>CNC i\u015fleme s\u0131ras\u0131nda tak\u0131m a\u015f\u0131nmas\u0131n\u0131n ve hasar\u0131n\u0131 otomatik tespiti<\/li>\n<li>K\u0131z\u0131l\u00f6tesi iletim, h\u0131zl\u0131 yan\u0131t, y\u00fcksek g\u00fcvenirlik<\/li>\n<li>Pil 90 g\u00fcn boyunca s\u00fcrekli olarak kullan\u0131labilir.<\/li>\n<li>Otomatik s\u0131f\u0131r ayarlay\u0131c\u0131 yaz\u0131l\u0131m paketiyle birlikte verilir.<\/li>\n<li><a href=\"https:\/\/denizmtl.com\/wp-content\/uploads\/2023\/09\/9415.pdf\"><strong>Pdf i\u00e7in t\u0131klay\u0131n\u0131z.<\/strong><\/a><\/li>\n<\/ul>\n","protected":false},"author":1,"featured_media":28138,"comment_status":"open","ping_status":"closed","template":"","meta":[],"product_brand":[],"product_cat":[28,18,96,63],"product_tag":[],"class_list":{"0":"post-28124","1":"product","2":"type-product","3":"status-publish","4":"has-post-thumbnail","6":"product_cat-diger-olcu-aletleri","7":"product_cat-insize","8":"product_cat-standart-olcu-aletleri","9":"product_cat-yeni-urunler","11":"first","12":"instock","13":"shipping-taxable","14":"product-type-simple"},"_links":{"self":[{"href":"https:\/\/denizmtl.com\/mobilapp\/wp-json\/wp\/v2\/product\/28124","targetHints":{"allow":["GET"]}}],"collection":[{"href":"https:\/\/denizmtl.com\/mobilapp\/wp-json\/wp\/v2\/product"}],"about":[{"href":"https:\/\/denizmtl.com\/mobilapp\/wp-json\/wp\/v2\/types\/product"}],"author":[{"embeddable":true,"href":"https:\/\/denizmtl.com\/mobilapp\/wp-json\/wp\/v2\/users\/1"}],"replies":[{"embeddable":true,"href":"https:\/\/denizmtl.com\/mobilapp\/wp-json\/wp\/v2\/comments?post=28124"}],"wp:featuredmedia":[{"embeddable":true,"href":"https:\/\/denizmtl.com\/mobilapp\/wp-json\/wp\/v2\/media\/28138"}],"wp:attachment":[{"href":"https:\/\/denizmtl.com\/mobilapp\/wp-json\/wp\/v2\/media?parent=28124"}],"wp:term":[{"taxonomy":"product_brand","embeddable":true,"href":"https:\/\/denizmtl.com\/mobilapp\/wp-json\/wp\/v2\/product_brand?post=28124"},{"taxonomy":"product_cat","embeddable":true,"href":"https:\/\/denizmtl.com\/mobilapp\/wp-json\/wp\/v2\/product_cat?post=28124"},{"taxonomy":"product_tag","embeddable":true,"href":"https:\/\/denizmtl.com\/mobilapp\/wp-json\/wp\/v2\/product_tag?post=28124"}],"curies":[{"name":"wp","href":"https:\/\/api.w.org\/{rel}","templated":true}]}}