{"id":28114,"date":"2025-08-14T11:28:39","date_gmt":"2025-08-14T08:28:39","guid":{"rendered":"https:\/\/denizmtl.com\/mobilapp\/?post_type=product&#038;p=28114"},"modified":"2025-10-02T17:44:20","modified_gmt":"2025-10-02T14:44:20","slug":"insize-tgi-serisi-yari-otomatik-vida-olcme-makinesi","status":"publish","type":"product","link":"https:\/\/denizmtl.com\/mobilapp\/urunler\/insize-tgi-serisi-yari-otomatik-vida-olcme-makinesi\/","title":{"rendered":"Insize TGI Serisi Yar\u0131 Otomatik Vida \u00d6l\u00e7me Makinesi"},"content":{"rendered":"<div class=\"flex-1 overflow-hidden\">\n<div class=\"react-scroll-to-bottom--css-dxjmr-79elbk h-full dark:bg-gray-800\">\n<div class=\"react-scroll-to-bottom--css-dxjmr-1n7m0yu\">\n<div class=\"flex flex-col text-sm dark:bg-gray-800\">\n<div class=\"group w-full text-token-text-primary border-b border-black\/10 dark:border-gray-900\/50 bg-gray-50 dark:bg-[#444654]\" data-testid=\"conversation-turn-5\">\n<div class=\"p-4 justify-center text-base md:gap-6 md:py-6 m-auto\">\n<div class=\"flex flex-1 gap-4 text-base mx-auto md:gap-6 md:max-w-2xl lg:max-w-[38rem] xl:max-w-3xl }\">\n<div class=\"relative flex w-[calc(100%-50px)] flex-col gap-1 md:gap-3 lg:w-[calc(100%-115px)]\">\n<div class=\"flex flex-grow flex-col gap-3 max-w-full\">\n<div class=\"min-h-[20px] flex flex-col items-start gap-3 overflow-x-auto whitespace-pre-wrap break-words\">\n<div class=\"markdown prose w-full break-words dark:prose-invert light\">\n<div class=\"flex-1 overflow-hidden\">\n<div class=\"react-scroll-to-bottom--css-dxjmr-79elbk h-full dark:bg-gray-800\">\n<div class=\"react-scroll-to-bottom--css-dxjmr-1n7m0yu\">\n<div class=\"flex flex-col text-sm dark:bg-gray-800\">\n<div class=\"group w-full text-token-text-primary border-b border-black\/10 dark:border-gray-900\/50 bg-gray-50 dark:bg-[#444654]\" data-testid=\"conversation-turn-7\">\n<div class=\"p-4 justify-center text-base md:gap-6 md:py-6 m-auto\">\n<div class=\"flex flex-1 gap-4 text-base mx-auto md:gap-6 md:max-w-2xl lg:max-w-[38rem] xl:max-w-3xl }\">\n<div class=\"relative flex w-[calc(100%-50px)] flex-col gap-1 md:gap-3 lg:w-[calc(100%-115px)]\">\n<div class=\"flex flex-grow flex-col gap-3 max-w-full\">\n<div class=\"min-h-[20px] flex flex-col items-start gap-3 overflow-x-auto whitespace-pre-wrap break-words\">\n<div class=\"markdown prose w-full break-words dark:prose-invert light\">\n<p>Vida \u00f6l\u00e7me makinesi, vidalar\u0131n veya c\u0131vatalar\u0131n boyutlar\u0131n\u0131, \u00f6zelliklerini ve toleranslar\u0131n\u0131 \u00f6l\u00e7mek ve kontrol etmek i\u00e7in kullan\u0131lan bir \u00f6l\u00e7\u00fcm cihaz\u0131d\u0131r. Bu t\u00fcr cihazlar, vidalar\u0131n \u00fcretimi, kalite kontrol\u00fc ve test i\u015flemleri s\u0131ras\u0131nda yayg\u0131n olarak kullan\u0131l\u0131r. \u0130\u015fte vida \u00f6l\u00e7me makinesinin temel \u00f6zellikleri:<\/p>\n<ol>\n<li><strong>Boyut \u00d6l\u00e7\u00fcm\u00fc:<\/strong> Vida \u00f6l\u00e7me makinesi, vidan\u0131n uzunlu\u011fu, \u00e7ap\u0131, di\u015f ad\u0131m\u0131 ve di\u011fer boyutlar\u0131n\u0131 hassas bir \u015fekilde \u00f6l\u00e7ebilir. Bu, \u00fcretilen vidalar\u0131n spesifikasyonlara uygun olup olmad\u0131\u011f\u0131n\u0131 kontrol etmek i\u00e7in \u00f6nemlidir.<\/li>\n<li><strong>Koniklik ve Ovalite \u00d6l\u00e7\u00fcm\u00fc:<\/strong> Cihaz, vida veya c\u0131vatalar\u0131n koniklik (koni \u015feklindeki e\u011frilik) ve ovalite (yuvarlakl\u0131k) gibi geometrik \u00f6zelliklerini de \u00f6l\u00e7ebilir.<\/li>\n<li><strong>Tolerans Kontrol\u00fc:<\/strong> Vida \u00f6l\u00e7me makinesi, vidalar\u0131n belirli toleranslara uygunlu\u011funu kontrol edebilir. Toleranslar\u0131n d\u0131\u015f\u0131na \u00e7\u0131kan vidalar\u0131n ayr\u0131lmas\u0131 veya d\u00fczeltilmesi gerekebilir.<\/li>\n<li><strong>Y\u00fczey P\u00fcr\u00fczl\u00fcl\u00fc\u011f\u00fc:<\/strong> Baz\u0131 cihazlar, vida y\u00fczeylerinin p\u00fcr\u00fczl\u00fcl\u00fc\u011f\u00fcn\u00fc \u00f6l\u00e7ebilir, bu da vidan\u0131n i\u015flevselli\u011fini etkileyebilir.<\/li>\n<li><strong>H\u0131zl\u0131 ve Hassas \u00d6l\u00e7\u00fcm:<\/strong> Bu t\u00fcr makineler, vidalar\u0131 h\u0131zl\u0131 bir \u015fekilde \u00f6l\u00e7ebilir ve y\u00fcksek hassasiyetle sonu\u00e7lar elde edebilir.<\/li>\n<li><strong>Veri Kayd\u0131 ve Analiz:<\/strong> \u00d6l\u00e7\u00fclen verileri kaydetmek, analiz etmek ve sonu\u00e7lar\u0131 raporlamak i\u00e7in genellikle bir veri y\u00f6netimi ve analiz sistemi ile entegre edilmi\u015ftir.<\/li>\n<li><strong>Kalite Kontrol:<\/strong> Vida \u00f6l\u00e7me makinesi, \u00fcretim hatt\u0131nda veya kalite kontrol laboratuvarlar\u0131nda vidalar\u0131n kalitesini s\u00fcrekli olarak izlemek ve m\u00fckemmeliyeti sa\u011flamak i\u00e7in kullan\u0131l\u0131r.<\/li>\n<li><strong>Otomasyon Yetene\u011fi:<\/strong> Baz\u0131 vida \u00f6l\u00e7me makineleri, otomasyon sistemleri ile entegre edilebilir ve otomatik \u00f6l\u00e7\u00fcm ve s\u0131n\u0131fland\u0131rma i\u015flemlerini ger\u00e7ekle\u015ftirebilir.<\/li>\n<\/ol>\n<p>Bu t\u00fcr cihazlar, \u00f6zellikle otomotiv, havac\u0131l\u0131k, in\u015faat, elektronik ve di\u011fer end\u00fcstrilerde vidalar\u0131n kalite kontrol\u00fc ve \u00fcretimi i\u00e7in \u00f6nemlidir. Vidalar\u0131n do\u011fru boyutlara ve kalite standartlar\u0131na uygun olmas\u0131, \u00fcr\u00fcn g\u00fcvenilirli\u011fi ve performans\u0131 i\u00e7in kritik \u00f6neme sahiptir.<\/p>\n<\/div>\n<\/div>\n<\/div>\n<\/div>\n<\/div>\n<\/div>\n<\/div>\n<\/div>\n<\/div>\n<\/div>\n<\/div>\n<\/div>\n<\/div>\n<\/div>\n<\/div>\n<\/div>\n<\/div>\n<\/div>\n<\/div>\n<\/div>\n<\/div>\n<\/div>\n<div class=\"absolute bottom-0 left-0 w-full border-t md:border-t-0 dark:border-white\/20 md:border-transparent md:dark:border-transparent md:bg-vert-light-gradient bg-white dark:bg-gray-800 md:!bg-transparent dark:md:bg-vert-dark-gradient pt-2 md:pl-2 md:w-[calc(100%-.5rem)]\">\n<form class=\"stretch mx-2 flex flex-row gap-3 last:mb-2 md:mx-4 md:last:mb-6 lg:mx-auto lg:max-w-2xl xl:max-w-3xl\">\n<div class=\"relative flex h-full flex-1 items-stretch md:flex-col\">\n<div>\n<div class=\"h-full flex ml-1 md:w-full md:m-auto md:mb-4 gap-0 md:gap-2 justify-center\"><\/div>\n<\/div>\n<\/div>\n<\/form>\n<\/div>\n","protected":false},"excerpt":{"rendered":"<ul>\n<li>H\u0131z ve tork ayarlanabilir.<\/li>\n<li>Ters d\u00fc\u011fmesi: Anormal vida tespit edilirse vida mastar\u0131 s\u0131k\u0131\u015facakt\u0131r.<\/li>\n<li>Farkl\u0131 di\u015f mastar\u0131 ve i\u015f par\u00e7as\u0131 fiks\u00fcrleri de\u011fi\u015ftirilebilir.<\/li>\n<li>DLC kaplamal\u0131 di\u015f mastarlar\u0131, m\u00fckemmel a\u015f\u0131nma s\u00fcreci<\/li>\n<li><a href=\"https:\/\/denizmtl.com\/wp-content\/uploads\/2023\/09\/TGI.pdf\"><strong>Pdf i\u00e7in t\u0131klay\u0131n\u0131z.<\/strong><\/a><\/li>\n<\/ul>\n<p>&nbsp;<br \/>\n<a class=\"wp-iletim-button\" href=\"https:\/\/wa.me\/905422584189?text=Merhaba%2C%20https%3A%2F%2Fdenizmtl.com%2Fmobilapp%2Fwp-json%2Fwp%2Fv2%2Fproduct%2F28114%20sayfas%C4%B1ndaki%20%C3%BCr%C3%BCnle%20ilgili%20fiyat%20ve%20demo%20talep%20etmek%20istiyorum.\" target=\"_blank\" rel=\"noopener\" style=\"display:inline-block;padding:10px 16px;border-radius:6px;color:#fff;text-decoration:none;font-weight:600;background:#334862;\">F\u0130YAT VE DEMO TALEP ET<\/a>\n","protected":false},"author":1,"featured_media":28131,"comment_status":"open","ping_status":"closed","template":"","meta":[],"product_brand":[],"product_cat":[18,100,63],"product_tag":[],"class_list":{"0":"post-28114","1":"product","2":"type-product","3":"status-publish","4":"has-post-thumbnail","6":"product_cat-insize","7":"product_cat-test-cihazlari","8":"product_cat-yeni-urunler","10":"first","11":"instock","12":"shipping-taxable","13":"product-type-simple"},"_links":{"self":[{"href":"https:\/\/denizmtl.com\/mobilapp\/wp-json\/wp\/v2\/product\/28114","targetHints":{"allow":["GET"]}}],"collection":[{"href":"https:\/\/denizmtl.com\/mobilapp\/wp-json\/wp\/v2\/product"}],"about":[{"href":"https:\/\/denizmtl.com\/mobilapp\/wp-json\/wp\/v2\/types\/product"}],"author":[{"embeddable":true,"href":"https:\/\/denizmtl.com\/mobilapp\/wp-json\/wp\/v2\/users\/1"}],"replies":[{"embeddable":true,"href":"https:\/\/denizmtl.com\/mobilapp\/wp-json\/wp\/v2\/comments?post=28114"}],"wp:featuredmedia":[{"embeddable":true,"href":"https:\/\/denizmtl.com\/mobilapp\/wp-json\/wp\/v2\/media\/28131"}],"wp:attachment":[{"href":"https:\/\/denizmtl.com\/mobilapp\/wp-json\/wp\/v2\/media?parent=28114"}],"wp:term":[{"taxonomy":"product_brand","embeddable":true,"href":"https:\/\/denizmtl.com\/mobilapp\/wp-json\/wp\/v2\/product_brand?post=28114"},{"taxonomy":"product_cat","embeddable":true,"href":"https:\/\/denizmtl.com\/mobilapp\/wp-json\/wp\/v2\/product_cat?post=28114"},{"taxonomy":"product_tag","embeddable":true,"href":"https:\/\/denizmtl.com\/mobilapp\/wp-json\/wp\/v2\/product_tag?post=28114"}],"curies":[{"name":"wp","href":"https:\/\/api.w.org\/{rel}","templated":true}]}}