{"id":28103,"date":"2025-08-14T11:28:37","date_gmt":"2025-08-14T08:28:37","guid":{"rendered":"https:\/\/denizmtl.com\/mobilapp\/?post_type=product&#038;p=28103"},"modified":"2025-10-02T17:44:30","modified_gmt":"2025-10-02T14:44:30","slug":"insize-cmm-cm-be-hp-cmm-olcum-kolu","status":"publish","type":"product","link":"https:\/\/denizmtl.com\/mobilapp\/urunler\/insize-cmm-cm-be-hp-cmm-olcum-kolu\/","title":{"rendered":"Insize CMM-CM \/ BE \/ HP CMM \u00d6l\u00e7\u00fcm Kolu"},"content":{"rendered":"<p><img loading=\"lazy\" decoding=\"async\" class=\"size-full wp-image-15173 aligncenter\" src=\"https:\/\/denizmtl.com\/wp-content\/uploads\/2023\/08\/CMM-CM-VARYASYONLAR.png\" alt=\"\" width=\"756\" height=\"656\" srcset=\"https:\/\/denizmtl.com\/mobilapp\/wp-content\/uploads\/2023\/08\/CMM-CM-VARYASYONLAR.png 756w, https:\/\/denizmtl.com\/mobilapp\/wp-content\/uploads\/2023\/08\/CMM-CM-VARYASYONLAR-300x260.png 300w\" sizes=\"auto, (max-width: 756px) 100vw, 756px\" \/><\/p>\n","protected":false},"excerpt":{"rendered":"<ul>\n<li>ISO 10360-12 ye uygundur.<\/li>\n<li>\u0130\u00e7 denge<\/li>\n<li>\u0130kili y\u00fcksek performansl\u0131 batarya<\/li>\n<li>E\u015fde\u011fer kollu tasar\u0131m<\/li>\n<li>Y\u00fcksek h\u0131zl\u0131 Wifi ba\u011flant\u0131s\u0131<\/li>\n<li>Otomatik kapanma<\/li>\n<li>U \u015feklinde \u00e7arp\u0131\u015fma \u00f6nleyici taban<\/li>\n<li><a href=\"https:\/\/denizmtl.com\/wp-content\/uploads\/2023\/08\/CMM-CM-1.pdf\"><strong>Pdf i\u00e7in t\u0131klay\u0131n\u0131z.<\/strong><\/a><\/li>\n<\/ul>\n<p>&nbsp;<br \/>\n<a class=\"wp-iletim-button\" href=\"https:\/\/wa.me\/905422584189?text=Merhaba%2C%20https%3A%2F%2Fdenizmtl.com%2Fmobilapp%2Fwp-json%2Fwp%2Fv2%2Fproduct%2F28103%20sayfas%C4%B1ndaki%20%C3%BCr%C3%BCnle%20ilgili%20fiyat%20ve%20demo%20talep%20etmek%20istiyorum.\" target=\"_blank\" rel=\"noopener\" style=\"display:inline-block;padding:10px 16px;border-radius:6px;color:#fff;text-decoration:none;font-weight:600;background:#334862;\">F\u0130YAT VE DEMO TALEP ET<\/a>\n","protected":false},"author":1,"featured_media":28127,"comment_status":"open","ping_status":"closed","template":"","meta":[],"product_brand":[],"product_cat":[110,18,63],"product_tag":[],"class_list":{"0":"post-28103","1":"product","2":"type-product","3":"status-publish","4":"has-post-thumbnail","6":"product_cat-diger-olcum-cihazlari","7":"product_cat-insize","8":"product_cat-yeni-urunler","10":"first","11":"instock","12":"shipping-taxable","13":"product-type-variable"},"_links":{"self":[{"href":"https:\/\/denizmtl.com\/mobilapp\/wp-json\/wp\/v2\/product\/28103","targetHints":{"allow":["GET"]}}],"collection":[{"href":"https:\/\/denizmtl.com\/mobilapp\/wp-json\/wp\/v2\/product"}],"about":[{"href":"https:\/\/denizmtl.com\/mobilapp\/wp-json\/wp\/v2\/types\/product"}],"author":[{"embeddable":true,"href":"https:\/\/denizmtl.com\/mobilapp\/wp-json\/wp\/v2\/users\/1"}],"replies":[{"embeddable":true,"href":"https:\/\/denizmtl.com\/mobilapp\/wp-json\/wp\/v2\/comments?post=28103"}],"wp:featuredmedia":[{"embeddable":true,"href":"https:\/\/denizmtl.com\/mobilapp\/wp-json\/wp\/v2\/media\/28127"}],"wp:attachment":[{"href":"https:\/\/denizmtl.com\/mobilapp\/wp-json\/wp\/v2\/media?parent=28103"}],"wp:term":[{"taxonomy":"product_brand","embeddable":true,"href":"https:\/\/denizmtl.com\/mobilapp\/wp-json\/wp\/v2\/product_brand?post=28103"},{"taxonomy":"product_cat","embeddable":true,"href":"https:\/\/denizmtl.com\/mobilapp\/wp-json\/wp\/v2\/product_cat?post=28103"},{"taxonomy":"product_tag","embeddable":true,"href":"https:\/\/denizmtl.com\/mobilapp\/wp-json\/wp\/v2\/product_tag?post=28103"}],"curies":[{"name":"wp","href":"https:\/\/api.w.org\/{rel}","templated":true}]}}