{"id":28078,"date":"2025-08-14T11:28:24","date_gmt":"2025-08-14T08:28:24","guid":{"rendered":"https:\/\/denizmtl.com\/mobilapp\/?post_type=product&#038;p=28078"},"modified":"2025-10-02T17:44:29","modified_gmt":"2025-10-02T14:44:29","slug":"insize-9413-cnc-tezgahlari-icin-kizilotesi-iletim-probu","status":"publish","type":"product","link":"https:\/\/denizmtl.com\/mobilapp\/urunler\/insize-9413-cnc-tezgahlari-icin-kizilotesi-iletim-probu\/","title":{"rendered":"Insize 9413 CNC Tezgahlar\u0131 \u0130\u00e7in K\u0131z\u0131l\u00f6tesi \u0130letim Probu"},"content":{"rendered":"","protected":false},"excerpt":{"rendered":"<ul>\n<li>Her t\u00fcrl\u00fc k\u00fc\u00e7\u00fck ve orta \u00f6l\u00e7ekli i\u015fleme merkezlerinin, CNC delme, freze makinelerinin ve be\u015f eksenli CNC tak\u0131m tezgahlar\u0131n\u0131n makine \u00fczerinde \u00f6l\u00e7\u00fcm\u00fc yap\u0131labilir.<\/li>\n<li>Prob durumu, hata, d\u00fc\u015f\u00fck voltaj ve darbe gibi farkl\u0131 SSR sinyali CNC tak\u0131m tezgahlar\u0131na iletilir.<\/li>\n<li>M kodu, problar\u0131n a\u00e7\u0131l\u0131p kapanmas\u0131 kontrol etmek i\u00e7in kullan\u0131l\u0131r.<\/li>\n<li>K\u0131z\u0131l\u00f6tesi iletim, g\u00fc\u00e7l\u00fc parazit \u00f6nleyici<\/li>\n<li>K\u0131z\u0131l \u00f6tesi alma aral\u0131\u011f\u0131 5m<\/li>\n<li>Otomatik \u00f6l\u00e7\u00fcm yaz\u0131l\u0131m\u0131 ile birlikte verilir.<\/li>\n<li><a href=\"https:\/\/denizmtl.com\/wp-content\/uploads\/2023\/08\/9413.pdf\"><strong>Pdf i\u00e7in t\u0131klay\u0131n\u0131z.<\/strong><\/a><\/li>\n<\/ul>\n<p>&nbsp;<br \/>\n<a class=\"wp-iletim-button\" href=\"https:\/\/wa.me\/905422584189?text=Merhaba%2C%20https%3A%2F%2Fdenizmtl.com%2Fmobilapp%2Fwp-json%2Fwp%2Fv2%2Fproduct%2F28078%20sayfas%C4%B1ndaki%20%C3%BCr%C3%BCnle%20ilgili%20fiyat%20ve%20demo%20talep%20etmek%20istiyorum.\" target=\"_blank\" rel=\"noopener\" style=\"display:inline-block;padding:10px 16px;border-radius:6px;color:#fff;text-decoration:none;font-weight:600;background:#334862;\">F\u0130YAT VE DEMO TALEP ET<\/a>\n","protected":false},"author":1,"featured_media":28093,"comment_status":"open","ping_status":"closed","template":"","meta":[],"product_brand":[],"product_cat":[18,31,96,100],"product_tag":[],"class_list":{"0":"post-28078","1":"product","2":"type-product","3":"status-publish","4":"has-post-thumbnail","6":"product_cat-insize","7":"product_cat-problar","8":"product_cat-standart-olcu-aletleri","9":"product_cat-test-cihazlari","11":"first","12":"instock","13":"shipping-taxable","14":"product-type-variable"},"_links":{"self":[{"href":"https:\/\/denizmtl.com\/mobilapp\/wp-json\/wp\/v2\/product\/28078","targetHints":{"allow":["GET"]}}],"collection":[{"href":"https:\/\/denizmtl.com\/mobilapp\/wp-json\/wp\/v2\/product"}],"about":[{"href":"https:\/\/denizmtl.com\/mobilapp\/wp-json\/wp\/v2\/types\/product"}],"author":[{"embeddable":true,"href":"https:\/\/denizmtl.com\/mobilapp\/wp-json\/wp\/v2\/users\/1"}],"replies":[{"embeddable":true,"href":"https:\/\/denizmtl.com\/mobilapp\/wp-json\/wp\/v2\/comments?post=28078"}],"wp:featuredmedia":[{"embeddable":true,"href":"https:\/\/denizmtl.com\/mobilapp\/wp-json\/wp\/v2\/media\/28093"}],"wp:attachment":[{"href":"https:\/\/denizmtl.com\/mobilapp\/wp-json\/wp\/v2\/media?parent=28078"}],"wp:term":[{"taxonomy":"product_brand","embeddable":true,"href":"https:\/\/denizmtl.com\/mobilapp\/wp-json\/wp\/v2\/product_brand?post=28078"},{"taxonomy":"product_cat","embeddable":true,"href":"https:\/\/denizmtl.com\/mobilapp\/wp-json\/wp\/v2\/product_cat?post=28078"},{"taxonomy":"product_tag","embeddable":true,"href":"https:\/\/denizmtl.com\/mobilapp\/wp-json\/wp\/v2\/product_tag?post=28078"}],"curies":[{"name":"wp","href":"https:\/\/api.w.org\/{rel}","templated":true}]}}