{"id":28077,"date":"2025-08-14T11:28:23","date_gmt":"2025-08-14T08:28:23","guid":{"rendered":"https:\/\/denizmtl.com\/mobilapp\/?post_type=product&#038;p=28077"},"modified":"2025-10-02T17:44:19","modified_gmt":"2025-10-02T14:44:19","slug":"insize-hdt-b430-kalem-tip-leeb-sertlik-olcer-standart-model","status":"publish","type":"product","link":"https:\/\/denizmtl.com\/mobilapp\/urunler\/insize-hdt-b430-kalem-tip-leeb-sertlik-olcer-standart-model\/","title":{"rendered":"Insize HDT-B430 Kalem Tip Leeb Sertlik \u00d6l\u00e7er (Standart Model )"},"content":{"rendered":"<p data-section-id=\"572of0\" data-start=\"209\" data-end=\"299\"><strong data-start=\"216\" data-end=\"299\">INSIZE HDT-B430 Kalem Tip Leeb Sertlik \u00d6l\u00e7er (Standart Model)\u00a0<\/strong><\/p>\n<p data-section-id=\"572of0\" data-start=\"209\" data-end=\"299\">INSIZE HDT-B430 kalem tip Leeb sertlik \u00f6l\u00e7\u00fcm cihaz\u0131; ta\u015f\u0131nabilir tasar\u0131m\u0131, \u00e7oklu sertlik d\u00f6n\u00fc\u015f\u00fcm\u00fc, Bluetooth veri aktar\u0131m\u0131 ve y\u00fcksek hassasiyeti ile sahada h\u0131zl\u0131 ve g\u00fcvenilir sertlik testi sa\u011flar.Kompakt yap\u0131s\u0131 ve geni\u015f \u00f6l\u00e7\u00fcm kapasitesi sayesinde, \u00fcretim hatt\u0131nda ve sahada pratik, h\u0131zl\u0131 ve do\u011fru sertlik testleri ger\u00e7ekle\u015ftirmek isteyen profesyoneller i\u00e7in ideal bir \u00e7\u00f6z\u00fcmd\u00fcr.<\/p>\n<p data-start=\"592\" data-end=\"890\"><strong data-start=\"592\" data-end=\"627\">Leeb sertlik test y\u00f6ntemi (HLD)<\/strong> ile \u00e7al\u0131\u015fan HDT-B430, Brinell (HB), Vickers (HV), Rockwell (HRC, HRB, HRA), Shore (HS) ve \u00e7ekme dayan\u0131m\u0131 (\u03c3b) gibi farkl\u0131 sertlik birimlerine otomatik d\u00f6n\u00fc\u015f\u00fcm sa\u011flayabilir. Bu \u00f6zelli\u011fi sayesinde bir\u00e7ok malzeme t\u00fcr\u00fcnde kar\u015f\u0131la\u015ft\u0131rmal\u0131 analiz yapmaya olanak tan\u0131r.<\/p>\n<p data-start=\"892\" data-end=\"1186\">OLED ekran\u0131 sayesinde kullan\u0131c\u0131ya y\u00fcksek kontrastl\u0131 ve kolay okunabilir bir aray\u00fcz sunar. Cihaz \u00fczerinde bulunan <strong data-start=\"1005\" data-end=\"1028\">b\u00fcy\u00fck karakter modu<\/strong>, <strong data-start=\"1030\" data-end=\"1061\">istatistiksel g\u00f6sterim modu<\/strong>, <strong data-start=\"1063\" data-end=\"1079\">ortalama mod<\/strong> ve <strong data-start=\"1083\" data-end=\"1099\">standart mod<\/strong> gibi farkl\u0131 ekran d\u00fczenleri sayesinde \u00f6l\u00e7\u00fcm sonu\u00e7lar\u0131n\u0131 analiz etmek olduk\u00e7a kolayd\u0131r.<\/p>\n<p data-section-id=\"1fjqtv5\" data-start=\"1188\" data-end=\"1230\"><strong>Teknik \u00d6zellikler ve Avantajlar<\/strong><\/p>\n<ul>\n<li data-start=\"1234\" data-end=\"1303\"><strong data-start=\"1234\" data-end=\"1252\">\u00d6l\u00e7\u00fcm Aral\u0131\u011f\u0131:<\/strong> HLD170-960, HRB21-97, HRC13-69, HB30-655, HV80-940<\/li>\n<li data-start=\"1306\" data-end=\"1428\"><strong data-start=\"1306\" data-end=\"1330\">D\u00f6n\u00fc\u015f\u00fcm Se\u00e7enekleri:<\/strong> Leeb (HL), Vickers (HV), Brinell (HB), Rockwell (HRC, HRB, HRA), Shore (HS), \u00e7ekme dayan\u0131m\u0131 (MPa)<\/li>\n<li data-start=\"1431\" data-end=\"1511\"><strong data-start=\"1431\" data-end=\"1452\">Uygun \u0130\u015f Par\u00e7as\u0131:<\/strong> Min. kal\u0131nl\u0131k: 5 mm, min. a\u011f\u0131rl\u0131k: 2 kg (sabit destek ile)<\/li>\n<li data-start=\"1514\" data-end=\"1564\"><strong data-start=\"1514\" data-end=\"1536\">Haf\u0131za Kapasitesi:<\/strong> 100 \u00f6l\u00e7\u00fcm seti saklanabilir<\/li>\n<li data-start=\"1567\" data-end=\"1634\"><strong data-start=\"1567\" data-end=\"1585\">Veri Aktar\u0131m\u0131:<\/strong> USB ve Bluetooth \u00fczerinden PC yaz\u0131l\u0131m\u0131na aktar\u0131m<\/li>\n<li data-start=\"1637\" data-end=\"1675\"><strong data-start=\"1637\" data-end=\"1659\">\u00c7al\u0131\u015fma S\u0131cakl\u0131\u011f\u0131:<\/strong> -20\u00b0C ile +50\u00b0C<\/li>\n<li data-start=\"1678\" data-end=\"1739\"><strong data-start=\"1678\" data-end=\"1694\">G\u00fc\u00e7 Kayna\u011f\u0131:<\/strong> 3.7V \u015farjl\u0131 Li-ion batarya, AC adapt\u00f6r dahil<\/li>\n<li data-start=\"1742\" data-end=\"1818\"><strong data-start=\"1742\" data-end=\"1768\">Otomatik fonksiyonlar:<\/strong> Maksimum, minimum ve ortalama de\u011fer hesaplamalar\u0131<\/li>\n<\/ul>\n<p data-start=\"1820\" data-end=\"2076\">Cihaz ile birlikte <strong data-start=\"1839\" data-end=\"1861\">sertlik test blo\u011fu<\/strong>, <strong data-start=\"1863\" data-end=\"1884\">temizleme f\u0131r\u00e7as\u0131<\/strong>, <strong data-start=\"1886\" data-end=\"1903\">AC\/DC adapt\u00f6r<\/strong>, <strong data-start=\"1905\" data-end=\"1929\">USB ba\u011flant\u0131 kablosu<\/strong>, <strong data-start=\"1931\" data-end=\"1942\">yaz\u0131l\u0131m<\/strong> ve <strong data-start=\"1946\" data-end=\"1964\">ta\u015f\u0131ma \u00e7antas\u0131<\/strong> standart olarak sunulmaktad\u0131r. Ek olarak, opsiyonel DL problar, destek halkalar\u0131 ve yaz\u0131c\u0131 da temin edilebilir.<\/p>\n<p data-section-id=\"1y60mq2\" data-start=\"2078\" data-end=\"2111\"><strong>Neden INSIZE HDT-B430?<\/strong><\/p>\n<ul>\n<li data-start=\"2115\" data-end=\"2166\">End\u00fcstriyel sahalarda h\u0131zl\u0131 ve kolay ta\u015f\u0131nabilirlik<\/li>\n<li data-start=\"2169\" data-end=\"2198\">Geni\u015f sertlik skalas\u0131 deste\u011fi<\/li>\n<li data-start=\"2201\" data-end=\"2264\">\u00c7oklu modlar sayesinde kullan\u0131c\u0131ya esnek okuma ve analiz imk\u00e2n\u0131<\/li>\n<li data-start=\"2267\" data-end=\"2323\">\u0130statistiksel analiz kabiliyeti ve veri aktar\u0131m\u0131 deste\u011fi<\/li>\n<li data-start=\"2326\" data-end=\"2390\">Pratik men\u00fc yap\u0131s\u0131 ve y\u00fcksek dayan\u0131kl\u0131l\u0131kla uzun \u00f6m\u00fcrl\u00fc kullan\u0131m<\/li>\n<\/ul>\n<p data-start=\"2392\" data-end=\"2569\">Bu cihaz, \u00fcretim tesisleri, \u0131s\u0131l i\u015flem merkezleri, metalurji laboratuvarlar\u0131 ve kalite kontrol departmanlar\u0131nda hassasiyet gerektiren \u00f6l\u00e7\u00fcm ihtiya\u00e7lar\u0131na do\u011frudan \u00e7\u00f6z\u00fcm sunar.<\/p>\n","protected":false},"excerpt":{"rendered":"<ul>\n<li>Darbe cihaz\u0131 (D) dahildir.<\/li>\n<li>Y\u00fcksek konstrastl\u0131 LED ekran<\/li>\n<li>Vickers (HV),Brinell (HB), Rockwell (HRC,HRA, HRB) &#8216;ye d\u00f6n\u00fc\u015ft\u00fcr\u00fclen Leeb ( HLD) temel al\u0131narak shore (HS) ve gerilme mukavemeti.<\/li>\n<li>\u0130kili de\u011fer ekran\u0131, hem Leeb hem de di\u011fer d\u00f6n\u00fc\u015ft\u00fcr\u00fclme de\u011ferlerini g\u00f6sterir.<\/li>\n<li>Test y\u00f6n\u00fcn\u00fc ayarlamaya gerek yoktur.<\/li>\n<li>Her biri 100 \u00f6l\u00e7\u00fcm verisi i\u00e7eren 31 dosya kaydedilebilir.<\/li>\n<li>Maksimum, minimum, ortalama de\u011feri otomatik olarak hesaplar.<\/li>\n<li>USB veya bluetooth ile bilgisayara ba\u011flanabilir.<\/li>\n<li>\u00c7al\u0131\u015fma s\u0131cakl\u0131k aral\u0131\u011f\u0131: -20 \u00b0C \/45 \u00b0 C<\/li>\n<li><a href=\"https:\/\/denizmtl.com\/wp-content\/uploads\/2023\/08\/HDT-B430.pdf\"><strong>Pdf i\u00e7in t\u0131klay\u0131n\u0131z.<\/strong><\/a><\/li>\n<\/ul>\n<p>&nbsp;<br \/>\n<a class=\"wp-iletim-button\" href=\"https:\/\/wa.me\/905422584189?text=Merhaba%2C%20https%3A%2F%2Fdenizmtl.com%2Fmobilapp%2Fwp-json%2Fwp%2Fv2%2Fproduct%2F28077%20sayfas%C4%B1ndaki%20%C3%BCr%C3%BCnle%20ilgili%20fiyat%20ve%20demo%20talep%20etmek%20istiyorum.\" target=\"_blank\" rel=\"noopener\" style=\"display:inline-block;padding:10px 16px;border-radius:6px;color:#fff;text-decoration:none;font-weight:600;background:#334862;\">F\u0130YAT VE DEMO TALEP ET<\/a>\n","protected":false},"author":1,"featured_media":28092,"comment_status":"open","ping_status":"closed","template":"","meta":[],"product_brand":[],"product_cat":[18,114,106,100,63],"product_tag":[],"class_list":{"0":"post-28077","1":"product","2":"type-product","3":"status-publish","4":"has-post-thumbnail","6":"product_cat-insize","7":"product_cat-portatif-test-cihazlari","8":"product_cat-sertlik-olcme","9":"product_cat-test-cihazlari","10":"product_cat-yeni-urunler","12":"first","13":"instock","14":"shipping-taxable","15":"product-type-simple"},"_links":{"self":[{"href":"https:\/\/denizmtl.com\/mobilapp\/wp-json\/wp\/v2\/product\/28077","targetHints":{"allow":["GET"]}}],"collection":[{"href":"https:\/\/denizmtl.com\/mobilapp\/wp-json\/wp\/v2\/product"}],"about":[{"href":"https:\/\/denizmtl.com\/mobilapp\/wp-json\/wp\/v2\/types\/product"}],"author":[{"embeddable":true,"href":"https:\/\/denizmtl.com\/mobilapp\/wp-json\/wp\/v2\/users\/1"}],"replies":[{"embeddable":true,"href":"https:\/\/denizmtl.com\/mobilapp\/wp-json\/wp\/v2\/comments?post=28077"}],"wp:featuredmedia":[{"embeddable":true,"href":"https:\/\/denizmtl.com\/mobilapp\/wp-json\/wp\/v2\/media\/28092"}],"wp:attachment":[{"href":"https:\/\/denizmtl.com\/mobilapp\/wp-json\/wp\/v2\/media?parent=28077"}],"wp:term":[{"taxonomy":"product_brand","embeddable":true,"href":"https:\/\/denizmtl.com\/mobilapp\/wp-json\/wp\/v2\/product_brand?post=28077"},{"taxonomy":"product_cat","embeddable":true,"href":"https:\/\/denizmtl.com\/mobilapp\/wp-json\/wp\/v2\/product_cat?post=28077"},{"taxonomy":"product_tag","embeddable":true,"href":"https:\/\/denizmtl.com\/mobilapp\/wp-json\/wp\/v2\/product_tag?post=28077"}],"curies":[{"name":"wp","href":"https:\/\/api.w.org\/{rel}","templated":true}]}}