{"id":28072,"date":"2025-08-14T11:28:22","date_gmt":"2025-08-14T08:28:22","guid":{"rendered":"https:\/\/denizmtl.com\/mobilapp\/?post_type=product&#038;p=28072"},"modified":"2025-10-02T17:44:27","modified_gmt":"2025-10-02T14:44:27","slug":"insize-hdt-rt-otomatik-dijital-rockwell-sertlik-olcer","status":"publish","type":"product","link":"https:\/\/denizmtl.com\/mobilapp\/urunler\/insize-hdt-rt-otomatik-dijital-rockwell-sertlik-olcer\/","title":{"rendered":"Insize HDT-RT Otomatik Dijital Rockwell Sertlik \u00d6l\u00e7er"},"content":{"rendered":"<p><img loading=\"lazy\" decoding=\"async\" class=\"size-full wp-image-15076 aligncenter\" src=\"https:\/\/denizmtl.com\/wp-content\/uploads\/2023\/08\/Resim...png\" alt=\"\" width=\"756\" height=\"408\" srcset=\"https:\/\/denizmtl.com\/mobilapp\/wp-content\/uploads\/2023\/08\/Resim...png 756w, https:\/\/denizmtl.com\/mobilapp\/wp-content\/uploads\/2023\/08\/Resim..-300x162.png 300w\" sizes=\"auto, (max-width: 756px) 100vw, 756px\" \/><\/p>\n","protected":false},"excerpt":{"rendered":"<ul>\n<li>Elektronik y\u00fckleme testi kuvveti, y\u00fcksek kuvvet de\u011fer do\u011frulu\u011fu ve kararl\u0131 \u00f6l\u00e7\u00fcm sistemleri<\/li>\n<li>Dokunmatik ekran kullan\u0131m\u0131<\/li>\n<li>Basit kullan\u0131m aray\u00fcz\u00fc<\/li>\n<li>HB ve HV givi \u00e7e\u015fitli sertlik standartlar\u0131na d\u00f6n\u00fc\u015ft\u00fcr\u00fclebilir.<\/li>\n<li>500 set depolama kapasitesi<\/li>\n<li>D\u00fczeltme fonksiyonu ile, sertlik de\u011feri silindirlerin boyutuna g\u00f6re d\u00fczenlenebilir.<\/li>\n<li>ISO 6508 e uygun \u00fcretilmi\u015ftir.<\/li>\n<li><a href=\"https:\/\/denizmtl.com\/wp-content\/uploads\/2023\/08\/HDT-RT151.pdf\"><strong>Pdf i\u00e7in t\u0131klay\u0131n\u0131z.<\/strong><\/a><\/li>\n<\/ul>\n<p>&nbsp;<br \/>\n<a class=\"wp-iletim-button\" href=\"https:\/\/wa.me\/905422584189?text=Merhaba%2C%20https%3A%2F%2Fdenizmtl.com%2Fmobilapp%2Fwp-json%2Fwp%2Fv2%2Fproduct%2F28072%20sayfas%C4%B1ndaki%20%C3%BCr%C3%BCnle%20ilgili%20fiyat%20ve%20demo%20talep%20etmek%20istiyorum.\" target=\"_blank\" rel=\"noopener\" style=\"display:inline-block;padding:10px 16px;border-radius:6px;color:#fff;text-decoration:none;font-weight:600;background:#334862;\">F\u0130YAT VE DEMO TALEP ET<\/a>\n","protected":false},"author":1,"featured_media":28090,"comment_status":"open","ping_status":"closed","template":"","meta":[],"product_brand":[],"product_cat":[18,106,100,63],"product_tag":[],"class_list":{"0":"post-28072","1":"product","2":"type-product","3":"status-publish","4":"has-post-thumbnail","6":"product_cat-insize","7":"product_cat-sertlik-olcme","8":"product_cat-test-cihazlari","9":"product_cat-yeni-urunler","11":"first","12":"instock","13":"shipping-taxable","14":"product-type-variable"},"_links":{"self":[{"href":"https:\/\/denizmtl.com\/mobilapp\/wp-json\/wp\/v2\/product\/28072","targetHints":{"allow":["GET"]}}],"collection":[{"href":"https:\/\/denizmtl.com\/mobilapp\/wp-json\/wp\/v2\/product"}],"about":[{"href":"https:\/\/denizmtl.com\/mobilapp\/wp-json\/wp\/v2\/types\/product"}],"author":[{"embeddable":true,"href":"https:\/\/denizmtl.com\/mobilapp\/wp-json\/wp\/v2\/users\/1"}],"replies":[{"embeddable":true,"href":"https:\/\/denizmtl.com\/mobilapp\/wp-json\/wp\/v2\/comments?post=28072"}],"wp:featuredmedia":[{"embeddable":true,"href":"https:\/\/denizmtl.com\/mobilapp\/wp-json\/wp\/v2\/media\/28090"}],"wp:attachment":[{"href":"https:\/\/denizmtl.com\/mobilapp\/wp-json\/wp\/v2\/media?parent=28072"}],"wp:term":[{"taxonomy":"product_brand","embeddable":true,"href":"https:\/\/denizmtl.com\/mobilapp\/wp-json\/wp\/v2\/product_brand?post=28072"},{"taxonomy":"product_cat","embeddable":true,"href":"https:\/\/denizmtl.com\/mobilapp\/wp-json\/wp\/v2\/product_cat?post=28072"},{"taxonomy":"product_tag","embeddable":true,"href":"https:\/\/denizmtl.com\/mobilapp\/wp-json\/wp\/v2\/product_tag?post=28072"}],"curies":[{"name":"wp","href":"https:\/\/api.w.org\/{rel}","templated":true}]}}